{"id":6007,"date":"2019-07-05T02:30:52","date_gmt":"2019-07-05T00:30:52","guid":{"rendered":"https:\/\/enera-solar.com\/?post_type=product&#038;p=6007"},"modified":"2024-10-16T21:33:23","modified_gmt":"2024-10-16T19:33:23","slug":"source-de-chauffage-dappoint","status":"publish","type":"product","link":"https:\/\/enera-solar.com\/fr\/magasin\/source-de-chauffage-dappoint\/","title":{"rendered":"Chauffage \u00e9lectrique pour chauffage d&#039;appoint 1500w"},"content":{"rendered":"<p><strong>Manuels d&#039;installation et plus d&#039;informations<\/strong><\/p>\n<p><a class=\"maxbutton-1 maxbutton maxbutton-technical-data-sheet-manual\" href=\"\/download\/\"><span class='mb-text'>ZONE DE T\u00c9L\u00c9CHARGEMENT ENERA<\/span><\/a><\/p>","protected":false},"excerpt":{"rendered":"<p>Le radiateur \u00e9lectrique \u00e0 installer dans les thermosiphons EneraPro, EneraS et EneraX pour un chauffage contr\u00f4l\u00e9 de l&#039;eau. Id\u00e9al pour les modes programmeurs num\u00e9riques SR609 et SR81. Jack 1 pouce (m\u00e2le). 1500W.<\/p>","protected":false},"featured_media":6008,"template":"","meta":[],"product_brand":[],"product_cat":[60,58],"product_tag":[],"class_list":{"0":"post-6007","1":"product","2":"type-product","3":"status-publish","4":"has-post-thumbnail","6":"product_cat-hws","7":"product_cat-components","8":"product_shipping_class-other-system-components","10":"first","11":"instock","12":"taxable","13":"shipping-taxable","14":"purchasable","15":"product-type-simple"},"wcpa_form_fields":null,"_links":{"self":[{"href":"https:\/\/enera-solar.com\/fr\/wp-json\/wp\/v2\/product\/6007","targetHints":{"allow":["GET"]}}],"collection":[{"href":"https:\/\/enera-solar.com\/fr\/wp-json\/wp\/v2\/product"}],"about":[{"href":"https:\/\/enera-solar.com\/fr\/wp-json\/wp\/v2\/types\/product"}],"wp:featuredmedia":[{"embeddable":true,"href":"https:\/\/enera-solar.com\/fr\/wp-json\/wp\/v2\/media\/6008"}],"wp:attachment":[{"href":"https:\/\/enera-solar.com\/fr\/wp-json\/wp\/v2\/media?parent=6007"}],"wp:term":[{"taxonomy":"product_brand","embeddable":true,"href":"https:\/\/enera-solar.com\/fr\/wp-json\/wp\/v2\/product_brand?post=6007"},{"taxonomy":"product_cat","embeddable":true,"href":"https:\/\/enera-solar.com\/fr\/wp-json\/wp\/v2\/product_cat?post=6007"},{"taxonomy":"product_tag","embeddable":true,"href":"https:\/\/enera-solar.com\/fr\/wp-json\/wp\/v2\/product_tag?post=6007"}],"curies":[{"name":"wp","href":"https:\/\/api.w.org\/{rel}","templated":true}]}}