{"id":16556,"date":"2024-04-15T11:41:16","date_gmt":"2024-04-15T09:41:16","guid":{"rendered":"https:\/\/enera-solar.com\/?post_type=product&#038;p=16556"},"modified":"2026-02-04T14:01:50","modified_gmt":"2026-02-04T13:01:50","slug":"panneaux-photovoltaiques-7","status":"publish","type":"product","link":"https:\/\/enera-solar.com\/fr\/magasin\/panneaux-photovoltaiques-7\/","title":{"rendered":"Kit de recharge pour voiture \u00e9lectrique"},"content":{"rendered":"<div id=\"home\"  data-column-margin=\"90px\" data-midnight=\"dark\"  class=\"wpb_row vc_row-fluid vc_row full-width-section has-row-bg-color vc_row-o-equal-height vc_row-flex vc_row-o-content-middle  top_padding_tablet_8pct bottom_padding_tablet_8pct\"  style=\"padding-top: 0px; padding-bottom: 0px; --row-bg-color: #ffffff;\"><div class=\"row-bg-wrap\" data-bg-animation=\"none\" data-bg-animation-delay=\"\" data-bg-overlay=\"false\"><div class=\"inner-wrap row-bg-layer\" ><div class=\"row-bg viewport-desktop using-bg-color\"  style=\"background-color: #ffffff; \"><\/div><\/div><\/div><div class=\"row_col_wrap_12 col span_12 dark left\">\n\t<div style=\"z-index: 100; \" class=\"vc_col-sm-6 vc_col-xs-12 wpb_column column_container vc_column_container col padding-4-percent el_spacing_10px no-extra-padding_tablet no-extra-padding_phone\"  data-padding-pos=\"right\" data-has-bg-color=\"false\" data-bg-color=\"\" data-bg-opacity=\"1\" data-animation=\"\" data-delay=\"0\" >\n\t\t<div class=\"vc_column-inner\" >\n\t\t\t<div class=\"wpb_wrapper\">\n\t\t\t\t<div id=\"fws_6a00e80a7f370\" data-midnight=\"\" data-column-margin=\"default\" class=\"wpb_row vc_row-fluid vc_row inner_row\"  style=\"\"><div class=\"row-bg-wrap\"> <div class=\"row-bg\" ><\/div> <\/div><div class=\"row_col_wrap_12_inner col span_12  left\">\n\t<div  class=\"vc_col-sm-12 wpb_column column_container vc_column_container col child_column has-animation no-extra-padding el_spacing_5px inherit_tablet inherit_phone\"   data-padding-pos=\"all\" data-has-bg-color=\"false\" data-bg-color=\"\" data-bg-opacity=\"1\" data-animation=\"fade-in-from-bottom\" data-delay=\"0\" >\n\t\t<div class=\"vc_column-inner\" >\n\t\t<div class=\"wpb_wrapper\">\n\t\t\t<div class=\"nectar-highlighted-text\" data-style=\"regular_underline\" data-exp=\"default\" data-underline-thickness=\"1px\" data-user-color=\"true\" style=\"color: #f49f1f;\" data-using-custom-color=\"true\" data-animation-delay=\"400\" data-color=\"#f49f1f\" data-color-gradient=\"\"><h5><em>Sommaire<\/em><\/h5>\n<\/div>\n<div class=\"wpb_text_column wpb_content_element\" >\n\t<h3><strong>D\u00e9couvrez le chargeur de voiture \u00e9lectrique Advanced Growatt THOR<\/strong><\/h3>\n<\/div>\n\n\n\n\n\t\t<\/div> \n\t<\/div>\n\t<\/div> \n<\/div><\/div><div id=\"fws_6a00e80a7fd1a\" data-midnight=\"\" data-column-margin=\"default\" class=\"wpb_row vc_row-fluid vc_row inner_row\"  style=\"\"><div class=\"row-bg-wrap\"> <div class=\"row-bg\" ><\/div> <\/div><div class=\"row_col_wrap_12_inner col span_12  left\">\n\t<div  class=\"vc_col-sm-12 wpb_column column_container vc_column_container col child_column has-animation no-extra-padding el_spacing_5px inherit_tablet inherit_phone\"   data-padding-pos=\"all\" data-has-bg-color=\"false\" data-bg-color=\"\" data-bg-opacity=\"1\" data-animation=\"fade-in-from-bottom\" data-delay=\"0\" >\n\t\t<div class=\"vc_column-inner\" >\n\t\t<div class=\"wpb_wrapper\">\n\t\t\t\n<div class=\"wpb_text_column wpb_content_element\" >\n\t<p><strong>Caract\u00e9ristiques compl\u00e8tes des chargeurs de voiture \u00e9lectrique Growatt s\u00e9rie THOR<\/strong><\/p>\n<ul>\n<li><strong>Interface conviviale<\/strong>: Les chargeurs de la s\u00e9rie THOR disposent d&#039;une interface simple et accessible avec des fonctionnalit\u00e9s qui incluent le contr\u00f4le, la facturation et des options de communication compl\u00e8tes. Cette interface intuitive am\u00e9liore l&#039;interaction de l&#039;utilisateur, garantissant une exp\u00e9rience de chargement fluide.<\/li>\n<li><strong>Connectivit\u00e9 robuste et gestion \u00e0 distance<\/strong>: \u00c9quip\u00e9s de plusieurs options de connectivit\u00e9 telles que Ethernet filaire, WIFI et 4G, les chargeurs de la s\u00e9rie THOR maintiennent une connexion stable aux serveurs de back-office. Les utilisateurs peuvent g\u00e9rer sans effort les calendriers de r\u00e9servation et g\u00e9rer les paiements via une application mobile conviviale.<\/li>\n<li><strong>Utilisation de l&#039;\u00e9nergie solaire<\/strong>: Les chargeurs de la s\u00e9rie THOR int\u00e8grent de mani\u00e8re dynamique l&#039;\u00e9nergie solaire, con\u00e7us pour fonctionner avec les syst\u00e8mes photovolta\u00efques nouvellement install\u00e9s et existants, favorisant l&#039;autoconsommation solaire et soutenant l&#039;utilisation durable de l&#039;\u00e9nergie.<\/li>\n<li><strong>Compatibilit\u00e9 \u00e9tendue avec les v\u00e9hicules \u00e9lectriques<\/strong>: Con\u00e7us pour s&#039;adapter \u00e0 une large gamme de mod\u00e8les de v\u00e9hicules \u00e9lectriques des plus grands fabricants tels que Tesla, Nissan, Renault, BMW, BYD et Hyundai, ces chargeurs garantissent une large compatibilit\u00e9 et les avantages d&#039;une technologie de charge avanc\u00e9e pour la plupart des propri\u00e9taires de v\u00e9hicules \u00e9lectriques.<\/li>\n<li><strong>Surveillance intelligente via des applications mobiles et Web<\/strong>: Surveillez le processus de charge via l&#039;application ShinePhone ou growatt.com. L&#039;affichage num\u00e9rique fournit un retour instantan\u00e9 sur l&#039;\u00e9tat de charge, indiquant si la batterie est compl\u00e8tement charg\u00e9e, toujours en charge ou si des probl\u00e8mes sont survenus. Il dispose \u00e9galement d&#039;un signal d&#039;arr\u00eat d&#039;urgence pour plus de s\u00e9curit\u00e9.<\/li>\n<li><strong>Haute adaptabilit\u00e9 environnementale<\/strong>: Avec un indice de protection IP65, les chargeurs de la s\u00e9rie THOR sont con\u00e7us pour r\u00e9sister aux environnements int\u00e9rieurs et ext\u00e9rieurs, offrant durabilit\u00e9 et r\u00e9silience face \u00e0 diverses conditions m\u00e9t\u00e9orologiques.<\/li>\n<\/ul>\n<\/div>\n\n\n\n\n\t\t<\/div> \n\t<\/div>\n\t<\/div> \n<\/div><\/div>\n\t\t\t<\/div> \n\t\t<\/div>\n\t<\/div> \n\n\t<div  class=\"vc_col-sm-6 vc_col-xs-12 wpb_column column_container vc_column_container col no-extra-padding inherit_tablet inherit_phone\"  data-padding-pos=\"all\" data-has-bg-color=\"false\" data-bg-color=\"\" data-bg-opacity=\"1\" data-animation=\"\" data-delay=\"0\" >\n\t\t<div class=\"vc_column-inner\" >\n\t\t\t<div class=\"wpb_wrapper\">\n\t\t\t\t<div id=\"fws_6a00e80a807a0\" data-midnight=\"\" data-column-margin=\"default\" class=\"wpb_row vc_row-fluid vc_row inner_row\"  style=\"\"><div class=\"row-bg-wrap\"> <div class=\"row-bg\" ><\/div> <\/div><div class=\"row_col_wrap_12_inner col span_12  left\">\n\t<div  class=\"vc_col-sm-12 wpb_column column_container vc_column_container col child_column no-extra-padding inherit_tablet inherit_phone\"   data-padding-pos=\"all\" data-has-bg-color=\"false\" data-bg-color=\"\" data-bg-opacity=\"1\" data-animation=\"\" data-delay=\"0\" >\n\t\t<div class=\"vc_column-inner\" >\n\t\t<div class=\"wpb_wrapper\">\n\t\t\t<div class=\"img-with-aniamtion-wrap center\" data-max-width=\"100%\" data-max-width-mobile=\"default\" data-shadow=\"none\" data-animation=\"fade-in\" >\n      <div class=\"inner\">\n        <div class=\"hover-wrap\"> \n          <div class=\"hover-wrap-inner\">\n            <a href=\"https:\/\/enera-solar.com\/wp-content\/smush-webp\/2024\/04\/ev_charger_scheme.jpg.webp\" class=\"pp center\">\n              <img decoding=\"async\" class=\"img-with-animation skip-lazy\" data-delay=\"0\" height=\"460\" width=\"842\" data-animation=\"fade-in\" src=\"https:\/\/enera-solar.com\/wp-content\/smush-webp\/2024\/04\/ev_charger_scheme.jpg.webp\" alt=\"\" srcset=\"https:\/\/enera-solar.com\/wp-content\/smush-webp\/2024\/04\/ev_charger_scheme.jpg.webp 842w, https:\/\/enera-solar.com\/wp-content\/uploads\/2024\/04\/ev_charger_scheme-300x164.jpg 300w, https:\/\/enera-solar.com\/wp-content\/smush-webp\/2024\/04\/ev_charger_scheme-768x420.jpg.webp 768w, https:\/\/enera-solar.com\/wp-content\/uploads\/2024\/04\/ev_charger_scheme-18x10.jpg 18w, https:\/\/enera-solar.com\/wp-content\/uploads\/2024\/04\/ev_charger_scheme-600x328.jpg 600w\" sizes=\"(max-width: 842px) 100vw, 842px\" \/>\n            <\/a>\n          <\/div>\n        <\/div>\n         \n      <\/div>\n      <\/div>\n<div class=\"wpb_text_column wpb_content_element\" >\n\t<ol>\n<li class=\"li1\">LOGO et indicateur d&#039;\u00e9tat<\/li>\n<li class=\"li1\">Compatible RFID (pour la version RFID)<\/li>\n<li class=\"li1\">Bouton de d\u00e9marrage ou d&#039;arr\u00eat<\/li>\n<li class=\"li1\">Prise de courant (support de prise pour version c\u00e2bl\u00e9e)<\/li>\n<li class=\"li1\">Support de montage<\/li>\n<li class=\"li1\">Fen\u00eatre lat\u00e9rale et plaque signal\u00e9tique<\/li>\n<li class=\"li1\">Presse-\u00e9toupe \u00e9tanche pour c\u00e2bles d&#039;entr\u00e9e CA<\/li>\n<li class=\"li1\">Presse-\u00e9toupe \u00e9tanche pour c\u00e2bles de communication<\/li>\n<\/ol>\n<p>Fiche technique pour <a href=\"https:\/\/enera-solar.com\/wp-content\/uploads\/2024\/04\/datasheet-growatt-single-phase.pdf\">monophas\u00e9<\/a> et pour <a href=\"https:\/\/enera-solar.com\/wp-content\/uploads\/2024\/04\/datasheet-growatt-three-phase.pdf\">trois phases<\/a><\/p>\n<\/div>\n\n\n\n<div class=\"img-with-aniamtion-wrap\" data-max-width=\"100%\" data-max-width-mobile=\"default\" data-shadow=\"none\" data-animation=\"none\" >\n      <div class=\"inner\">\n        <div class=\"hover-wrap\"> \n          <div class=\"hover-wrap-inner\">\n            <img decoding=\"async\" class=\"img-with-animation skip-lazy\" data-delay=\"0\" height=\"1504\" width=\"2560\" data-animation=\"none\" src=\"https:\/\/enera-solar.com\/wp-content\/smush-webp\/2024\/04\/ev_charger-scaled.jpg.webp\" alt=\"\" srcset=\"https:\/\/enera-solar.com\/wp-content\/smush-webp\/2024\/04\/ev_charger-scaled.jpg.webp 2560w, https:\/\/enera-solar.com\/wp-content\/uploads\/2024\/04\/ev_charger-300x176.jpg 300w, https:\/\/enera-solar.com\/wp-content\/smush-webp\/2024\/04\/ev_charger-1024x602.jpg.webp 1024w, https:\/\/enera-solar.com\/wp-content\/smush-webp\/2024\/04\/ev_charger-768x451.jpg.webp 768w, https:\/\/enera-solar.com\/wp-content\/smush-webp\/2024\/04\/ev_charger-1536x903.jpg.webp 1536w, https:\/\/enera-solar.com\/wp-content\/smush-webp\/2024\/04\/ev_charger-2048x1203.jpg.webp 2048w, https:\/\/enera-solar.com\/wp-content\/uploads\/2024\/04\/ev_charger-18x12.jpg 18w, https:\/\/enera-solar.com\/wp-content\/smush-webp\/2024\/04\/ev_charger-600x353.jpg.webp 600w\" sizes=\"(max-width: 2560px) 100vw, 2560px\" \/>\n          <\/div>\n        <\/div>\n        \n      <\/div>\n    <\/div>\n\t\t<\/div> \n\t<\/div>\n\t<\/div> \n<\/div><\/div>\n\t\t\t<\/div> \n\t\t<\/div>\n\t<\/div> \n<\/div><\/div>","protected":false},"excerpt":{"rendered":"<p>La s\u00e9rie Growatt THOR repr\u00e9sente l&#039;avant-garde de la technologie de recharge des v\u00e9hicules \u00e9lectriques. Ces chargeurs intelligents sont con\u00e7us pour alimenter efficacement les v\u00e9hicules \u00e9lectriques \u00e0 l&#039;aide d&#039;une technologie professionnelle sophistiqu\u00e9e, ce qui en fait des ajouts essentiels \u00e0 toute station de recharge, que ce soit \u00e0 la maison, dans les parkings communautaires ou en entreprise.<\/p>\n<p>Nous pouvons \u00e9galement vous proposer des Panneaux Photovolta\u00efques en Autoconsommation. <a href=\"https:\/\/enera-solar.com\/shop\/photovoltaic-panels\/\">Stations monophas\u00e9es<\/a>, <a href=\"https:\/\/enera-solar.com\/shop\/self-consumption-photovoltaic-panels-grid-connection-three-phase-meter\/\">syst\u00e8mes triphas\u00e9s<\/a> ou <a href=\"https:\/\/enera-solar.com\/shop\/autonomous-isolated-house-without-grid-connection\/\">installations isol\u00e9es autonomes<\/a>, ainsi que de vous fournir une solution personnalis\u00e9e adapt\u00e9e \u00e0 vos conditions, <a href=\"https:\/\/enera-solar.com\/contact\/\">Nous contacter<\/a><\/p>","protected":false},"featured_media":17010,"template":"","meta":[],"product_brand":[],"product_cat":[1675,808,1704,1705],"product_tag":[],"class_list":{"0":"post-16556","1":"product","2":"type-product","3":"status-publish","4":"has-post-thumbnail","6":"product_cat-for-electric-cars","7":"product_cat-for-photovoltaics","8":"product_cat-single-phase","9":"product_cat-three-phase","10":"product_shipping_class-electricity","11":"wcpa_has_options","13":"first","14":"instock","15":"sold-individually","16":"taxable","17":"shipping-taxable","18":"purchasable","19":"product-type-variable"},"wcpa_form_fields":{"wcpaData":{"product":{"product_price":1361,"price_html":"<span class=\"woocommerce-Price-amount amount\" aria-hidden=\"true\"><bdi>1.361,00&nbsp;<span class=\"woocommerce-Price-currencySymbol\">&euro;<\/span><\/bdi><\/span> <span aria-hidden=\"true\">\u00a0\u2013\u00a0<\/span> <span class=\"woocommerce-Price-amount amount\" aria-hidden=\"true\"><bdi>1.854,00&nbsp;<span class=\"woocommerce-Price-currencySymbol\">&euro;<\/span><\/bdi><\/span><span class=\"screen-reader-text\">Plage de prix\u00a0: 1.361,00&nbsp;&euro; \u00e0 1.854,00&nbsp;&euro;<\/span> <small class=\"woocommerce-price-suffix\">inc. IVA<\/small>","original_product_price":1361,"price_including_tax":1361,"price_excluding_tax":1124.793388000000049942173063755035400390625,"product_id":{"parent":16556,"variation":false},"is_variable":true,"stock_status":"instock","stock_quantity":null,"parent_sku":"","product_attributes":{"what-power-do-you-need":{"is_variation":true,"values":[]}},"custom_fields":[],"is_taxable":true,"product_name":"Electric car charging kit","hasImage":false},"fields":{"sec_666e7406ce3fab":{"extra":{"key":"sec_666e7406ce3fab","section_id":"sec_666e7406ce3fab","name":"Default","status":1,"cl_rule":"show","enableCl":false,"relations":[],"toggle":true,"title_tag":"h3","show_title":false,"showPrice":"default","form_id":15174,"form_rules":{"exclude_from_discount":false,"fee_label":"Fee","disp_hide_options_price":true,"disp_show_section_price":false,"disp_show_field_price":false,"layout_option":"standard","pric_use_as_fee":false,"process_fee_as":"woo_fee"},"layout_option":"standard"},"fields":[[{"type":"checkbox-group","elementId":"wcpa-checkbox-group-1667583517406","label":"","enablePrice":true,"priceOptions":"fixed_for_all","pricingType":"fixed","price":"0","name":"checkbox-group-1667583517406","other_text":"Other","cl_rule":"show","col":6,"values":[{"label":" ","value":"option-1","price":"","pimage":"","pimage_id":"","pthumb":"","gt_translate_keys":["label"]}],"relations":[{"operator":false,"rules":[{"operator":"AND","rules":{"cl_field":"attribute","cl_relation":"is","cl_val":"a3kw","cl_field_sub":"pa_a-power"}}]}],"active":true,"tooltip":"","layOut":"","checkUi":"","error":false,"enableCl":true,"gt_translate_keys":["label","tooltip"],"price_dependency":false,"cl_dependency":false,"value":""}]]}},"config":{"price_override":"","enable_recaptcha":false,"bind_quantity":false,"quantity_bind_formula":false,"disp_summ_show_option_price":false,"disp_summ_show_product_price":false,"disp_summ_show_total_price":true,"disp_summ_show_fee":false,"disp_summ_show_discount":false,"summary_title":"","options_total_label":"System Add-ons Price","total_label":"Total","options_product_label":"System Price","fee_label":"Fee","discount_label":"Discount","has_price":true,"has_quantity_formula":false},"mc_unit":1,"tax_rate":1,"tax_rate_real":0.2099999999999999922284388276239042170345783233642578125,"discount":{"percentage":0,"fixed":0},"design":{"conf":{"LabelPosition":"above","DescPosition":"above","UploadField":"custom_1","QuantityFieldStyle":"default"},"css":{"LeftLabelWidth":"120px"}},"formulas":[],"lookuptables":[],"clones":false,"cartKey":false}},"_links":{"self":[{"href":"https:\/\/enera-solar.com\/fr\/wp-json\/wp\/v2\/product\/16556","targetHints":{"allow":["GET"]}}],"collection":[{"href":"https:\/\/enera-solar.com\/fr\/wp-json\/wp\/v2\/product"}],"about":[{"href":"https:\/\/enera-solar.com\/fr\/wp-json\/wp\/v2\/types\/product"}],"wp:featuredmedia":[{"embeddable":true,"href":"https:\/\/enera-solar.com\/fr\/wp-json\/wp\/v2\/media\/17010"}],"wp:attachment":[{"href":"https:\/\/enera-solar.com\/fr\/wp-json\/wp\/v2\/media?parent=16556"}],"wp:term":[{"taxonomy":"product_brand","embeddable":true,"href":"https:\/\/enera-solar.com\/fr\/wp-json\/wp\/v2\/product_brand?post=16556"},{"taxonomy":"product_cat","embeddable":true,"href":"https:\/\/enera-solar.com\/fr\/wp-json\/wp\/v2\/product_cat?post=16556"},{"taxonomy":"product_tag","embeddable":true,"href":"https:\/\/enera-solar.com\/fr\/wp-json\/wp\/v2\/product_tag?post=16556"}],"curies":[{"name":"wp","href":"https:\/\/api.w.org\/{rel}","templated":true}]}}