{"id":7352,"date":"2019-07-16T14:23:24","date_gmt":"2019-07-16T12:23:24","guid":{"rendered":"https:\/\/enera-solar.com\/?page_id=7352"},"modified":"2023-03-14T11:58:04","modified_gmt":"2023-03-14T10:58:04","slug":"faq","status":"publish","type":"page","link":"https:\/\/enera-solar.com\/fr\/faq\/","title":{"rendered":"FAQ"},"content":{"rendered":"<div id=\"fws_69eb9c6348d62\"  data-column-margin=\"default\" data-midnight=\"dark\"  class=\"wpb_row vc_row-fluid vc_row full-width-section has-row-bg-color\"  style=\"padding-top: 100px; padding-bottom: 100px; --row-bg-color: #f7f7f7;\"><div class=\"row-bg-wrap\" data-bg-animation=\"none\" data-bg-animation-delay=\"\" data-bg-overlay=\"false\"><div class=\"inner-wrap row-bg-layer\" ><div class=\"row-bg viewport-desktop using-bg-color\"  style=\"background-color: #f7f7f7; \"><\/div><\/div><\/div><div class=\"row_col_wrap_12 col span_12 dark left\">\n\t<div  class=\"vc_col-sm-12 wpb_column column_container vc_column_container col no-extra-padding inherit_tablet inherit_phone\"  data-padding-pos=\"all\" data-has-bg-color=\"false\" data-bg-color=\"\" data-bg-opacity=\"1\" data-animation=\"\" data-delay=\"0\" >\n\t\t<div class=\"vc_column-inner\" >\n\t\t\t<div class=\"wpb_wrapper\">\n\t\t\t\t\n<div class=\"wpb_text_column wpb_content_element\" >\n\t<h2>FAQ ENERA<\/h2>\n<\/div>\n\n\n\n<div class=\"toggles accordion\" data-br=\"\" data-starting=\"default\" data-style=\"minimal\"><div class=\"toggle default\" data-inner-wrap=\"true\"><h3 class=\"toggle-title\"><a href=\"#\" role=\"button\" class=\"toggle-heading\"><i role=\"presentation\" class=\"fa fa-plus\"><\/i>Le chauffage solaire de l&#039;eau est-il une alternative viable au gaz ou \u00e0 l&#039;\u00e9lectricit\u00e9?<\/a><\/h3><div><div class=\"inner-toggle-wrap\">\n<div class=\"wpb_text_column wpb_content_element\" >\n\t<p>Le solaire ne doit pas \u00eatre consid\u00e9r\u00e9 comme une alternative au gaz ou \u00e0 l&#039;\u00e9lectricit\u00e9, mais plut\u00f4t comme un compl\u00e9ment. Le solaire ne peut pas totalement remplacer le besoin de chauffage au gaz ou \u00e9lectrique car il y a parfois des jours o\u00f9 il y a peu de soleil. En moyenne sur un an, un syst\u00e8me solaire correctement dimensionn\u00e9 peut fournir 60%-70% aux besoins en eau chaude d&#039;un m\u00e9nage. Il est d\u00e9conseill\u00e9 de fournir plus que cela, car trop de chaleur sera produite en \u00e9t\u00e9. Le syst\u00e8me d&#039;eau chaude peut facilement \u00eatre automatis\u00e9 afin que l&#039;eau chaude soit garantie ind\u00e9pendamment des niveaux de lumi\u00e8re solaire.<\/p>\n<\/div>\n\n\n\n<\/div><\/div><\/div><div class=\"toggle default\" data-inner-wrap=\"true\"><h3 class=\"toggle-title\"><a href=\"#\" role=\"button\" class=\"toggle-heading\"><i role=\"presentation\" class=\"fa fa-plus\"><\/i>Combien de temps faut-il pour r\u00e9cup\u00e9rer mon investissement?<\/a><\/h3><div><div class=\"inner-toggle-wrap\">\n<div class=\"wpb_text_column wpb_content_element\" >\n\t<p>Les capteurs solaires ENERA sont beaucoup plus abordables que de nombreux autres chauffe-eau solaires. Pour un m\u00e9nage de 4 personnes, le prix d&#039;un syst\u00e8me complet peut ne pas \u00eatre sup\u00e9rieur \u00e0 celui d&#039;un nouveau syst\u00e8me \u00e9lectrique ou au gaz. Selon votre emplacement (niveaux solaires) et l&#039;utilisation actuelle d&#039;eau chaude, les \u00e9conomies annuelles d&#039;\u00e9lectricit\u00e9 ou de gaz seront diff\u00e9rentes. Cependant, dans un m\u00e9nage normal qui d\u00e9pense 25% de sa facture d&#039;\u00e9lectricit\u00e9 pour le chauffage de l&#039;eau chaude, le co\u00fbt total de l&#039;achat peut \u00eatre r\u00e9cup\u00e9r\u00e9 aussi rapidement que 4-5 ans en factures r\u00e9duites. Vous ferez certainement des \u00e9conomies consid\u00e9rables au cours de la vie de<br \/>\nle chauffe-eau solaire<\/p>\n<\/div>\n\n\n\n<\/div><\/div><\/div><div class=\"toggle default\" data-inner-wrap=\"true\"><h3 class=\"toggle-title\"><a href=\"#\" role=\"button\" class=\"toggle-heading\"><i role=\"presentation\" class=\"fa fa-plus\"><\/i>Les capteurs solaires ENERA peuvent-ils \u00eatre utilis\u00e9s par temps froid?<\/a><\/h3><div><div class=\"inner-toggle-wrap\">\n<div class=\"wpb_text_column wpb_content_element\" >\n\t<p>Oui. Les capteurs ENERA peuvent \u00eatre utilis\u00e9s \u00e0 des temp\u00e9ratures aussi basses que -30 \u00b0 C, bien que les performances soient consid\u00e9rablement r\u00e9duites dans ces conditions extr\u00eames. Une bonne production de chaleur est toujours atteinte dans des conditions douces sous z\u00e9ro.<\/p>\n<\/div>\n\n\n\n<\/div><\/div><\/div><div class=\"toggle default\" data-inner-wrap=\"true\"><h3 class=\"toggle-title\"><a href=\"#\" role=\"button\" class=\"toggle-heading\"><i role=\"presentation\" class=\"fa fa-plus\"><\/i>Que se passe-t-il si l&#039;un des tubes solaires est cass\u00e9?<\/a><\/h3><div><div class=\"inner-toggle-wrap\">\n<div class=\"wpb_text_column wpb_content_element\" >\n\t<p>Premi\u00e8rement, les tubes sont tr\u00e8s solides et ne se cassent pas facilement, mais si le pire devait arriver, les tubes solaires peuvent \u00eatre remplac\u00e9s tr\u00e8s facilement. Ils sont peu co\u00fbteux et disponibles aupr\u00e8s de votre distributeur local ENERA. Les capteurs solaires ENERA peuvent fonctionner avec plusieurs tubes cass\u00e9s, mais l&#039;efficacit\u00e9 sera r\u00e9duite, il est donc recommand\u00e9 de remplacer imm\u00e9diatement les tubes cass\u00e9s.<\/p>\n<\/div>\n\n\n\n<\/div><\/div><\/div><div class=\"toggle default\" data-inner-wrap=\"true\"><h3 class=\"toggle-title\"><a href=\"#\" role=\"button\" class=\"toggle-heading\"><i role=\"presentation\" class=\"fa fa-plus\"><\/i>L&#039;eau sera-t-elle chauff\u00e9e par temps nuageux?<\/a><\/h3><div><div class=\"inner-toggle-wrap\">\n<div class=\"wpb_text_column wpb_content_element\" >\n\t<p>Oui. Bien que la production de chaleur du capteur solaire soit r\u00e9duite par temps couvert, il sera toujours en mesure de fournir du chauffage. S&#039;il s&#039;agit d&#039;une journ\u00e9e tr\u00e8s nuageuse ou s&#039;il pleut, il faudra peut-\u00eatre davantage de gaz ou d&#039;\u00e9lectricit\u00e9 pour maintenir l&#039;eau \u00e0 la temp\u00e9rature requise. Ce syst\u00e8me sera automatis\u00e9 afin que vous n&#039;ayez pas \u00e0 vous soucier de manquer d&#039;eau chaude un jour de pluie.<\/p>\n<\/div>\n\n\n\n<\/div><\/div><\/div><div class=\"toggle default\" data-inner-wrap=\"true\"><h3 class=\"toggle-title\"><a href=\"#\" role=\"button\" class=\"toggle-heading\"><i role=\"presentation\" class=\"fa fa-plus\"><\/i>Puis-je utiliser un capteur solaire avec mon syst\u00e8me d&#039;eau chaude existant?<\/a><\/h3><div><div class=\"inner-toggle-wrap\">\n<div class=\"wpb_text_column wpb_content_element\" >\n\t<p>Normalement oui. De simples vannes de rattrapage peuvent souvent \u00eatre utilis\u00e9es pour permettre au solaire de se connecter \u00e0 votre arriv\u00e9e d&#039;eau froide existante. Si votre r\u00e9servoir ne peut pas accepter directement l&#039;apport solaire, un r\u00e9servoir de stockage suppl\u00e9mentaire peut \u00eatre install\u00e9 pour pr\u00e9chauffer l&#039;eau froide avant d&#039;entrer dans le r\u00e9servoir existant.<\/p>\n<\/div>\n\n\n\n<\/div><\/div><\/div><div class=\"toggle default\" data-inner-wrap=\"true\"><h3 class=\"toggle-title\"><a href=\"#\" role=\"button\" class=\"toggle-heading\"><i role=\"presentation\" class=\"fa fa-plus\"><\/i>Les capteurs solaires sont-ils visibles sur le toit?<\/a><\/h3><div><div class=\"inner-toggle-wrap\">\n<div class=\"wpb_text_column wpb_content_element\" >\n\t<p>Si seul le collecteur est mont\u00e9 sur le toit, il devrait se fondre assez bien dans la conception du toit. Les capteurs solaires ENERA sont tr\u00e8s minces et peuvent \u00eatre encastr\u00e9s sur un toit. De loin, ils ressemblent un peu \u00e0 une lucarne. Vous devrez peut-\u00eatre v\u00e9rifier aupr\u00e8s de votre conseil local les restrictions de construction lors de l&#039;installation de votre capteur solaire.<\/p>\n<\/div>\n\n\n\n<\/div><\/div><\/div><div class=\"toggle default\" data-inner-wrap=\"true\"><h3 class=\"toggle-title\"><a href=\"#\" role=\"button\" class=\"toggle-heading\"><i role=\"presentation\" class=\"fa fa-plus\"><\/i>Les capteurs solaires ENERA peuvent-ils \u00eatre mont\u00e9s sur une surface plane?<\/a><\/h3><div><div class=\"inner-toggle-wrap\">\n<div class=\"wpb_text_column wpb_content_element\" >\n\t<p>Oui, ils peuvent \u00eatre mont\u00e9s sur un toit plat ou au sol \u00e0 l&#039;aide d&#039;un cadre de toit plat en acier inoxydable. Le collecteur doit \u00eatre install\u00e9 \u00e0 un angle d&#039;au moins 20 \u00b0 pour assurer un fonctionnement optimal du caloduc.<\/p>\n<\/div>\n\n\n\n<\/div><\/div><\/div><div class=\"toggle default\" data-inner-wrap=\"true\"><h3 class=\"toggle-title\"><a href=\"#\" role=\"button\" class=\"toggle-heading\"><i role=\"presentation\" class=\"fa fa-plus\"><\/i>Comment prot\u00e9ger mon syst\u00e8me solaire pendant des temp\u00e9ratures inf\u00e9rieures \u00e0 z\u00e9ro?<\/a><\/h3><div><div class=\"inner-toggle-wrap\">\n<div class=\"wpb_text_column wpb_content_element\" >\n\t<p>Si vous avez un syst\u00e8me qui fonctionne dans des zones avec des temp\u00e9ratures inf\u00e9rieures \u00e0 z\u00e9ro, une protection contre le gel doit \u00eatre mise en \u0153uvre. Le moyen le plus simple d&#039;emp\u00eacher le gel est d&#039;utiliser un contr\u00f4leur avec un r\u00e9glage de basses temp\u00e9ratures.Ainsi, lorsque la temp\u00e9rature du collecteur descend en dessous d&#039;une certaine temp\u00e9rature pr\u00e9d\u00e9finie (5 \u00b0 C \/ 40 \u00b0 C), la pompe circule, r\u00e9chauffant le collecteur avec de l&#039;eau du fond du r\u00e9servoir de stockage. La pompe ne fonctionnera pas continuellement, juste p\u00e9riodiquement, dont la fr\u00e9quence d\u00e9pendra de la temp\u00e9rature ext\u00e9rieure. Dans les zones extr\u00eamement froides, une boucle ferm\u00e9e utilisant un m\u00e9lange glycol \/ eau peut \u00eatre appropri\u00e9e.<\/p>\n<\/div>\n\n\n\n<\/div><\/div><\/div><div class=\"toggle default\" data-inner-wrap=\"true\"><h3 class=\"toggle-title\"><a href=\"#\" role=\"button\" class=\"toggle-heading\"><i role=\"presentation\" class=\"fa fa-plus\"><\/i>Le capteur solaire ENERA pr\u00e9sente-t-il un risque d&#039;incendie par temps chaud et sec?<\/a><\/h3><div><div class=\"inner-toggle-wrap\">\n<div class=\"wpb_text_column wpb_content_element\" >\n\t<p>Non. Les composants du capteur solaire ENERA sont tous r\u00e9sistants aux hautes temp\u00e9ratures et ininflammables. Ainsi, m\u00eame en cas de fort ensoleillement avec la pompe de circulation \u00e9teinte (stagnation), le syst\u00e8me ne s&#039;enflammera pas et ne d\u00e9gagera aucune \u00e9tincelle. La majorit\u00e9 des composants des capteurs solaires sont en acier inoxydable, en aluminium, en verre ou en laine de verre. La sortie du collecteur doit \u00eatre \u00e9quip\u00e9e d&#039;une soupape de d\u00e9charge de temp\u00e9rature, qui emp\u00eachera la temp\u00e9rature du collecteur de d\u00e9passer 99\u00b0C \/ 212\u00b0C.<\/p>\n<\/div>\n\n\n\n<\/div><\/div><\/div><div class=\"toggle default\" data-inner-wrap=\"true\"><h3 class=\"toggle-title\"><a href=\"#\" role=\"button\" class=\"toggle-heading\"><i role=\"presentation\" class=\"fa fa-plus\"><\/i>Le capteur solaire ENERA peut-il chauffer l&#039;eau \u00e0 une temp\u00e9rature suffisamment \u00e9lev\u00e9e?<\/a><\/h3><div><div class=\"inner-toggle-wrap\">\n<div class=\"wpb_text_column wpb_content_element\" >\n\t<p>Oui, par beau temps, le capteur solaire ENERA peut amener l&#039;eau \u00e0 \u00e9bullition. En g\u00e9n\u00e9ral, cela n&#039;est pas n\u00e9cessaire et le syst\u00e8me doit donc \u00eatre con\u00e7u pour fournir une augmentation de temp\u00e9rature quotidienne d&#039;environ 25-30 \u00b0 C (45-54 \u00b0 C) en \u00e9t\u00e9. Dimensionner un syst\u00e8me domestique pouvant porter l&#039;eau froide \u00e0 60 \u00b0 C \/ 141 \u00b0 C en une seule journ\u00e9e n&#039;est pas logique, car si l&#039;eau chaude n&#039;est pas utilis\u00e9e pendant une journ\u00e9e, le lendemain, le syst\u00e8me bouillira et d\u00e9versera de l&#039;eau chaude via la soupape de surpression. C&#039;est \u00e0 la fois un gaspillage d&#039;\u00e9nergie et d&#039;eau! Veuillez dimensionner sensiblement le syst\u00e8me de chauffage solaire de l&#039;eau pour assurer des performances optimales et un gaspillage d&#039;eau minimal.<\/p>\n<\/div>\n\n\n\n<\/div><\/div><\/div><div class=\"toggle default\" data-inner-wrap=\"true\"><h3 class=\"toggle-title\"><a href=\"#\" role=\"button\" class=\"toggle-heading\"><i role=\"presentation\" class=\"fa fa-plus\"><\/i>Quel entretien du capteur solaire est n\u00e9cessaire?<\/a><\/h3><div><div class=\"inner-toggle-wrap\">\n<div class=\"wpb_text_column wpb_content_element\" >\n\t<p>Dans des circonstances normales, aucune maintenance du syst\u00e8me n&#039;est requise. En raison de la forme des tubes, les pr\u00e9cipitations et le vent r\u00e9guliers devraient garder les tubes propres. Si un tube est m\u00eame cass\u00e9, il doit \u00eatre remplac\u00e9. Cependant, c&#039;est un travail peu co\u00fbteux et facile. Toute personne \u00abpratique\u00bb peut installer un nouveau tube (tout en respectant les r\u00e9glementations locales en mati\u00e8re de sant\u00e9 et de s\u00e9curit\u00e9). Les capteurs solaires ENERA peuvent fonctionner avec plusieurs tubes cass\u00e9s, mais l&#039;efficacit\u00e9 sera l\u00e9g\u00e8rement r\u00e9duite.<\/p>\n<\/div>\n\n\n\n<\/div><\/div><\/div><div class=\"toggle default\" data-inner-wrap=\"true\"><h3 class=\"toggle-title\"><a href=\"#\" role=\"button\" class=\"toggle-heading\"><i role=\"presentation\" class=\"fa fa-plus\"><\/i>Les capteurs solaires ENERA peuvent-ils \u00eatre utilis\u00e9s pour une production d&#039;eau chaude \u00e0 grande \u00e9chelle?<\/a><\/h3><div><div class=\"inner-toggle-wrap\">\n<div class=\"wpb_text_column wpb_content_element\" >\n\t<p>Oui. Les capteurs solaires ENERA peuvent \u00eatre connect\u00e9s en s\u00e9rie ou en parall\u00e8le pour fournir une production d&#039;eau chaude \u00e0 grande \u00e9chelle pour des environnements commerciaux tels qu&#039;une \u00e9cole, un h\u00f4tel ou un immeuble de bureaux. Il n&#039;y a vraiment aucune limite \u00e0 la taille du syst\u00e8me, mais les capteurs doivent \u00eatre install\u00e9s dans des banques de 150 tubes maximum (en s\u00e9rie), sinon l&#039;eau peut bouillir.<\/p>\n<\/div>\n\n\n\n<\/div><\/div><\/div><div class=\"toggle default\" data-inner-wrap=\"true\"><h3 class=\"toggle-title\"><a href=\"#\" role=\"button\" class=\"toggle-heading\"><i role=\"presentation\" class=\"fa fa-plus\"><\/i>Puis-je chauffer ma piscine ou mon spa \u00e0 l&#039;aide d&#039;un capteur solaire ENERA?<\/a><\/h3><div><div class=\"inner-toggle-wrap\">\n<div class=\"wpb_text_column wpb_content_element\" >\n\t<p>Les collecteurs ENERA sont des collecteurs \u00e0 haute temp\u00e9rature, et sont donc id\u00e9aux pour les spas, car le volume d&#039;eau est petit et les exigences de temp\u00e9rature \u00e9lev\u00e9es. Pour les piscines, cependant, le volume d&#039;eau est important et l&#039;\u00e9l\u00e9vation de temp\u00e9rature requise n&#039;est que de plusieurs degr\u00e9s. Le co\u00fbt de chauffage d&#039;une piscine \u00e0 l&#039;aide de capteurs solaires (\u00e0 usage domestique) peut \u00eatre prohibitif. Pour les piscines \u00e0 grande \u00e9chelle, cependant, les capteurs ENERA peuvent \u00eatre un compl\u00e9ment extr\u00eamement viable au gaz ou \u00e0 l&#039;\u00e9lectricit\u00e9.<\/p>\n<\/div>\n\n\n\n<\/div><\/div><\/div><div class=\"toggle default\" data-inner-wrap=\"true\"><h3 class=\"toggle-title\"><a href=\"#\" role=\"button\" class=\"toggle-heading\"><i role=\"presentation\" class=\"fa fa-plus\"><\/i>Les capteurs solaires sont-ils plus efficaces que les capteurs plats?<\/a><\/h3><div><div class=\"inner-toggle-wrap\">\n<div class=\"wpb_text_column wpb_content_element\" >\n\t<p>En comparant les niveaux d&#039;efficacit\u00e9 maximaux, il peut sembler qu&#039;il y a peu de diff\u00e9rence entre la plaque plate et les tubes sous vide, en fait la plaque plate peut en fait \u00eatre plus \u00e9lev\u00e9e, mais c&#039;est dans des conditions de perte de chaleur minimale. En moyenne sur un an, le collecteur \u00e0 tubes sous vide pr\u00e9sente un net avantage.<\/p>\n<p>1. En raison de la forme cylindrique du tube \u00e9vacu\u00e9, les tubes solaires sont capables de suivre passivement le soleil tout au long de la journ\u00e9e. Le collecteur \u00e0 plaque plate ne fournit une \u00e9nergie de pointe qu&#039;\u00e0 midi lorsque le soleil est perpendiculaire \u00e0 la surface du collecteur.<\/p>\n<p>2. L&#039;air est \u00e9vacu\u00e9 du tube solaire pour former un vide. Cela r\u00e9duit consid\u00e9rablement la perte de chaleur conductrice et convective de l&#039;int\u00e9rieur du tube. Par cons\u00e9quent, le vent et les temp\u00e9ratures froides ont moins d&#039;effet sur l&#039;efficacit\u00e9 du collecteur sous vide.<\/p>\n<p>3. Les capteurs solaires ENERA peuvent souvent \u00eatre utilis\u00e9s \u00e0 des temp\u00e9ratures inf\u00e9rieures \u00e0 z\u00e9ro sans endommager le syst\u00e8me. Les syst\u00e8mes \u00e0 plaque plate n\u00e9cessitent souvent l&#039;installation de syst\u00e8mes antigel co\u00fbteux et compliqu\u00e9s.<\/p>\n<p>4. Les tubes sous vide sont solides, durables et doivent \u00eatre cass\u00e9s, peu co\u00fbteux et faciles \u00e0 remplacer. Si un panneau collecteur \u00e0 plaque plate est endommag\u00e9, tout le panneau doit \u00eatre remplac\u00e9.<\/p>\n<p>5. En raison de l&#039;absorption \u00e0 haute efficacit\u00e9 du rayonnement solaire m\u00eame dans des conditions de ciel couvert, combin\u00e9e aux excellentes propri\u00e9t\u00e9s isolantes du tube solaire, les capteurs solaires peuvent chauffer l&#039;eau toute l&#039;ann\u00e9e (la sauvegarde du gaz et de l&#039;\u00e9lectricit\u00e9 est toujours n\u00e9cessaire).<\/p>\n<p>6. En raison des divers avantages du collecteur sous vide par rapport aux collecteurs \u00e0 plaque plate, un collecteur plus petit peut \u00eatre utilis\u00e9 pour fournir les m\u00eames performances de chauffage. Par exemple, un m\u00e9nage standard de 4 \u00e0 5 personnes aurait g\u00e9n\u00e9ralement besoin d&#039;un r\u00e9servoir de stockage d&#039;eau de 250 \u00e0 300 litres. Selon votre emplacement, seulement 30 tubes \u00e9vacu\u00e9s seraient n\u00e9cessaires pour r\u00e9pondre \u00e0 tous les besoins en eau chaude estivale et un pourcentage important pour les autres saisons.<\/p>\n<p>7. Les capteurs solaires \u00e0 plaque plate peuvent produire une chaleur similaire aux capteurs sous vide, mais g\u00e9n\u00e9ralement uniquement par temps chaud et ensoleill\u00e9. Lorsqu&#039;elle est calcul\u00e9e en moyenne sur une ann\u00e9e enti\u00e8re, la puissance thermique du collecteur sous vide par m2 net de surface d&#039;absorbeur est sup\u00e9rieure de 25% \u00e0 40% \u00e0 celle d&#039;un collecteur \u00e0 plaque plate.<\/p>\n<\/div>\n\n\n\n<\/div><\/div><\/div><div class=\"toggle default\" data-inner-wrap=\"true\"><h3 class=\"toggle-title\"><a href=\"#\" role=\"button\" class=\"toggle-heading\"><i role=\"presentation\" class=\"fa fa-plus\"><\/i>Quel collectionneur a le meilleur rapport qualit\u00e9 \/ prix?<\/a><\/h3><div><div class=\"inner-toggle-wrap\">\n<div class=\"wpb_text_column wpb_content_element\" >\n\t<p>Plut\u00f4t que de ne regarder que les niveaux d&#039;efficacit\u00e9 maximaux lors de la comparaison des capteurs solaires, le co\u00fbt par unit\u00e9 d&#039;\u00e9nergie produite est beaucoup plus logique. Par exemple: bien que le collecteur A soit 20% plus efficace que le collecteur B, si le collecteur A est 30% plus cher, alors le collecteur B peut \u00eatre un meilleur choix, car par kWh d&#039;\u00e9nergie produite par jour, il est moins cher. Lorsque le temps de r\u00e9cup\u00e9ration est pr\u00e9occupant, non seulement le prix par kWh du produit est important, mais aussi celui du syst\u00e8me final. \u00c0 cet \u00e9gard, les capteurs solaires ENERA offrent un avantage suppl\u00e9mentaire car les capteurs solaires ENERA sont tr\u00e8s faciles \u00e0 installer, ce qui peut faire une \u00e9norme diff\u00e9rence en termes de co\u00fbts d&#039;installation totaux.<\/p>\n<\/div>\n\n\n\n<\/div><\/div><\/div><div class=\"toggle default\" data-inner-wrap=\"true\"><h3 class=\"toggle-title\"><a href=\"#\" role=\"button\" class=\"toggle-heading\"><i role=\"presentation\" class=\"fa fa-plus\"><\/i>Les capteurs solaires ENERA peuvent-ils \u00eatre utilis\u00e9s dans une configuration drain back?<\/a><\/h3><div><div class=\"inner-toggle-wrap\">\n<div class=\"wpb_text_column wpb_content_element\" >\n\t<p>Oui. La version \u00e0 orifice d&#039;extr\u00e9mit\u00e9 du capteur solaire ENERA est bien adapt\u00e9e \u00e0 la vidange. La question est souvent pos\u00e9e de savoir si le capteur solaire sera endommag\u00e9 lorsque la pompe s&#039;arr\u00eate et que le syst\u00e8me stagne sous un bon soleil - ce n&#039;est pas normal car les capteurs sont con\u00e7us pour r\u00e9sister \u00e0 la stagnation. Ce qui doit \u00eatre pris en compte cependant, c&#039;est l&#039;isolation utilis\u00e9e sur la tuyauterie \u00e0 proximit\u00e9 des capteurs, car elle doit pouvoir r\u00e9sister aux temp\u00e9ratures de stagnation.<\/p>\n<\/div>\n\n\n\n<\/div><\/div><\/div><div class=\"toggle default\" data-inner-wrap=\"true\"><h3 class=\"toggle-title\"><a href=\"#\" role=\"button\" class=\"toggle-heading\"><i role=\"presentation\" class=\"fa fa-plus\"><\/i>Quels onduleurs as-tu ?<\/a><\/h3><div><div class=\"inner-toggle-wrap\">\n<div class=\"wpb_text_column wpb_content_element\" >\n\t<p>Les s\u00e9ries MIN et MOD XH sont de nouveaux mod\u00e8les d&#039;onduleurs de l&#039;un des plus grands fabricants d&#039;onduleurs au monde, Growatt. C&#039;est un produit de haute qualit\u00e9 avec un design tr\u00e8s compact et moderne. Cela commence par le mod\u00e8le monophas\u00e9 le plus bas MIN3000TL-XH de la gamme MIN-XH et se termine par des mod\u00e8les triphas\u00e9s jusqu&#039;\u00e0 10000W. Toute cette famille d&#039;onduleurs dispose de 2 trackers MPPT et d&#039;une tr\u00e8s large plage de fonctionnement. Ces onduleurs sont connect\u00e9s au r\u00e9seau \u00e9lectrique o\u00f9 ils sont install\u00e9s pour injecter l&#039;\u00e9nergie produite par les panneaux et \u00e9conomiser sur les factures d&#039;\u00e9lectricit\u00e9. Ils offrent d&#039;excellentes fonctionnalit\u00e9s pour une courte p\u00e9riode de r\u00e9cup\u00e9ration gr\u00e2ce \u00e0 leur faible prix. Ils sont \u00e9galement compatibles avec les batteries au lithium afin qu&#039;ils puissent \u00eatre install\u00e9s ensemble.<\/p>\n<\/div>\n\n\n\n<\/div><\/div><\/div><div class=\"toggle default\" data-inner-wrap=\"true\"><h3 class=\"toggle-title\"><a href=\"#\" role=\"button\" class=\"toggle-heading\"><i role=\"presentation\" class=\"fa fa-plus\"><\/i>Quelles batteries prodivez-vous?<\/a><\/h3><div><div class=\"inner-toggle-wrap\">\n<div class=\"wpb_text_column wpb_content_element\" >\n\t<p>Nous fournissons des syst\u00e8mes avec des configurations Growatt ARK XH avec une capacit\u00e9 de puissance minimale de 5,1 kW. La configuration de batterie au lithium haute tension Growatt ARK XH 5,1 kWh convient aux syst\u00e8mes d&#039;autoconsommation Growatt avec la possibilit\u00e9 de stocker la production exc\u00e9dentaire. Cette batterie au lithium de 5,1 kWh a une longue dur\u00e9e de vie et peut \u00eatre compl\u00e9t\u00e9e par des modules suppl\u00e9mentaires de 2,5 kWh pour augmenter la capacit\u00e9 de notre banc de batteries. Comprend la base, deux modules et un contr\u00f4leur BMS pour communiquer avec les onduleurs Growatt MIN et MOD XH. La s\u00e9rie XH est le dernier onduleur r\u00e9sidentiel connect\u00e9 au r\u00e9seau intelligent et a une grande adaptabilit\u00e9. Gr\u00e2ce \u00e0 l&#039;interface de batterie, il peut \u00eatre facilement \u00e9tendu dans un syst\u00e8me de stockage \u00e0 l&#039;avenir sans encourir d&#039;\u00e9quipement suppl\u00e9mentaire ou de co\u00fbts de modernisation. Il prend \u00e9galement en charge une puissance de sortie 2x.<\/p>\n<\/div>\n\n\n\n<\/div><\/div><\/div><\/div>\n\t\t\t<\/div> \n\t\t<\/div>\n\t<\/div> \n<\/div><\/div>","protected":false},"excerpt":{"rendered":"FAQ ENERA Le chauffage solaire de l&#039;eau est-il une alternative viable au gaz ou \u00e0 l&#039;\u00e9lectricit\u00e9? Le solaire ne doit pas \u00eatre consid\u00e9r\u00e9 comme une alternative au gaz ou \u00e0 l&#039;\u00e9lectricit\u00e9, ...","protected":false},"author":1,"featured_media":0,"parent":0,"menu_order":0,"comment_status":"closed","ping_status":"closed","template":"","meta":{"footnotes":""},"class_list":["post-7352","page","type-page","status-publish"],"_links":{"self":[{"href":"https:\/\/enera-solar.com\/fr\/wp-json\/wp\/v2\/pages\/7352","targetHints":{"allow":["GET"]}}],"collection":[{"href":"https:\/\/enera-solar.com\/fr\/wp-json\/wp\/v2\/pages"}],"about":[{"href":"https:\/\/enera-solar.com\/fr\/wp-json\/wp\/v2\/types\/page"}],"author":[{"embeddable":true,"href":"https:\/\/enera-solar.com\/fr\/wp-json\/wp\/v2\/users\/1"}],"replies":[{"embeddable":true,"href":"https:\/\/enera-solar.com\/fr\/wp-json\/wp\/v2\/comments?post=7352"}],"version-history":[{"count":0,"href":"https:\/\/enera-solar.com\/fr\/wp-json\/wp\/v2\/pages\/7352\/revisions"}],"wp:attachment":[{"href":"https:\/\/enera-solar.com\/fr\/wp-json\/wp\/v2\/media?parent=7352"}],"curies":[{"name":"wp","href":"https:\/\/api.w.org\/{rel}","templated":true}]}}