{"id":6481,"date":"2019-07-09T01:57:14","date_gmt":"2019-07-08T23:57:14","guid":{"rendered":"https:\/\/enera-solar.com\/?page_id=6481"},"modified":"2020-06-17T18:36:39","modified_gmt":"2020-06-17T16:36:39","slug":"delivery","status":"publish","type":"page","link":"https:\/\/enera-solar.com\/fr\/livraison\/","title":{"rendered":"Livraison"},"content":{"rendered":"<p><strong>INFORMATIONS DE BASE<\/strong><br \/>\nPendant le processus de commande, vous pouvez voir les conditions et les frais de livraison. Tous les prix sont d\u00e9finitifs, incluent toutes les taxes et ne peuvent \u00eatre modifi\u00e9s ult\u00e9rieurement.<br \/>\nPendant le processus de commande, nous vous sugg\u00e9rons de choisir les options de livraison disponibles et garanties, en fonction de votre emplacement et de la disponibilit\u00e9 des marchandises.<br \/>\nVous pouvez \u00e9galement s\u00e9lectionner votre d\u00e9lai de livraison pr\u00e9f\u00e9r\u00e9 pendant le processus de commande. En cas d&#039;impossibilit\u00e9 ou de retard, le gestionnaire vous informera \u00e0 l&#039;avance des changements et conviendra de la nouvelle date et heure.<\/p>\n<p>Si vous n&#039;avez pas sp\u00e9cifi\u00e9 de date et d&#039;heure pr\u00e9f\u00e9r\u00e9es au moment de la commande, les conditions de livraison standard seront utilis\u00e9es. Si la page ne sp\u00e9cifie pas les conditions de livraison ou la livraison n&#039;est pas possible - cela signifie que les conditions de livraison doivent \u00eatre sp\u00e9cifi\u00e9es s\u00e9par\u00e9ment.<\/p>\n<p><strong>LIVRAISON STANDARD<\/strong><br \/>\nEspagne (continent)<br \/>\nFrais: GRATUIT<br \/>\nLivraison: 3-5 jours ouvrables *<br \/>\nD\u00e9lai de livraison: 9h00 \u00e0 21h00. Lundi \u00e0 vendredi **<br \/>\n* selon la disponibilit\u00e9 et l&#039;adresse de livraison, vous pouvez disposer de 10 \u00e0 14 jours ouvrables.<br \/>\n** pour certaines options, il est \u00e9galement applicable \u00e0 la livraison les samedis et dimanches de 9h00 \u00e0 21h00.<br \/>\n*** Les frais de douane sont pay\u00e9s s\u00e9par\u00e9ment par l&#039;acheteur lors du traitement des marchandises en douane (par exemple, pour les \u00eeles Bal\u00e9ares, les Canaries, Ceuta et Melilla).<\/p>","protected":false},"excerpt":{"rendered":"<p>INFORMATIONS DE BASE Pendant le processus de commande, vous pouvez voir les conditions et les frais de livraison. Tous les prix sont d\u00e9finitifs, incluent toutes les taxes et ne peuvent pas \u00eatre\u2026<\/p>","protected":false},"author":1,"featured_media":0,"parent":0,"menu_order":0,"comment_status":"closed","ping_status":"closed","template":"","meta":{"footnotes":""},"class_list":["post-6481","page","type-page","status-publish"],"_links":{"self":[{"href":"https:\/\/enera-solar.com\/fr\/wp-json\/wp\/v2\/pages\/6481","targetHints":{"allow":["GET"]}}],"collection":[{"href":"https:\/\/enera-solar.com\/fr\/wp-json\/wp\/v2\/pages"}],"about":[{"href":"https:\/\/enera-solar.com\/fr\/wp-json\/wp\/v2\/types\/page"}],"author":[{"embeddable":true,"href":"https:\/\/enera-solar.com\/fr\/wp-json\/wp\/v2\/users\/1"}],"replies":[{"embeddable":true,"href":"https:\/\/enera-solar.com\/fr\/wp-json\/wp\/v2\/comments?post=6481"}],"version-history":[{"count":0,"href":"https:\/\/enera-solar.com\/fr\/wp-json\/wp\/v2\/pages\/6481\/revisions"}],"wp:attachment":[{"href":"https:\/\/enera-solar.com\/fr\/wp-json\/wp\/v2\/media?parent=6481"}],"curies":[{"name":"wp","href":"https:\/\/api.w.org\/{rel}","templated":true}]}}