{"id":6472,"date":"2019-07-09T01:51:14","date_gmt":"2019-07-08T23:51:14","guid":{"rendered":"https:\/\/enera-solar.com\/?page_id=6472"},"modified":"2020-06-18T17:59:32","modified_gmt":"2020-06-18T15:59:32","slug":"payment-security","status":"publish","type":"page","link":"https:\/\/enera-solar.com\/fr\/paiement-securite\/","title":{"rendered":"S\u00e9curit\u00e9 des paiements"},"content":{"rendered":"<p><strong>Notre site Web prot\u00e8ge toutes les donn\u00e9es des clients:<\/strong><\/p>\n<ul>\n<li>Sur toutes les pages de notre site Web www.enera-solar.com sur lesquelles se trouvent des donn\u00e9es personnelles de nos clients, nous utilisons un syst\u00e8me de s\u00e9curit\u00e9 pour prot\u00e9ger les donn\u00e9es des tiers - SSL, ainsi que sur toute autre page, qui sont rempli par les donn\u00e9es de l&#039;utilisateur, telles que l&#039;inscription ou le paiement, ainsi que dans notre formulaire de r\u00e9troaction ou la page du panier. Nous utilisons sur notre site Web le protocole SSL positif.<\/li>\n<\/ul>\n<p><strong>Notre mode de paiement s\u00e9curis\u00e9:<\/strong><br \/>\nOp\u00e9rations de s\u00e9curit\u00e9: toutes les transactions de paiement sur le site www.enera-solar.com sont effectu\u00e9es \u00e0 l&#039;aide de plateformes de paiement fiables sur des serveurs s\u00e9curis\u00e9s utilisant SSL (Secure Socket Layer), sur la base des normes de protection des donn\u00e9es de tiers.<\/p>\n<ul>\n<li><em>Visa \/ Maestro \/ Mastercard \/ PayPal \/ Stripe<\/em>\n<ul>\n<li>Avec le Secure Sockets Layer (SSL), les paiements par cartes de cr\u00e9dit et de d\u00e9bit VISA, Mastercard, Maestro ou via le syst\u00e8me Paypal sont les achats en ligne les plus s\u00e9curis\u00e9s.<\/li>\n<li>Lorsque vous utilisez le paiement par carte de cr\u00e9dit, carte de d\u00e9bit ou via un syst\u00e8me Paypal, la boutique en ligne s&#039;adresse \u00e0 une plate-forme de paiement s\u00e9curis\u00e9e (HTTPS), qui contr\u00f4le la saisie correcte et la validation des donn\u00e9es, ainsi que propose deux codes de s\u00e9curit\u00e9 diff\u00e9rents.<\/li>\n<li>Tout cas de force majeure li\u00e9 \u00e0 votre carte connect\u00e9e \u00e0 votre compte bancaire qui s&#039;est produit dans ce mode - est consid\u00e9r\u00e9 dans n&#039;importe quelle banque, car ils garantissent que seul le titulaire du compte peut effectuer des paiements.<\/li>\n<\/ul>\n<\/li>\n<li><em>Visa v\u00e9rifi\u00e9<\/em>\n<ul>\n<li>Visa v\u00e9rifi\u00e9 prot\u00e8ge votre carte avec un code contre toute utilisation non autoris\u00e9e et vous donne la tranquillit\u00e9 d&#039;esprit lors de l&#039;achat en ligne.<\/li>\n<li>Visa v\u00e9rifi\u00e9 prot\u00e8ge non seulement contre l&#039;utilisation non autoris\u00e9e de votre carte, mais cela signifie \u00e9galement que vous pouvez faire confiance \u00e0 la boutique en ligne o\u00f9 vous effectuez un achat, car nous pensons que votre s\u00e9curit\u00e9 est une priorit\u00e9.<\/li>\n<\/ul>\n<\/li>\n<li><em>Code de s\u00e9curit\u00e9 MasterCard<\/em>\n<ul>\n<li>MasterCard SecureCode est un service de s\u00e9curit\u00e9 pour vous prot\u00e9ger contre l&#039;utilisation non autoris\u00e9e de votre carte MasterCard lors de vos achats en ligne.<\/li>\n<li>Si vous entrez un mauvais code de s\u00e9curit\u00e9, l&#039;achat ne sera pas effectu\u00e9. M\u00eame si la personne conna\u00eet votre num\u00e9ro de carte de cr\u00e9dit ou de d\u00e9bit, l&#039;achat ne peut \u00eatre effectu\u00e9 sans votre code de s\u00e9curit\u00e9.<\/li>\n<\/ul>\n<\/li>\n<li>Paiement par virement bancaire\n<ul>\n<li>Ce mode de paiement est recommand\u00e9 si vous effectuez un achat d&#039;un montant sup\u00e9rieur \u00e0 la limite fix\u00e9e sur votre carte de cr\u00e9dit ou de d\u00e9bit. Avec cette m\u00e9thode, vous n&#039;avez pas besoin de saisir vos informations de paiement lors du processus d&#039;achat.<\/li>\n<li>IberSunWind, SL, en collaboration avec Bankia bank, vous pouvez donc g\u00e9rer vos paiements avec n&#039;importe quelle organisation.<\/li>\n<\/ul>\n<\/li>\n<\/ul>\n<p><strong>Garanties de paiement:<\/strong><\/p>\n<ul>\n<li>Tout paiement effectu\u00e9 via la boutique en ligne a le m\u00eame effet juridique que s&#039;il avait \u00e9t\u00e9 effectu\u00e9 dans une vraie boutique. Notre entreprise respecte ces conditions et assure leur mise en \u0153uvre.<\/li>\n<\/ul>","protected":false},"excerpt":{"rendered":"<p>Notre site Web prot\u00e8ge toutes les donn\u00e9es de nos clients: Sur toutes les pages de notre site Web www.enera-solar.com sur lesquelles se trouvent des donn\u00e9es personnelles de nos clients, nous utilisons\u2026<\/p>","protected":false},"author":1,"featured_media":0,"parent":0,"menu_order":0,"comment_status":"closed","ping_status":"closed","template":"","meta":{"footnotes":""},"class_list":["post-6472","page","type-page","status-publish"],"_links":{"self":[{"href":"https:\/\/enera-solar.com\/fr\/wp-json\/wp\/v2\/pages\/6472","targetHints":{"allow":["GET"]}}],"collection":[{"href":"https:\/\/enera-solar.com\/fr\/wp-json\/wp\/v2\/pages"}],"about":[{"href":"https:\/\/enera-solar.com\/fr\/wp-json\/wp\/v2\/types\/page"}],"author":[{"embeddable":true,"href":"https:\/\/enera-solar.com\/fr\/wp-json\/wp\/v2\/users\/1"}],"replies":[{"embeddable":true,"href":"https:\/\/enera-solar.com\/fr\/wp-json\/wp\/v2\/comments?post=6472"}],"version-history":[{"count":0,"href":"https:\/\/enera-solar.com\/fr\/wp-json\/wp\/v2\/pages\/6472\/revisions"}],"wp:attachment":[{"href":"https:\/\/enera-solar.com\/fr\/wp-json\/wp\/v2\/media?parent=6472"}],"curies":[{"name":"wp","href":"https:\/\/api.w.org\/{rel}","templated":true}]}}