{"id":5794,"date":"2017-09-01T16:26:59","date_gmt":"2017-09-01T16:26:59","guid":{"rendered":"http:\/\/themenectar.com\/demo\/salient-corporate-2\/?page_id=92"},"modified":"2020-06-17T15:53:47","modified_gmt":"2020-06-17T13:53:47","slug":"about","status":"publish","type":"page","link":"https:\/\/enera-solar.com\/fr\/sur\/","title":{"rendered":"\u00c0 propos de nous"},"content":{"rendered":"<div id=\"fws_69eb9b8a879c3\"  data-column-margin=\"default\" data-midnight=\"dark\"  class=\"wpb_row vc_row-fluid vc_row full-width-content vc_row-o-full-height vc_row-o-columns-stretch vc_row-o-equal-height vc_row-flex vc_row-o-content-middle\"  style=\"padding-top: 0px; padding-bottom: 0px; \"><div class=\"row-bg-wrap\" data-bg-animation=\"none\" data-bg-animation-delay=\"\" data-bg-overlay=\"false\"><div class=\"inner-wrap row-bg-layer\" ><div class=\"row-bg viewport-desktop\"  style=\"\"><\/div><\/div><\/div><div class=\"row_col_wrap_12 col span_12 dark left\">\n\t<div style=\"\" class=\"vc_col-sm-6 wpb_column column_container vc_column_container col no-extra-padding\" data-using-bg=\"true\" data-padding-pos=\"all\" data-has-bg-color=\"false\" data-bg-color=\"\" data-bg-opacity=\"1\" data-animation=\"\" data-delay=\"0\" >\n\t\t<div class=\"vc_column-inner\" ><div class=\"column-image-bg-wrap column-bg-layer viewport-desktop\" data-bg-pos=\"center center\" data-bg-animation=\"none\" data-bg-overlay=\"false\"><div class=\"inner-wrap\"><div class=\"column-image-bg lazyload\" style=\" background-image:inherit; \" data-bg-image=\"url(&#039;https:\/\/enera-solar.com\/wp-content\/smush-webp\/2019\/07\/banner-background-solar-thermal-2.jpg.webp&#039;)\"><\/div><\/div><\/div>\n\t\t\t<div class=\"wpb_wrapper\">\n\t\t\t\t<div class=\"divider-wrap\" data-alignment=\"default\"><div style=\"height: 300px;\" class=\"divider\"><\/div><\/div>\n\t\t\t<\/div> \n\t\t<\/div>\n\t<\/div> \n\n\t<div style=\"\" class=\"vc_col-sm-6 wpb_column column_container vc_column_container col padding-8-percent\" data-using-bg=\"true\" data-padding-pos=\"all\" data-has-bg-color=\"true\" data-bg-color=\"#ffffff\" data-bg-opacity=\"1\" data-animation=\"\" data-delay=\"0\" >\n\t\t<div class=\"vc_column-inner\" ><div class=\"column-bg-overlay-wrap column-bg-layer\" data-bg-animation=\"none\"><div class=\"column-bg-overlay\" style=\"opacity: 1; background-color: #ffffff;\"><\/div><\/div>\n\t\t\t<div class=\"wpb_wrapper\">\n\t\t\t\t\n<div class=\"nectar-animated-title\" data-style=\"color-strip-reveal\" data-color=\"accent-color\">\n\t<div class=\"nectar-animated-title-outer\">\n\t\t<div class=\"nectar-animated-title-inner\">\n\t\t\t<div class=\"wrap\"><h5 style=\"color: #ffffff;\">Changez votre fa\u00e7on de vivre.<\/h5><\/div>\n\t\t<\/div>\n\t<\/div>\n<\/div><h2 style=\"font-size: 42px;line-height: 52px;text-align: left\" class=\"vc_custom_heading vc_do_custom_heading\" >Nous fournissons \u00e0 nos clients les meilleurs syst\u00e8mes de chauffe-eau solaires d&#039;Europe et les aidons \u00e0 tirer le meilleur parti de l&#039;\u00e9nergie solaire.<\/h2>\n<div class=\"wpb_text_column wpb_content_element  vc_custom_1562718304710\" >\n\t<p>Nous sommes une \u00e9quipe d&#039;ing\u00e9nieurs qui s&#039;efforcent de garder notre plan\u00e8te verte et vous aident, nos clients, \u00e0 tirer le meilleur parti de l&#039;\u00e9nergie solaire. Nous exp\u00e9dions r\u00e9guli\u00e8rement des syst\u00e8mes de chauffage solaire \u00e0 travers l&#039;Europe vers des pays comme l&#039;Espagne, le Portugal, la France, l&#039;Allemagne, la Belgique et la Norv\u00e8ge. En plus de vous assembler, vous pouvez \u00e9galement choisir une option d&#039;installation, et nous ferons tout le travail d&#039;installation pour vous.<\/p>\n<\/div>\n\n\n\n\n<div class=\"wpb_text_column wpb_content_element  vc_custom_1562718334740\" >\n\t<p><strong>Max Konah<\/strong><br \/>\n<em>Directeur g\u00e9n\u00e9ral d&#039;IberSunWind SL (ENERA)<\/em><\/p>\n<\/div>\n\n\n\n\n\t\t\t<\/div> \n\t\t<\/div>\n\t<\/div> \n<\/div><\/div>","protected":false},"excerpt":{"rendered":"Changez votre fa\u00e7on de vivre. Nous fournissons \u00e0 nos clients les meilleurs syst\u00e8mes de chauffe-eau solaires d&#039;Europe et les aidons \u00e0 tirer le meilleur parti des ...","protected":false},"author":1,"featured_media":0,"parent":0,"menu_order":0,"comment_status":"closed","ping_status":"closed","template":"","meta":{"footnotes":""},"class_list":["post-5794","page","type-page","status-publish"],"_links":{"self":[{"href":"https:\/\/enera-solar.com\/fr\/wp-json\/wp\/v2\/pages\/5794","targetHints":{"allow":["GET"]}}],"collection":[{"href":"https:\/\/enera-solar.com\/fr\/wp-json\/wp\/v2\/pages"}],"about":[{"href":"https:\/\/enera-solar.com\/fr\/wp-json\/wp\/v2\/types\/page"}],"author":[{"embeddable":true,"href":"https:\/\/enera-solar.com\/fr\/wp-json\/wp\/v2\/users\/1"}],"replies":[{"embeddable":true,"href":"https:\/\/enera-solar.com\/fr\/wp-json\/wp\/v2\/comments?post=5794"}],"version-history":[{"count":0,"href":"https:\/\/enera-solar.com\/fr\/wp-json\/wp\/v2\/pages\/5794\/revisions"}],"wp:attachment":[{"href":"https:\/\/enera-solar.com\/fr\/wp-json\/wp\/v2\/media?parent=5794"}],"curies":[{"name":"wp","href":"https:\/\/api.w.org\/{rel}","templated":true}]}}