{"id":17082,"date":"2024-10-20T15:50:22","date_gmt":"2024-10-20T13:50:22","guid":{"rendered":"https:\/\/enera-solar.com\/?post_type=product&#038;p=17082"},"modified":"2025-02-16T21:47:12","modified_gmt":"2025-02-16T20:47:12","slug":"paneles-fotovoltaicos-con-bateria-11","status":"publish","type":"product","link":"https:\/\/enera-solar.com\/es\/tienda\/paneles-fotovoltaicos-con-bateria-11\/","title":{"rendered":"Kit de bater\u00eda de litio de bajo voltaje Growatt para sistemas solares aislados"},"content":{"rendered":"<div id=\"home\"  data-column-margin=\"90px\" data-midnight=\"dark\"  class=\"wpb_row vc_row-fluid vc_row full-width-section has-row-bg-color vc_row-o-equal-height vc_row-flex vc_row-o-content-middle  top_padding_tablet_8pct bottom_padding_tablet_8pct\"  style=\"padding-top: 0px; padding-bottom: 0px; --row-bg-color: #ffffff;\"><div class=\"row-bg-wrap\" data-bg-animation=\"none\" data-bg-animation-delay=\"\" data-bg-overlay=\"false\"><div class=\"inner-wrap row-bg-layer\" ><div class=\"row-bg viewport-desktop using-bg-color\"  style=\"background-color: #ffffff; \"><\/div><\/div><\/div><div class=\"row_col_wrap_12 col span_12 dark left\">\n\t<div style=\"z-index: 100; \" class=\"vc_col-sm-6 vc_col-xs-12 wpb_column column_container vc_column_container col padding-4-percent el_spacing_10px no-extra-padding_tablet no-extra-padding_phone\"  data-padding-pos=\"right\" data-has-bg-color=\"false\" data-bg-color=\"\" data-bg-opacity=\"1\" data-animation=\"\" data-delay=\"0\" >\n\t\t<div class=\"vc_column-inner\" >\n\t\t\t<div class=\"wpb_wrapper\">\n\t\t\t\t<div id=\"fws_6a00d553337d2\" data-midnight=\"\" data-column-margin=\"default\" class=\"wpb_row vc_row-fluid vc_row inner_row\"  style=\"\"><div class=\"row-bg-wrap\"> <div class=\"row-bg\" ><\/div> <\/div><div class=\"row_col_wrap_12_inner col span_12  left\">\n\t<div  class=\"vc_col-sm-12 wpb_column column_container vc_column_container col child_column has-animation no-extra-padding el_spacing_5px inherit_tablet inherit_phone\"   data-padding-pos=\"all\" data-has-bg-color=\"false\" data-bg-color=\"\" data-bg-opacity=\"1\" data-animation=\"fade-in-from-bottom\" data-delay=\"0\" >\n\t\t<div class=\"vc_column-inner\" >\n\t\t<div class=\"wpb_wrapper\">\n\t\t\t<div class=\"nectar-highlighted-text\" data-style=\"regular_underline\" data-exp=\"default\" data-underline-thickness=\"1px\" data-user-color=\"true\" style=\"color: #f49f1f;\" data-using-custom-color=\"true\" data-animation-delay=\"400\" data-color=\"#f49f1f\" data-color-gradient=\"\"><h5><em>Resumen<\/em><\/h5>\n<\/div>\n<div class=\"wpb_text_column wpb_content_element\" >\n\t<h3>Descubra Growatt AXE<\/h3>\n<\/div>\n\n\n\n\n\t\t<\/div> \n\t<\/div>\n\t<\/div> \n<\/div><\/div><div id=\"fws_6a00d553340e7\" data-midnight=\"\" data-column-margin=\"default\" class=\"wpb_row vc_row-fluid vc_row inner_row\"  style=\"\"><div class=\"row-bg-wrap\"> <div class=\"row-bg\" ><\/div> <\/div><div class=\"row_col_wrap_12_inner col span_12  left\">\n\t<div  class=\"vc_col-sm-12 wpb_column column_container vc_column_container col child_column has-animation no-extra-padding el_spacing_5px inherit_tablet inherit_phone\"   data-padding-pos=\"all\" data-has-bg-color=\"false\" data-bg-color=\"\" data-bg-opacity=\"1\" data-animation=\"fade-in-from-bottom\" data-delay=\"0\" >\n\t\t<div class=\"vc_column-inner\" >\n\t\t<div class=\"wpb_wrapper\">\n\t\t\t\n<div class=\"wpb_text_column wpb_content_element\" >\n\t<p class=\"p1\"><span class=\"s1\">El\u00a0<\/span><b>Sistema de bater\u00eda Growatt AXE<\/b><span class=\"s1\">\u00a0es un\u00a0<\/span><b>Soluci\u00f3n modular de almacenamiento de energ\u00eda<\/b><span class=\"s1\">\u00a0con\u00a0<\/span><b>Qu\u00edmica del LiFePO4 sin cobalto<\/b><span class=\"s1\">, asegurando\u00a0<\/span><b>Seguridad, fiabilidad y larga vida \u00fatil<\/b><span class=\"s1\">Es compatible\u00a0<\/span><b>Capacidad de 5kWh a 50kWh<\/b><span class=\"s1\">, permitiendo\u00a0<\/span><b>M\u00f3dulos de bater\u00eda nuevos y viejos para mezclar<\/b><span class=\"s1\">\u00a0para un uso \u00f3ptimo.<\/span><\/p>\n<p class=\"p1\"><span class=\"s1\">Con\u00a0<\/span><b>Optimizaci\u00f3n energ\u00e9tica incorporada<\/b><span class=\"s1\">, el sistema maximiza la eficiencia.\u00a0<\/span><b>Protecci\u00f3n pasiva<\/b><span class=\"s1\">, incluyendo un\u00a0<\/span><b>Sistema de fusibles y aerosoles<\/b><span class=\"s1\">, mejora la seguridad, mientras que la\u00a0<\/span><b>funci\u00f3n de arranque suave<\/b><span class=\"s1\">\u00a0Previene sobretensiones.\u00a0<\/span><b>Instalaci\u00f3n apilada y sin cables<\/b><span class=\"s1\">\u00a0permite\u00a0<\/span><b>Configuraci\u00f3n en solo 30 minutos<\/b><span class=\"s1\">.<\/span><\/p>\n<p class=\"p1\"><span class=\"s1\">La monitorizaci\u00f3n inteligente incluye\u00a0<\/span><b>Activaci\u00f3n autom\u00e1tica por subtensi\u00f3n, diagn\u00f3stico remoto y seguimiento de BMS<\/b><span class=\"s1\">\u00a0de\u00a0<\/span><b>SOC, voltaje y temperatura<\/b><span class=\"s1\">El sistema admite\u00a0<\/span><b>hasta 400kWh<\/b><span class=\"s1\">\u00a0con\u00a0<\/span><b>c\u00famulos paralelos<\/b><span class=\"s1\">Un kit completo incluye\u00a0<\/span><b>al menos una bater\u00eda AXE, un inversor Growatt con monitoreo Shine WiFi-F y una base de bater\u00eda AXE<\/b><span class=\"s1\">.<\/span><\/p>\n<p class=\"p3\">Con\u00a0<span class=\"s2\"><b>92% Profundidad de descarga (DoD)<\/b><\/span>\u00a0y un\u00a0<span class=\"s2\"><b>Garant\u00eda de 10 a\u00f1os<\/b><\/span>El sistema de bater\u00eda Growatt AXE es un\u00a0<span class=\"s2\"><b>vers\u00e1til y escalable<\/b><\/span>\u00a0Soluci\u00f3n de almacenamiento de energ\u00eda.<\/p>\n<\/div>\n\n\n\n\n\t\t<\/div> \n\t<\/div>\n\t<\/div> \n<\/div><\/div>\n\t\t\t<\/div> \n\t\t<\/div>\n\t<\/div> \n\n\t<div  class=\"vc_col-sm-6 vc_col-xs-12 wpb_column column_container vc_column_container col no-extra-padding inherit_tablet inherit_phone\"  data-padding-pos=\"all\" data-has-bg-color=\"false\" data-bg-color=\"\" data-bg-opacity=\"1\" data-animation=\"\" data-delay=\"0\" >\n\t\t<div class=\"vc_column-inner\" >\n\t\t\t<div class=\"wpb_wrapper\">\n\t\t\t\t<div id=\"fws_6a00d55334b16\" data-midnight=\"\" data-column-margin=\"default\" class=\"wpb_row vc_row-fluid vc_row inner_row\"  style=\"\"><div class=\"row-bg-wrap\"> <div class=\"row-bg\" ><\/div> <\/div><div class=\"row_col_wrap_12_inner col span_12  left\">\n\t<div  class=\"vc_col-sm-12 wpb_column column_container vc_column_container col child_column no-extra-padding inherit_tablet inherit_phone\"   data-padding-pos=\"all\" data-has-bg-color=\"false\" data-bg-color=\"\" data-bg-opacity=\"1\" data-animation=\"\" data-delay=\"0\" >\n\t\t<div class=\"vc_column-inner\" >\n\t\t<div class=\"wpb_wrapper\">\n\t\t\t<div class=\"nectar_video_player_self_hosted wpb_video_widget wpb_content_element vc_clearfix vc_video-aspect-ratio-169 vc_video-el-width-100 vc_video-align-left\" data-border-radius=\"none\" data-shadow=\"none\">\n<div class=\"wpb_wrapper\"><div class=\"wpb_video_wrapper\"><video width=\"1280\" height=\"720\" class=\"nectar-video-self-hosted\" preload=\"auto\" loop autoplay muted playsinline><source src=\"https:\/\/enera-solar.com\/wp-content\/uploads\/2024\/08\/9f4da64bca13b7a0e8de0eb8501ddc3d.mp4\"  type=\"video\/mp4\"><\/video><\/div><\/div><\/div>\n<div class=\"wpb_text_column wpb_content_element\" >\n\t<p><a href=\"https:\/\/enera-solar.com\/wp-content\/uploads\/2025\/02\/AXE_5.0L_Modular_Battery_Datasheet_EN_202401.pdf\">Ficha t\u00e9cnica<\/a><\/p>\n<\/div>\n\n\n\n\n\t\t<\/div> \n\t<\/div>\n\t<\/div> \n<\/div><\/div>\n\t\t\t<\/div> \n\t\t<\/div>\n\t<\/div> \n<\/div><\/div>","protected":false},"excerpt":{"rendered":"<p class=\"p1\"><span class=\"s1\">El <\/span><b>Sistema de bater\u00eda Growatt AXE<\/b><span class=\"s1\"> es un <\/span><b>Soluci\u00f3n de almacenamiento de energ\u00eda escalable y eficiente<\/b><span class=\"s1\"> para <\/span><b>Aplicaciones h\u00edbridas y fuera de la red<\/b><span class=\"s1\">Presentando <\/span><b>Qu\u00edmica del LiFePO4 sin cobalto<\/b><span class=\"s1\">, asegura <\/span><b>Seguridad, longevidad y alto rendimiento<\/b><span class=\"s1\">.<\/span><\/p>\n<p>Estas bater\u00edas son compatibles con <a href=\"https:\/\/enera-solar.com\/shop\/autonomous-isolated-house-without-grid-connection\/\">instalaciones aisladas aut\u00f3nomas<\/a>. Si necesitas pilas para <a href=\"https:\/\/enera-solar.com\/shop\/photovoltaic-panels\/\">Estaciones monof\u00e1sicas<\/a> o <a href=\"https:\/\/enera-solar.com\/shop\/self-consumption-photovoltaic-panels-grid-connection-three-phase-meter\/\">sistemas trif\u00e1sicos<\/a> Puede encontrarlos en esta p\u00e1gina. Siempre podemos ofrecer una soluci\u00f3n personalizada que se adapte a sus condiciones. <a href=\"https:\/\/enera-solar.com\/contact\/\">Cont\u00e1ctenos. <\/a><\/p>","protected":false},"featured_media":17180,"template":"","meta":[],"product_brand":[],"product_cat":[808],"product_tag":[],"class_list":{"0":"post-17082","1":"product","2":"type-product","3":"status-publish","4":"has-post-thumbnail","6":"product_cat-for-photovoltaics","7":"product_shipping_class-electricity","8":"wcpa_has_options","10":"first","11":"instock","12":"sold-individually","13":"taxable","14":"shipping-taxable","15":"purchasable","16":"product-type-variable","17":"has-default-attributes"},"wcpa_form_fields":{"wcpaData":{"product":{"product_price":1520,"price_html":"<span class=\"woocommerce-Price-amount amount\" aria-hidden=\"true\"><bdi>1.520,00&nbsp;<span class=\"woocommerce-Price-currencySymbol\">&euro;<\/span><\/bdi><\/span> <span aria-hidden=\"true\">-<\/span> <span class=\"woocommerce-Price-amount amount\" aria-hidden=\"true\"><bdi>15.200,00&nbsp;<span class=\"woocommerce-Price-currencySymbol\">&euro;<\/span><\/bdi><\/span><span class=\"screen-reader-text\">Rango de precios: desde 1.520,00&nbsp;&euro; hasta 15.200,00&nbsp;&euro;<\/span> <small class=\"woocommerce-price-suffix\">inc. IVA<\/small>","original_product_price":1520,"price_including_tax":1520,"price_excluding_tax":1256.19834700000001248554326593875885009765625,"product_id":{"parent":17082,"variation":false},"is_variable":true,"stock_status":"instock","stock_quantity":null,"parent_sku":"","product_attributes":{"pa_batteries-aislada":{"is_variation":true,"values":[]}},"custom_fields":[],"is_taxable":true,"product_name":"Growatt Low Voltage Lithium Battery Kit for Isolted Solar Systems","hasImage":false},"fields":{"sec_666e7406ce3fab":{"extra":{"key":"sec_666e7406ce3fab","section_id":"sec_666e7406ce3fab","name":"Default","status":1,"cl_rule":"show","enableCl":false,"relations":[],"toggle":true,"title_tag":"h3","show_title":false,"showPrice":"default","form_id":15174,"form_rules":{"exclude_from_discount":false,"fee_label":"Frais","disp_hide_options_price":true,"disp_show_section_price":false,"disp_show_field_price":false,"layout_option":"standard","pric_use_as_fee":false,"process_fee_as":"woo_fee"},"layout_option":"standard"},"fields":[[{"type":"checkbox-group","elementId":"wcpa-checkbox-group-1667583517406","label":"","enablePrice":true,"priceOptions":"fixed_for_all","pricingType":"fixed","price":"0","name":"checkbox-group-1667583517406","other_text":"Other","cl_rule":"show","col":6,"values":[{"label":" ","value":"option-1","price":"","pimage":"","pimage_id":"","pthumb":"","gt_translate_keys":["label"]}],"relations":[{"operator":false,"rules":[{"operator":"AND","rules":{"cl_field":"attribute","cl_relation":"is","cl_val":"a3kw","cl_field_sub":"pa_a-power"}}]}],"active":true,"tooltip":"","layOut":"","checkUi":"","error":false,"enableCl":true,"gt_translate_keys":["label","tooltip"],"price_dependency":false,"cl_dependency":false,"value":""}]]}},"config":{"price_override":"","enable_recaptcha":false,"bind_quantity":false,"quantity_bind_formula":false,"disp_summ_show_option_price":false,"disp_summ_show_product_price":false,"disp_summ_show_total_price":true,"disp_summ_show_fee":false,"disp_summ_show_discount":false,"summary_title":"","options_total_label":"Prix des modules compl\u00e9mentaires du syst\u00e8me","total_label":"Total","options_product_label":"Prix du syst\u00e8me","fee_label":"Frais","discount_label":"Rabais","has_price":true,"has_quantity_formula":false},"mc_unit":1,"tax_rate":1,"tax_rate_real":0.2099999999999999922284388276239042170345783233642578125,"discount":{"percentage":0,"fixed":0},"design":{"conf":{"LabelPosition":"above","DescPosition":"above","UploadField":"custom_1","QuantityFieldStyle":"default"},"css":{"LeftLabelWidth":"120px"}},"formulas":[],"lookuptables":[],"clones":false,"cartKey":false}},"_links":{"self":[{"href":"https:\/\/enera-solar.com\/es\/wp-json\/wp\/v2\/product\/17082","targetHints":{"allow":["GET"]}}],"collection":[{"href":"https:\/\/enera-solar.com\/es\/wp-json\/wp\/v2\/product"}],"about":[{"href":"https:\/\/enera-solar.com\/es\/wp-json\/wp\/v2\/types\/product"}],"wp:featuredmedia":[{"embeddable":true,"href":"https:\/\/enera-solar.com\/es\/wp-json\/wp\/v2\/media\/17180"}],"wp:attachment":[{"href":"https:\/\/enera-solar.com\/es\/wp-json\/wp\/v2\/media?parent=17082"}],"wp:term":[{"taxonomy":"product_brand","embeddable":true,"href":"https:\/\/enera-solar.com\/es\/wp-json\/wp\/v2\/product_brand?post=17082"},{"taxonomy":"product_cat","embeddable":true,"href":"https:\/\/enera-solar.com\/es\/wp-json\/wp\/v2\/product_cat?post=17082"},{"taxonomy":"product_tag","embeddable":true,"href":"https:\/\/enera-solar.com\/es\/wp-json\/wp\/v2\/product_tag?post=17082"}],"curies":[{"name":"gracias","href":"https:\/\/api.w.org\/{rel}","templated":true}]}}