{"id":17070,"date":"2024-10-19T13:28:50","date_gmt":"2024-10-19T11:28:50","guid":{"rendered":"https:\/\/enera-solar.com\/?post_type=product&#038;p=17070"},"modified":"2025-07-17T19:18:03","modified_gmt":"2025-07-17T17:18:03","slug":"paneles-fotovoltaicos-con-bateria-2","status":"publish","type":"product","link":"https:\/\/enera-solar.com\/es\/tienda\/paneles-fotovoltaicos-con-bateria-2\/","title":{"rendered":"Kit de bater\u00eda de litio de alto voltaje Growatt para sistemas solares h\u00edbridos"},"content":{"rendered":"<div id=\"home\"  data-column-margin=\"90px\" data-midnight=\"dark\"  class=\"wpb_row vc_row-fluid vc_row full-width-section has-row-bg-color vc_row-o-equal-height vc_row-flex vc_row-o-content-middle  top_padding_tablet_8pct bottom_padding_tablet_8pct\"  style=\"padding-top: 0px; padding-bottom: 0px; --row-bg-color: #ffffff;\"><div class=\"row-bg-wrap\" data-bg-animation=\"none\" data-bg-animation-delay=\"\" data-bg-overlay=\"false\"><div class=\"inner-wrap row-bg-layer\" ><div class=\"row-bg viewport-desktop using-bg-color\"  style=\"background-color: #ffffff; \"><\/div><\/div><\/div><div class=\"row_col_wrap_12 col span_12 dark left\">\n\t<div style=\"z-index: 100; \" class=\"vc_col-sm-6 vc_col-xs-12 wpb_column column_container vc_column_container col padding-4-percent el_spacing_10px no-extra-padding_tablet no-extra-padding_phone\"  data-padding-pos=\"right\" data-has-bg-color=\"false\" data-bg-color=\"\" data-bg-opacity=\"1\" data-animation=\"\" data-delay=\"0\" >\n\t\t<div class=\"vc_column-inner\" >\n\t\t\t<div class=\"wpb_wrapper\">\n\t\t\t\t<div id=\"fws_6a06df07e556f\" data-midnight=\"\" data-column-margin=\"default\" class=\"wpb_row vc_row-fluid vc_row inner_row\"  style=\"\"><div class=\"row-bg-wrap\"> <div class=\"row-bg\" ><\/div> <\/div><div class=\"row_col_wrap_12_inner col span_12  left\">\n\t<div  class=\"vc_col-sm-12 wpb_column column_container vc_column_container col child_column has-animation no-extra-padding el_spacing_5px inherit_tablet inherit_phone\"   data-padding-pos=\"all\" data-has-bg-color=\"false\" data-bg-color=\"\" data-bg-opacity=\"1\" data-animation=\"fade-in-from-bottom\" data-delay=\"0\" >\n\t\t<div class=\"vc_column-inner\" >\n\t\t<div class=\"wpb_wrapper\">\n\t\t\t<div class=\"nectar-highlighted-text\" data-style=\"regular_underline\" data-exp=\"default\" data-underline-thickness=\"1px\" data-user-color=\"true\" style=\"color: #f49f1f;\" data-using-custom-color=\"true\" data-animation-delay=\"400\" data-color=\"#f49f1f\" data-color-gradient=\"\"><h5><em>Resumen<\/em><\/h5>\n<\/div>\n<div class=\"wpb_text_column wpb_content_element\" >\n\t<h3>Descubra la bater\u00eda APX HV de Growatt<\/h3>\n<\/div>\n\n\n\n\n\t\t<\/div> \n\t<\/div>\n\t<\/div> \n<\/div><\/div><div id=\"fws_6a06df07e5f23\" data-midnight=\"\" data-column-margin=\"default\" class=\"wpb_row vc_row-fluid vc_row inner_row\"  style=\"\"><div class=\"row-bg-wrap\"> <div class=\"row-bg\" ><\/div> <\/div><div class=\"row_col_wrap_12_inner col span_12  left\">\n\t<div  class=\"vc_col-sm-12 wpb_column column_container vc_column_container col child_column has-animation no-extra-padding el_spacing_5px inherit_tablet inherit_phone\"   data-padding-pos=\"all\" data-has-bg-color=\"false\" data-bg-color=\"\" data-bg-opacity=\"1\" data-animation=\"fade-in-from-bottom\" data-delay=\"0\" >\n\t\t<div class=\"vc_column-inner\" >\n\t\t<div class=\"wpb_wrapper\">\n\t\t\t\n<div class=\"wpb_text_column wpb_content_element\" >\n\t<p>Esta bater\u00eda de alto voltaje es un sistema avanzado de almacenamiento de energ\u00eda modular dise\u00f1ado para aplicaciones solares residenciales, que cuenta con una qu\u00edmica LiFePO4 sin cobalto para una mayor seguridad, longevidad y sostenibilidad ambiental. Admite hasta 6 m\u00f3dulos de bater\u00eda, cada uno de los cuales funciona de forma independiente, lo que garantiza la energ\u00eda utilizable de 100% y un rendimiento constante. El sistema tiene clasificaci\u00f3n IP66 para protecci\u00f3n contra el polvo y el agua e incluye funciones de seguridad integrales como tecnolog\u00eda de arranque suave y protecci\u00f3n de cinco capas, incluido AFCI opcional.<\/p>\n<p>Se integra perfectamente con los inversores h\u00edbridos Growatt y ofrece expansi\u00f3n flexible, optimizaci\u00f3n inteligente de la energ\u00eda y monitoreo remoto, lo que lo hace ideal para la gesti\u00f3n eficiente de la energ\u00eda en el hogar. Adem\u00e1s, el sistema de bater\u00eda APX HV est\u00e1 dise\u00f1ado para enfrentar diversos desaf\u00edos ambientales, proporcionando un almacenamiento de energ\u00eda confiable en una variedad de climas y condiciones.<\/p>\n<\/div>\n\n\n\n\n\t\t<\/div> \n\t<\/div>\n\t<\/div> \n<\/div><\/div>\n\t\t\t<\/div> \n\t\t<\/div>\n\t<\/div> \n\n\t<div  class=\"vc_col-sm-6 vc_col-xs-12 wpb_column column_container vc_column_container col no-extra-padding inherit_tablet inherit_phone\"  data-padding-pos=\"all\" data-has-bg-color=\"false\" data-bg-color=\"\" data-bg-opacity=\"1\" data-animation=\"\" data-delay=\"0\" >\n\t\t<div class=\"vc_column-inner\" >\n\t\t\t<div class=\"wpb_wrapper\">\n\t\t\t\t<div id=\"fws_6a06df07e68cd\" data-midnight=\"\" data-column-margin=\"default\" class=\"wpb_row vc_row-fluid vc_row inner_row\"  style=\"\"><div class=\"row-bg-wrap\"> <div class=\"row-bg\" ><\/div> <\/div><div class=\"row_col_wrap_12_inner col span_12  left\">\n\t<div  class=\"vc_col-sm-12 wpb_column column_container vc_column_container col child_column no-extra-padding inherit_tablet inherit_phone\"   data-padding-pos=\"all\" data-has-bg-color=\"false\" data-bg-color=\"\" data-bg-opacity=\"1\" data-animation=\"\" data-delay=\"0\" >\n\t\t<div class=\"vc_column-inner\" >\n\t\t<div class=\"wpb_wrapper\">\n\t\t\t<div class=\"nectar_video_player_self_hosted wpb_video_widget wpb_content_element vc_clearfix vc_video-aspect-ratio-169 vc_video-el-width-100 vc_video-align-left\" data-border-radius=\"none\" data-shadow=\"none\">\n<div class=\"wpb_wrapper\"><div class=\"wpb_video_wrapper\"><video width=\"1280\" height=\"720\" class=\"nectar-video-self-hosted\" preload=\"auto\" loop autoplay muted playsinline><source src=\"https:\/\/enera-solar.com\/wp-content\/uploads\/2024\/08\/9f4da64bca13b7a0e8de0eb8501ddc3d.mp4\"  type=\"video\/mp4\"><\/video><\/div><\/div><\/div>\n<div class=\"wpb_text_column wpb_content_element\" >\n\t<p><a href=\"https:\/\/enera-solar.com\/wp-content\/uploads\/2024\/08\/APX_HV_Battery-S1_S2_MOD-XHBP_MID-XH_Datasheet_EN_202405.pdf\">Ficha t\u00e9cnica<\/a><\/p>\n<\/div>\n\n\n\n\n\t\t<\/div> \n\t<\/div>\n\t<\/div> \n<\/div><\/div>\n\t\t\t<\/div> \n\t\t<\/div>\n\t<\/div> \n<\/div><\/div>","protected":false},"excerpt":{"rendered":"<p class=\"p1\">El <b>Kit de bater\u00eda de litio de alto voltaje Growatt<\/b> Est\u00e1 dise\u00f1ado para el almacenamiento eficiente de energ\u00eda en sistemas h\u00edbridos solares. Almacena el exceso de energ\u00eda solar y proporciona energ\u00eda de respaldo durante cortes de la red, lo que garantiza la continuidad de la electricidad. Con capacidad de alto voltaje, admite mayores necesidades energ\u00e9ticas, reduce la p\u00e9rdida de energ\u00eda y mejora la eficiencia general del sistema. Ideal tanto para instalaciones residenciales como comerciales, este kit de bater\u00eda ayuda a optimizar el uso de energ\u00eda y a aumentar la independencia de la red.<\/p>\n<p>Estas bater\u00edas son compatibles con estos <a href=\"https:\/\/enera-solar.com\/shop\/photovoltaic-panels\/\">Estaciones monof\u00e1sicas<\/a>, <a href=\"https:\/\/enera-solar.com\/shop\/self-consumption-photovoltaic-panels-grid-connection-three-phase-meter\/\">sistemas trif\u00e1sicos<\/a>. Si necesitas pilas para <a href=\"https:\/\/enera-solar.com\/shop\/autonomous-isolated-house-without-grid-connection\/\">instalaciones aisladas aut\u00f3nomas<\/a>, puede encontrarlos en esta p\u00e1gina. Siempre podemos brindarle una soluci\u00f3n personalizada que se ajuste a sus condiciones. <a href=\"https:\/\/enera-solar.com\/contact\/\">Cont\u00e1ctenos. <\/a><\/p>","protected":false},"featured_media":17181,"template":"","meta":[],"product_brand":[],"product_cat":[808],"product_tag":[],"class_list":{"0":"post-17070","1":"product","2":"type-product","3":"status-publish","4":"has-post-thumbnail","6":"product_cat-for-photovoltaics","7":"product_shipping_class-electricity","8":"wcpa_has_options","10":"first","11":"instock","12":"sold-individually","13":"taxable","14":"shipping-taxable","15":"purchasable","16":"product-type-variable","17":"has-default-attributes"},"wcpa_form_fields":{"wcpaData":{"product":{"product_price":2420,"price_html":"<span class=\"woocommerce-Price-amount amount\" aria-hidden=\"true\"><bdi>2.420,00&nbsp;<span class=\"woocommerce-Price-currencySymbol\">&euro;<\/span><\/bdi><\/span> <span aria-hidden=\"true\">-<\/span> <span class=\"woocommerce-Price-amount amount\" aria-hidden=\"true\"><bdi>10.830,00&nbsp;<span class=\"woocommerce-Price-currencySymbol\">&euro;<\/span><\/bdi><\/span><span class=\"screen-reader-text\">Rango de precios: desde 2.420,00&nbsp;&euro; hasta 10.830,00&nbsp;&euro;<\/span> <small class=\"woocommerce-price-suffix\">inc. IVA<\/small>","original_product_price":2420,"price_including_tax":2420,"price_excluding_tax":2000,"product_id":{"parent":17070,"variation":false},"is_variable":true,"stock_status":"instock","stock_quantity":null,"parent_sku":"","product_attributes":{"pa_batteries-growatt-apx":{"is_variation":true,"values":[]}},"custom_fields":[],"is_taxable":true,"product_name":"Growatt High Voltage Lithium Battery Kit for Hybrid Solar Systems","hasImage":false},"fields":{"sec_666e7406ce3fab":{"extra":{"key":"sec_666e7406ce3fab","section_id":"sec_666e7406ce3fab","name":"Default","status":1,"cl_rule":"show","enableCl":false,"relations":[],"toggle":true,"title_tag":"h3","show_title":false,"showPrice":"default","form_id":15174,"form_rules":{"exclude_from_discount":false,"fee_label":"Frais","disp_hide_options_price":true,"disp_show_section_price":false,"disp_show_field_price":false,"layout_option":"standard","pric_use_as_fee":false,"process_fee_as":"woo_fee"},"layout_option":"standard"},"fields":[[{"type":"checkbox-group","elementId":"wcpa-checkbox-group-1667583517406","label":"","enablePrice":true,"priceOptions":"fixed_for_all","pricingType":"fixed","price":"0","name":"checkbox-group-1667583517406","other_text":"Other","cl_rule":"show","col":6,"values":[{"label":" ","value":"option-1","price":"","pimage":"","pimage_id":"","pthumb":"","gt_translate_keys":["label"]}],"relations":[{"operator":false,"rules":[{"operator":"AND","rules":{"cl_field":"attribute","cl_relation":"is","cl_val":"a3kw","cl_field_sub":"pa_a-power"}}]}],"active":true,"tooltip":"","layOut":"","checkUi":"","error":false,"enableCl":true,"gt_translate_keys":["label","tooltip"],"price_dependency":false,"cl_dependency":false,"value":""}]]}},"config":{"price_override":"","enable_recaptcha":false,"bind_quantity":false,"quantity_bind_formula":false,"disp_summ_show_option_price":false,"disp_summ_show_product_price":false,"disp_summ_show_total_price":true,"disp_summ_show_fee":false,"disp_summ_show_discount":false,"summary_title":"","options_total_label":"Prix des modules compl\u00e9mentaires du syst\u00e8me","total_label":"Total","options_product_label":"Prix du syst\u00e8me","fee_label":"Frais","discount_label":"Rabais","has_price":true,"has_quantity_formula":false},"mc_unit":1,"tax_rate":1,"tax_rate_real":0.2099999999999999922284388276239042170345783233642578125,"discount":{"percentage":0,"fixed":0},"design":{"conf":{"LabelPosition":"above","DescPosition":"above","UploadField":"custom_1","QuantityFieldStyle":"default"},"css":{"LeftLabelWidth":"120px"}},"formulas":[],"lookuptables":[],"clones":false,"cartKey":false}},"_links":{"self":[{"href":"https:\/\/enera-solar.com\/es\/wp-json\/wp\/v2\/product\/17070","targetHints":{"allow":["GET"]}}],"collection":[{"href":"https:\/\/enera-solar.com\/es\/wp-json\/wp\/v2\/product"}],"about":[{"href":"https:\/\/enera-solar.com\/es\/wp-json\/wp\/v2\/types\/product"}],"wp:featuredmedia":[{"embeddable":true,"href":"https:\/\/enera-solar.com\/es\/wp-json\/wp\/v2\/media\/17181"}],"wp:attachment":[{"href":"https:\/\/enera-solar.com\/es\/wp-json\/wp\/v2\/media?parent=17070"}],"wp:term":[{"taxonomy":"product_brand","embeddable":true,"href":"https:\/\/enera-solar.com\/es\/wp-json\/wp\/v2\/product_brand?post=17070"},{"taxonomy":"product_cat","embeddable":true,"href":"https:\/\/enera-solar.com\/es\/wp-json\/wp\/v2\/product_cat?post=17070"},{"taxonomy":"product_tag","embeddable":true,"href":"https:\/\/enera-solar.com\/es\/wp-json\/wp\/v2\/product_tag?post=17070"}],"curies":[{"name":"gracias","href":"https:\/\/api.w.org\/{rel}","templated":true}]}}