{"id":16556,"date":"2024-04-15T11:41:16","date_gmt":"2024-04-15T09:41:16","guid":{"rendered":"https:\/\/enera-solar.com\/?post_type=product&#038;p=16556"},"modified":"2026-02-04T14:01:50","modified_gmt":"2026-02-04T13:01:50","slug":"paneles-fotovoltaicos-con-bateria-8","status":"publish","type":"product","link":"https:\/\/enera-solar.com\/es\/tienda\/paneles-fotovoltaicos-con-bateria-8\/","title":{"rendered":"Kit de carga para coche el\u00e9ctrico."},"content":{"rendered":"<div id=\"home\"  data-column-margin=\"90px\" data-midnight=\"dark\"  class=\"wpb_row vc_row-fluid vc_row full-width-section has-row-bg-color vc_row-o-equal-height vc_row-flex vc_row-o-content-middle  top_padding_tablet_8pct bottom_padding_tablet_8pct\"  style=\"padding-top: 0px; padding-bottom: 0px; --row-bg-color: #ffffff;\"><div class=\"row-bg-wrap\" data-bg-animation=\"none\" data-bg-animation-delay=\"\" data-bg-overlay=\"false\"><div class=\"inner-wrap row-bg-layer\" ><div class=\"row-bg viewport-desktop using-bg-color\"  style=\"background-color: #ffffff; \"><\/div><\/div><\/div><div class=\"row_col_wrap_12 col span_12 dark left\">\n\t<div style=\"z-index: 100; \" class=\"vc_col-sm-6 vc_col-xs-12 wpb_column column_container vc_column_container col padding-4-percent el_spacing_10px no-extra-padding_tablet no-extra-padding_phone\"  data-padding-pos=\"right\" data-has-bg-color=\"false\" data-bg-color=\"\" data-bg-opacity=\"1\" data-animation=\"\" data-delay=\"0\" >\n\t\t<div class=\"vc_column-inner\" >\n\t\t\t<div class=\"wpb_wrapper\">\n\t\t\t\t<div id=\"fws_6a00d6dc70aec\" data-midnight=\"\" data-column-margin=\"default\" class=\"wpb_row vc_row-fluid vc_row inner_row\"  style=\"\"><div class=\"row-bg-wrap\"> <div class=\"row-bg\" ><\/div> <\/div><div class=\"row_col_wrap_12_inner col span_12  left\">\n\t<div  class=\"vc_col-sm-12 wpb_column column_container vc_column_container col child_column has-animation no-extra-padding el_spacing_5px inherit_tablet inherit_phone\"   data-padding-pos=\"all\" data-has-bg-color=\"false\" data-bg-color=\"\" data-bg-opacity=\"1\" data-animation=\"fade-in-from-bottom\" data-delay=\"0\" >\n\t\t<div class=\"vc_column-inner\" >\n\t\t<div class=\"wpb_wrapper\">\n\t\t\t<div class=\"nectar-highlighted-text\" data-style=\"regular_underline\" data-exp=\"default\" data-underline-thickness=\"1px\" data-user-color=\"true\" style=\"color: #f49f1f;\" data-using-custom-color=\"true\" data-animation-delay=\"400\" data-color=\"#f49f1f\" data-color-gradient=\"\"><h5><em>Resumen<\/em><\/h5>\n<\/div>\n<div class=\"wpb_text_column wpb_content_element\" >\n\t<h3><strong>Explore el cargador avanzado para autom\u00f3vil el\u00e9ctrico Growatt THOR<\/strong><\/h3>\n<\/div>\n\n\n\n\n\t\t<\/div> \n\t<\/div>\n\t<\/div> \n<\/div><\/div><div id=\"fws_6a00d6dc714b4\" data-midnight=\"\" data-column-margin=\"default\" class=\"wpb_row vc_row-fluid vc_row inner_row\"  style=\"\"><div class=\"row-bg-wrap\"> <div class=\"row-bg\" ><\/div> <\/div><div class=\"row_col_wrap_12_inner col span_12  left\">\n\t<div  class=\"vc_col-sm-12 wpb_column column_container vc_column_container col child_column has-animation no-extra-padding el_spacing_5px inherit_tablet inherit_phone\"   data-padding-pos=\"all\" data-has-bg-color=\"false\" data-bg-color=\"\" data-bg-opacity=\"1\" data-animation=\"fade-in-from-bottom\" data-delay=\"0\" >\n\t\t<div class=\"vc_column-inner\" >\n\t\t<div class=\"wpb_wrapper\">\n\t\t\t\n<div class=\"wpb_text_column wpb_content_element\" >\n\t<p><strong>Caracter\u00edsticas completas de los cargadores para autom\u00f3viles el\u00e9ctricos de la serie THOR de Growatt<\/strong><\/p>\n<ul>\n<li><strong>Interfaz amigable<\/strong>: Los cargadores de la serie THOR cuentan con una interfaz sencilla y accesible con funcionalidades que incluyen control, facturaci\u00f3n y opciones integrales de comunicaci\u00f3n. Esta interfaz intuitiva mejora la interacci\u00f3n del usuario, garantizando una experiencia de carga perfecta.<\/li>\n<li><strong>Conectividad robusta y gesti\u00f3n remota<\/strong>: Equipados con m\u00faltiples opciones de conectividad, como Ethernet por cable, WIFI y 4G, los cargadores de la serie THOR mantienen una conexi\u00f3n estable con los servidores administrativos. Los usuarios pueden gestionar f\u00e1cilmente los cronogramas de reservas y gestionar los pagos a trav\u00e9s de una aplicaci\u00f3n m\u00f3vil f\u00e1cil de usar.<\/li>\n<li><strong>Utilizaci\u00f3n de la energ\u00eda solar<\/strong>: Los cargadores de la serie THOR integran din\u00e1micamente la energ\u00eda solar y est\u00e1n dise\u00f1ados para funcionar con sistemas fotovoltaicos existentes y reci\u00e9n instalados, promoviendo el autoconsumo solar y apoyando el uso sostenible de la energ\u00eda.<\/li>\n<li><strong>Amplia compatibilidad con veh\u00edculos el\u00e9ctricos<\/strong>: Dise\u00f1ados para adaptarse a una amplia gama de modelos de veh\u00edculos el\u00e9ctricos de los principales fabricantes como Tesla, Nissan, Renault, BMW, BYD y Hyundai, estos cargadores garantizan una amplia compatibilidad y beneficios de tecnolog\u00eda de carga avanzada para la mayor\u00eda de los propietarios de veh\u00edculos el\u00e9ctricos.<\/li>\n<li><strong>Monitoreo inteligente a trav\u00e9s de aplicaciones web y m\u00f3viles<\/strong>: Supervise el proceso de carga a trav\u00e9s de la aplicaci\u00f3n ShinePhone o growatt.com. La pantalla digital proporciona informaci\u00f3n instant\u00e1nea sobre el estado de carga, mostrando si la bater\u00eda est\u00e1 completamente cargada, a\u00fan carg\u00e1ndose o si ha surgido alg\u00fan problema. Tambi\u00e9n cuenta con una se\u00f1al de parada de emergencia para mayor seguridad.<\/li>\n<li><strong>Alta adaptabilidad ambiental<\/strong>: Con un \u00edndice de protecci\u00f3n IP65, los cargadores de la serie THOR est\u00e1n dise\u00f1ados para soportar ambientes interiores y exteriores, ofreciendo durabilidad y resistencia frente a diversas condiciones clim\u00e1ticas.<\/li>\n<\/ul>\n<\/div>\n\n\n\n\n\t\t<\/div> \n\t<\/div>\n\t<\/div> \n<\/div><\/div>\n\t\t\t<\/div> \n\t\t<\/div>\n\t<\/div> \n\n\t<div  class=\"vc_col-sm-6 vc_col-xs-12 wpb_column column_container vc_column_container col no-extra-padding inherit_tablet inherit_phone\"  data-padding-pos=\"all\" data-has-bg-color=\"false\" data-bg-color=\"\" data-bg-opacity=\"1\" data-animation=\"\" data-delay=\"0\" >\n\t\t<div class=\"vc_column-inner\" >\n\t\t\t<div class=\"wpb_wrapper\">\n\t\t\t\t<div id=\"fws_6a00d6dc71f23\" data-midnight=\"\" data-column-margin=\"default\" class=\"wpb_row vc_row-fluid vc_row inner_row\"  style=\"\"><div class=\"row-bg-wrap\"> <div class=\"row-bg\" ><\/div> <\/div><div class=\"row_col_wrap_12_inner col span_12  left\">\n\t<div  class=\"vc_col-sm-12 wpb_column column_container vc_column_container col child_column no-extra-padding inherit_tablet inherit_phone\"   data-padding-pos=\"all\" data-has-bg-color=\"false\" data-bg-color=\"\" data-bg-opacity=\"1\" data-animation=\"\" data-delay=\"0\" >\n\t\t<div class=\"vc_column-inner\" >\n\t\t<div class=\"wpb_wrapper\">\n\t\t\t<div class=\"img-with-aniamtion-wrap center\" data-max-width=\"100%\" data-max-width-mobile=\"default\" data-shadow=\"none\" data-animation=\"fade-in\" >\n      <div class=\"inner\">\n        <div class=\"hover-wrap\"> \n          <div class=\"hover-wrap-inner\">\n            <a href=\"https:\/\/enera-solar.com\/wp-content\/smush-webp\/2024\/04\/ev_charger_scheme.jpg.webp\" class=\"pp center\">\n              <img decoding=\"async\" class=\"img-with-animation skip-lazy\" data-delay=\"0\" height=\"460\" width=\"842\" data-animation=\"fade-in\" src=\"https:\/\/enera-solar.com\/wp-content\/smush-webp\/2024\/04\/ev_charger_scheme.jpg.webp\" alt=\"\" srcset=\"https:\/\/enera-solar.com\/wp-content\/smush-webp\/2024\/04\/ev_charger_scheme.jpg.webp 842w, https:\/\/enera-solar.com\/wp-content\/uploads\/2024\/04\/ev_charger_scheme-300x164.jpg 300w, https:\/\/enera-solar.com\/wp-content\/smush-webp\/2024\/04\/ev_charger_scheme-768x420.jpg.webp 768w, https:\/\/enera-solar.com\/wp-content\/uploads\/2024\/04\/ev_charger_scheme-18x10.jpg 18w, https:\/\/enera-solar.com\/wp-content\/uploads\/2024\/04\/ev_charger_scheme-600x328.jpg 600w\" sizes=\"(max-width: 842px) 100vw, 842px\" \/>\n            <\/a>\n          <\/div>\n        <\/div>\n         \n      <\/div>\n      <\/div>\n<div class=\"wpb_text_column wpb_content_element\" >\n\t<ol>\n<li class=\"li1\">LOGO e indicador de estado<\/li>\n<li class=\"li1\">Compatible con RFID (para la versi\u00f3n RFID)<\/li>\n<li class=\"li1\">Bot\u00f3n de inicio o parada<\/li>\n<li class=\"li1\">Toma de corriente (portaenchufe para versi\u00f3n con cable)<\/li>\n<li class=\"li1\">Soporte de montaje<\/li>\n<li class=\"li1\">Ventana lateral y placa de identificaci\u00f3n<\/li>\n<li class=\"li1\">Prensaestopas impermeable para cables de entrada de CA<\/li>\n<li class=\"li1\">Prensaestopas impermeable para cables de comunicaci\u00f3n<\/li>\n<\/ol>\n<p>Ficha T\u00e9cnica para <a href=\"https:\/\/enera-solar.com\/wp-content\/uploads\/2024\/04\/datasheet-growatt-single-phase.pdf\">fase \u00fanica<\/a> y para <a href=\"https:\/\/enera-solar.com\/wp-content\/uploads\/2024\/04\/datasheet-growatt-three-phase.pdf\">tres fases<\/a><\/p>\n<\/div>\n\n\n\n<div class=\"img-with-aniamtion-wrap\" data-max-width=\"100%\" data-max-width-mobile=\"default\" data-shadow=\"none\" data-animation=\"none\" >\n      <div class=\"inner\">\n        <div class=\"hover-wrap\"> \n          <div class=\"hover-wrap-inner\">\n            <img decoding=\"async\" class=\"img-with-animation skip-lazy\" data-delay=\"0\" height=\"1504\" width=\"2560\" data-animation=\"none\" src=\"https:\/\/enera-solar.com\/wp-content\/smush-webp\/2024\/04\/ev_charger-scaled.jpg.webp\" alt=\"\" srcset=\"https:\/\/enera-solar.com\/wp-content\/smush-webp\/2024\/04\/ev_charger-scaled.jpg.webp 2560w, https:\/\/enera-solar.com\/wp-content\/uploads\/2024\/04\/ev_charger-300x176.jpg 300w, https:\/\/enera-solar.com\/wp-content\/smush-webp\/2024\/04\/ev_charger-1024x602.jpg.webp 1024w, https:\/\/enera-solar.com\/wp-content\/smush-webp\/2024\/04\/ev_charger-768x451.jpg.webp 768w, https:\/\/enera-solar.com\/wp-content\/smush-webp\/2024\/04\/ev_charger-1536x903.jpg.webp 1536w, https:\/\/enera-solar.com\/wp-content\/smush-webp\/2024\/04\/ev_charger-2048x1203.jpg.webp 2048w, https:\/\/enera-solar.com\/wp-content\/uploads\/2024\/04\/ev_charger-18x12.jpg 18w, https:\/\/enera-solar.com\/wp-content\/smush-webp\/2024\/04\/ev_charger-600x353.jpg.webp 600w\" sizes=\"(max-width: 2560px) 100vw, 2560px\" \/>\n          <\/div>\n        <\/div>\n        \n      <\/div>\n    <\/div>\n\t\t<\/div> \n\t<\/div>\n\t<\/div> \n<\/div><\/div>\n\t\t\t<\/div> \n\t\t<\/div>\n\t<\/div> \n<\/div><\/div>","protected":false},"excerpt":{"rendered":"<p>La serie Growatt THOR representa la vanguardia de la tecnolog\u00eda de carga de veh\u00edculos el\u00e9ctricos. Estos cargadores inteligentes est\u00e1n dise\u00f1ados para alimentar de manera eficiente veh\u00edculos el\u00e9ctricos utilizando tecnolog\u00eda profesional y sofisticada, lo que los convierte en complementos esenciales para cualquier estaci\u00f3n de carga, ya sea en casa, en estacionamientos comunitarios o en entornos corporativos.<\/p>\n<p>Tambi\u00e9n podemos ofrecerle Paneles Fotovoltaicos de Autoconsumo. <a href=\"https:\/\/enera-solar.com\/shop\/photovoltaic-panels\/\">Estaciones monof\u00e1sicas<\/a>, <a href=\"https:\/\/enera-solar.com\/shop\/self-consumption-photovoltaic-panels-grid-connection-three-phase-meter\/\">sistemas trif\u00e1sicos<\/a> o <a href=\"https:\/\/enera-solar.com\/shop\/autonomous-isolated-house-without-grid-connection\/\">instalaciones aisladas aut\u00f3nomas<\/a>, as\u00ed como brindarle una soluci\u00f3n personalizada que se ajuste a sus condiciones, <a href=\"https:\/\/enera-solar.com\/contact\/\">Cont\u00e1ctenos<\/a><\/p>","protected":false},"featured_media":17010,"template":"","meta":[],"product_brand":[],"product_cat":[1675,808,1704,1705],"product_tag":[],"class_list":{"0":"post-16556","1":"product","2":"type-product","3":"status-publish","4":"has-post-thumbnail","6":"product_cat-for-electric-cars","7":"product_cat-for-photovoltaics","8":"product_cat-single-phase","9":"product_cat-three-phase","10":"product_shipping_class-electricity","11":"wcpa_has_options","13":"first","14":"instock","15":"sold-individually","16":"taxable","17":"shipping-taxable","18":"purchasable","19":"product-type-variable"},"wcpa_form_fields":{"wcpaData":{"product":{"product_price":1361,"price_html":"<span class=\"woocommerce-Price-amount amount\" aria-hidden=\"true\"><bdi>1.361,00&nbsp;<span class=\"woocommerce-Price-currencySymbol\">&euro;<\/span><\/bdi><\/span> <span aria-hidden=\"true\">-<\/span> <span class=\"woocommerce-Price-amount amount\" aria-hidden=\"true\"><bdi>1.854,00&nbsp;<span class=\"woocommerce-Price-currencySymbol\">&euro;<\/span><\/bdi><\/span><span class=\"screen-reader-text\">Rango de precios: desde 1.361,00&nbsp;&euro; hasta 1.854,00&nbsp;&euro;<\/span> <small class=\"woocommerce-price-suffix\">inc. IVA<\/small>","original_product_price":1361,"price_including_tax":1361,"price_excluding_tax":1124.793388000000049942173063755035400390625,"product_id":{"parent":16556,"variation":false},"is_variable":true,"stock_status":"instock","stock_quantity":null,"parent_sku":"","product_attributes":{"what-power-do-you-need":{"is_variation":true,"values":[]}},"custom_fields":[],"is_taxable":true,"product_name":"Electric car charging kit","hasImage":false},"fields":{"sec_666e7406ce3fab":{"extra":{"key":"sec_666e7406ce3fab","section_id":"sec_666e7406ce3fab","name":"Default","status":1,"cl_rule":"show","enableCl":false,"relations":[],"toggle":true,"title_tag":"h3","show_title":false,"showPrice":"default","form_id":15174,"form_rules":{"exclude_from_discount":false,"fee_label":"Fee","disp_hide_options_price":true,"disp_show_section_price":false,"disp_show_field_price":false,"layout_option":"standard","pric_use_as_fee":false,"process_fee_as":"woo_fee"},"layout_option":"standard"},"fields":[[{"type":"checkbox-group","elementId":"wcpa-checkbox-group-1667583517406","label":"","enablePrice":true,"priceOptions":"fixed_for_all","pricingType":"fixed","price":"0","name":"checkbox-group-1667583517406","other_text":"Other","cl_rule":"show","col":6,"values":[{"label":" ","value":"option-1","price":"","pimage":"","pimage_id":"","pthumb":"","gt_translate_keys":["label"]}],"relations":[{"operator":false,"rules":[{"operator":"AND","rules":{"cl_field":"attribute","cl_relation":"is","cl_val":"a3kw","cl_field_sub":"pa_a-power"}}]}],"active":true,"tooltip":"","layOut":"","checkUi":"","error":false,"enableCl":true,"gt_translate_keys":["label","tooltip"],"price_dependency":false,"cl_dependency":false,"value":""}]]}},"config":{"price_override":"","enable_recaptcha":false,"bind_quantity":false,"quantity_bind_formula":false,"disp_summ_show_option_price":false,"disp_summ_show_product_price":false,"disp_summ_show_total_price":true,"disp_summ_show_fee":false,"disp_summ_show_discount":false,"summary_title":"","options_total_label":"System Add-ons Price","total_label":"Total","options_product_label":"System Price","fee_label":"Fee","discount_label":"Discount","has_price":true,"has_quantity_formula":false},"mc_unit":1,"tax_rate":1,"tax_rate_real":0.2099999999999999922284388276239042170345783233642578125,"discount":{"percentage":0,"fixed":0},"design":{"conf":{"LabelPosition":"above","DescPosition":"above","UploadField":"custom_1","QuantityFieldStyle":"default"},"css":{"LeftLabelWidth":"120px"}},"formulas":[],"lookuptables":[],"clones":false,"cartKey":false}},"_links":{"self":[{"href":"https:\/\/enera-solar.com\/es\/wp-json\/wp\/v2\/product\/16556","targetHints":{"allow":["GET"]}}],"collection":[{"href":"https:\/\/enera-solar.com\/es\/wp-json\/wp\/v2\/product"}],"about":[{"href":"https:\/\/enera-solar.com\/es\/wp-json\/wp\/v2\/types\/product"}],"wp:featuredmedia":[{"embeddable":true,"href":"https:\/\/enera-solar.com\/es\/wp-json\/wp\/v2\/media\/17010"}],"wp:attachment":[{"href":"https:\/\/enera-solar.com\/es\/wp-json\/wp\/v2\/media?parent=16556"}],"wp:term":[{"taxonomy":"product_brand","embeddable":true,"href":"https:\/\/enera-solar.com\/es\/wp-json\/wp\/v2\/product_brand?post=16556"},{"taxonomy":"product_cat","embeddable":true,"href":"https:\/\/enera-solar.com\/es\/wp-json\/wp\/v2\/product_cat?post=16556"},{"taxonomy":"product_tag","embeddable":true,"href":"https:\/\/enera-solar.com\/es\/wp-json\/wp\/v2\/product_tag?post=16556"}],"curies":[{"name":"gracias","href":"https:\/\/api.w.org\/{rel}","templated":true}]}}