{"id":7352,"date":"2019-07-16T14:23:24","date_gmt":"2019-07-16T12:23:24","guid":{"rendered":"https:\/\/enera-solar.com\/?page_id=7352"},"modified":"2023-03-14T11:58:04","modified_gmt":"2023-03-14T10:58:04","slug":"faq","status":"publish","type":"page","link":"https:\/\/enera-solar.com\/es\/preguntas-mas-frecuentes\/","title":{"rendered":"FAQ"},"content":{"rendered":"<div id=\"fws_69db7a69a1266\"  data-column-margin=\"default\" data-midnight=\"dark\"  class=\"wpb_row vc_row-fluid vc_row full-width-section has-row-bg-color\"  style=\"padding-top: 100px; padding-bottom: 100px; --row-bg-color: #f7f7f7;\"><div class=\"row-bg-wrap\" data-bg-animation=\"none\" data-bg-animation-delay=\"\" data-bg-overlay=\"false\"><div class=\"inner-wrap row-bg-layer\" ><div class=\"row-bg viewport-desktop using-bg-color\"  style=\"background-color: #f7f7f7; \"><\/div><\/div><\/div><div class=\"row_col_wrap_12 col span_12 dark left\">\n\t<div  class=\"vc_col-sm-12 wpb_column column_container vc_column_container col no-extra-padding inherit_tablet inherit_phone\"  data-padding-pos=\"all\" data-has-bg-color=\"false\" data-bg-color=\"\" data-bg-opacity=\"1\" data-animation=\"\" data-delay=\"0\" >\n\t\t<div class=\"vc_column-inner\" >\n\t\t\t<div class=\"wpb_wrapper\">\n\t\t\t\t\n<div class=\"wpb_text_column wpb_content_element\" >\n\t<h2>Preguntas frecuentes de ENERA<\/h2>\n<\/div>\n\n\n\n<div class=\"toggles accordion\" data-br=\"\" data-starting=\"default\" data-style=\"minimal\"><div class=\"toggle default\" data-inner-wrap=\"true\"><h3 class=\"toggle-title\"><a href=\"#\" role=\"button\" class=\"toggle-heading\"><i role=\"presentation\" class=\"fa fa-plus\"><\/i>\u00bfCalentar el agua con energ\u00eda solar es una alternativa viable al gas o la electricidad?<\/a><\/h3><div><div class=\"inner-toggle-wrap\">\n<div class=\"wpb_text_column wpb_content_element\" >\n\t<p>La energ\u00eda solar no debe verse como una alternativa al gas o la electricidad, sino como un suplemento. La energ\u00eda solar no puede reemplazar totalmente la necesidad de calefacci\u00f3n a gas o el\u00e9ctrica, ya que a veces hay d\u00edas en que hay poca luz solar. Cuando se promedia a lo largo de un a\u00f1o, un sistema solar del tama\u00f1o correcto puede proporcionar el 60% -70% de las necesidades de agua caliente de un hogar. No es aconsejable proporcionar m\u00e1s de esto, ya que se producir\u00e1 demasiado calor en el verano. El sistema de agua caliente se puede automatizar f\u00e1cilmente para garantizar el agua caliente independientemente de los niveles de luz solar.<\/p>\n<\/div>\n\n\n\n<\/div><\/div><\/div><div class=\"toggle default\" data-inner-wrap=\"true\"><h3 class=\"toggle-title\"><a href=\"#\" role=\"button\" class=\"toggle-heading\"><i role=\"presentation\" class=\"fa fa-plus\"><\/i>\u00bfCu\u00e1nto tiempo tomar\u00e1 recuperar mi inversi\u00f3n?<\/a><\/h3><div><div class=\"inner-toggle-wrap\">\n<div class=\"wpb_text_column wpb_content_element\" >\n\t<p>Los colectores solares ENERA son mucho m\u00e1s asequibles que muchos otros calentadores de agua solares. Para un hogar de 4 personas, el precio de un sistema completo no puede ser mucho m\u00e1s que un nuevo sistema el\u00e9ctrico o de gas. Dependiendo de su ubicaci\u00f3n (niveles solares) y del uso actual de agua caliente, el ahorro anual de electricidad o gas ser\u00e1 diferente. Sin embargo, en un hogar normal que gasta el 25% de su factura de electricidad en la calefacci\u00f3n por agua caliente, el costo total de la compra puede recuperarse tan pronto como 4-5 a\u00f1os en facturas reducidas. Definitivamente har\u00e1 ahorros considerables durante la vida de<br \/>\nel calentador de agua solar<\/p>\n<\/div>\n\n\n\n<\/div><\/div><\/div><div class=\"toggle default\" data-inner-wrap=\"true\"><h3 class=\"toggle-title\"><a href=\"#\" role=\"button\" class=\"toggle-heading\"><i role=\"presentation\" class=\"fa fa-plus\"><\/i>\u00bfSe pueden utilizar los colectores solares ENERA en condiciones de fr\u00edo?<\/a><\/h3><div><div class=\"inner-toggle-wrap\">\n<div class=\"wpb_text_column wpb_content_element\" >\n\t<p>S\u00ed. Los colectores ENERA se pueden usar a temperaturas tan bajas como -30 \u00b0 C, aunque el rendimiento se reduce considerablemente en condiciones extremas. Todav\u00eda se logra una buena salida de calor en condiciones suaves bajo cero.<\/p>\n<\/div>\n\n\n\n<\/div><\/div><\/div><div class=\"toggle default\" data-inner-wrap=\"true\"><h3 class=\"toggle-title\"><a href=\"#\" role=\"button\" class=\"toggle-heading\"><i role=\"presentation\" class=\"fa fa-plus\"><\/i>\u00bfQu\u00e9 pasa si uno de los tubos solares est\u00e1 roto?<\/a><\/h3><div><div class=\"inner-toggle-wrap\">\n<div class=\"wpb_text_column wpb_content_element\" >\n\t<p>En primer lugar, los tubos son muy fuertes y no se rompen f\u00e1cilmente, pero si ocurre lo peor, los tubos solares se pueden reemplazar muy f\u00e1cilmente. Son econ\u00f3micos y est\u00e1n disponibles a trav\u00e9s de su distribuidor local de ENERA. Los colectores solares ENERA pueden operar con varios tubos rotos, pero la eficiencia se reducir\u00e1, por lo que se recomienda reemplazar los tubos rotos inmediatamente.<\/p>\n<\/div>\n\n\n\n<\/div><\/div><\/div><div class=\"toggle default\" data-inner-wrap=\"true\"><h3 class=\"toggle-title\"><a href=\"#\" role=\"button\" class=\"toggle-heading\"><i role=\"presentation\" class=\"fa fa-plus\"><\/i>\u00bfSe calentar\u00e1 el agua en un d\u00eda nublado?<\/a><\/h3><div><div class=\"inner-toggle-wrap\">\n<div class=\"wpb_text_column wpb_content_element\" >\n\t<p>S\u00ed. Aunque la producci\u00f3n de calor del colector solar se reduce en los d\u00edas nublados, a\u00fan podr\u00e1 proporcionar calefacci\u00f3n. Si es un d\u00eda muy nublado o llueve, es posible que se requiera m\u00e1s gas o refuerzo el\u00e9ctrico para mantener el agua a la temperatura requerida. Este sistema estar\u00e1 automatizado para que no tenga que preocuparse por quedarse sin agua caliente en un d\u00eda lluvioso.<\/p>\n<\/div>\n\n\n\n<\/div><\/div><\/div><div class=\"toggle default\" data-inner-wrap=\"true\"><h3 class=\"toggle-title\"><a href=\"#\" role=\"button\" class=\"toggle-heading\"><i role=\"presentation\" class=\"fa fa-plus\"><\/i>\u00bfPuedo usar un colector solar con mi sistema de agua caliente existente?<\/a><\/h3><div><div class=\"inner-toggle-wrap\">\n<div class=\"wpb_text_column wpb_content_element\" >\n\t<p>Normalmente si Con frecuencia, se pueden usar v\u00e1lvulas de adaptaci\u00f3n simples para permitir que la energ\u00eda solar se conecte a su entrada de agua fr\u00eda existente. Si su tanque no puede aceptar la entrada solar directamente, se puede instalar un tanque de almacenamiento adicional para precalentar el agua fr\u00eda antes de ingresar al tanque existente.<\/p>\n<\/div>\n\n\n\n<\/div><\/div><\/div><div class=\"toggle default\" data-inner-wrap=\"true\"><h3 class=\"toggle-title\"><a href=\"#\" role=\"button\" class=\"toggle-heading\"><i role=\"presentation\" class=\"fa fa-plus\"><\/i>\u00bfSon visibles los colectores solares en el techo?<\/a><\/h3><div><div class=\"inner-toggle-wrap\">\n<div class=\"wpb_text_column wpb_content_element\" >\n\t<p>Si solo se monta el colector en el techo, debe integrarse bastante bien en el dise\u00f1o del techo. Los colectores solares ENERA son muy delgados y se pueden montar al ras en un techo. Desde la distancia se ven un poco como un tragaluz. Es posible que tenga que consultar con su consejo local sobre las restricciones de construcci\u00f3n al instalar su colector solar.<\/p>\n<\/div>\n\n\n\n<\/div><\/div><\/div><div class=\"toggle default\" data-inner-wrap=\"true\"><h3 class=\"toggle-title\"><a href=\"#\" role=\"button\" class=\"toggle-heading\"><i role=\"presentation\" class=\"fa fa-plus\"><\/i>\u00bfSe pueden montar los colectores solares ENERA en una superficie plana?<\/a><\/h3><div><div class=\"inner-toggle-wrap\">\n<div class=\"wpb_text_column wpb_content_element\" >\n\t<p>S\u00ed, pueden montarse en un techo plano o en el suelo utilizando un Marco de techo plano de acero inoxidable. El colector debe instalarse en un \u00e1ngulo m\u00ednimo de 20 \u00b0 para garantizar un funcionamiento \u00f3ptimo de la tuber\u00eda de calor.<\/p>\n<\/div>\n\n\n\n<\/div><\/div><\/div><div class=\"toggle default\" data-inner-wrap=\"true\"><h3 class=\"toggle-title\"><a href=\"#\" role=\"button\" class=\"toggle-heading\"><i role=\"presentation\" class=\"fa fa-plus\"><\/i>\u00bfC\u00f3mo protejo mi sistema solar durante temperaturas bajo cero?<\/a><\/h3><div><div class=\"inner-toggle-wrap\">\n<div class=\"wpb_text_column wpb_content_element\" >\n\t<p>Si tiene un sistema que funciona en \u00e1reas con temperaturas bajo cero, entonces debe implementarse la protecci\u00f3n contra congelamiento. La manera m\u00e1s f\u00e1cil de prevenir la congelaci\u00f3n es usar un controlador con un ajuste de bajas temperaturas, por lo que cuando la temperatura del colector descienda por debajo de cierta temperatura preestablecida (5 \u00b0 C \/ 40 \u00b0 C), la bomba circular\u00e1, calentando el colector con agua. Desde el fondo del tanque de almacenamiento. La bomba no funcionar\u00e1 continuamente, solo peri\u00f3dicamente, cuya frecuencia depender\u00e1 de la temperatura exterior. En \u00e1reas extremadamente fr\u00edas, puede ser apropiado un circuito cerrado con una mezcla de glicol \/ agua.<\/p>\n<\/div>\n\n\n\n<\/div><\/div><\/div><div class=\"toggle default\" data-inner-wrap=\"true\"><h3 class=\"toggle-title\"><a href=\"#\" role=\"button\" class=\"toggle-heading\"><i role=\"presentation\" class=\"fa fa-plus\"><\/i>\u00bfEl colector solar ENERA supondr\u00e1 un riesgo de incendio en climas c\u00e1lidos y secos?<\/a><\/h3><div><div class=\"inner-toggle-wrap\">\n<div class=\"wpb_text_column wpb_content_element\" >\n\t<p>No. Los componentes del colector solar ENERA est\u00e1n clasificados para altas temperaturas y no son inflamables, por lo que incluso durante la luz solar intensa con la bomba de circulaci\u00f3n apagada (estancamiento), el sistema no se encender\u00e1 ni emitir\u00e1 chispas. La mayor\u00eda de los componentes de los colectores solares son de acero inoxidable, aluminio, vidrio o lana de vidrio. La salida del colector debe estar equipada con una v\u00e1lvula de alivio de temperatura, que evitar\u00e1 que la temperatura del colector supere los 99 \u00b0C\/212 \u00b0C.<\/p>\n<\/div>\n\n\n\n<\/div><\/div><\/div><div class=\"toggle default\" data-inner-wrap=\"true\"><h3 class=\"toggle-title\"><a href=\"#\" role=\"button\" class=\"toggle-heading\"><i role=\"presentation\" class=\"fa fa-plus\"><\/i>\u00bfPuede el colector solar ENERA calentar el agua a una temperatura suficientemente alta?<\/a><\/h3><div><div class=\"inner-toggle-wrap\">\n<div class=\"wpb_text_column wpb_content_element\" >\n\t<p>S\u00ed, cuando hace buen tiempo, el colector solar ENERA puede llevar el agua al punto de ebullici\u00f3n. En general, esto no es necesario y, por lo tanto, el sistema debe dise\u00f1arse para proporcionar un aumento diario de la temperatura de alrededor de 25-30 \u00b0 C (45-54 \u00b0 C) en el verano. No es l\u00f3gico dimensionar un sistema dom\u00e9stico que puede llevar el agua fr\u00eda a 60 \u00b0 C \/ 141 \u00b0 C en un solo d\u00eda, ya que si no se usa agua caliente durante un d\u00eda, al d\u00eda siguiente el sistema estar\u00e1 hirviendo y descargando agua caliente a trav\u00e9s de la v\u00e1lvula de alivio de temperatura. \u00a1Esto es a la vez un desperdicio de energ\u00eda y agua! Por favor, dimensione sensiblemente el sistema de calentamiento de agua solar para asegurar un rendimiento \u00f3ptimo y un m\u00ednimo desperdicio de agua.<\/p>\n<\/div>\n\n\n\n<\/div><\/div><\/div><div class=\"toggle default\" data-inner-wrap=\"true\"><h3 class=\"toggle-title\"><a href=\"#\" role=\"button\" class=\"toggle-heading\"><i role=\"presentation\" class=\"fa fa-plus\"><\/i>\u00bfQu\u00e9 mantenimiento del colector solar se requiere?<\/a><\/h3><div><div class=\"inner-toggle-wrap\">\n<div class=\"wpb_text_column wpb_content_element\" >\n\t<p>En circunstancias normales, no se requiere mantenimiento del sistema. Debido a la forma de los tubos, la lluvia y el viento deben mantener los tubos limpios. Si un tubo se rompe, debe ser reemplazado. Esto, sin embargo, es un trabajo barato y f\u00e1cil. Cualquier persona \u201cpr\u00e1ctica\u201d puede instalar un tubo nuevo (respetando las normas locales de salud y seguridad). Los colectores solares ENERA pueden operar con varios tubos rotos, sin embargo, la eficiencia se reducir\u00e1 ligeramente.<\/p>\n<\/div>\n\n\n\n<\/div><\/div><\/div><div class=\"toggle default\" data-inner-wrap=\"true\"><h3 class=\"toggle-title\"><a href=\"#\" role=\"button\" class=\"toggle-heading\"><i role=\"presentation\" class=\"fa fa-plus\"><\/i>\u00bfSe pueden utilizar los colectores solares ENERA para la producci\u00f3n de agua caliente a gran escala?<\/a><\/h3><div><div class=\"inner-toggle-wrap\">\n<div class=\"wpb_text_column wpb_content_element\" >\n\t<p>S\u00ed. Los colectores solares ENERA se pueden conectar en serie o en paralelo para proporcionar producci\u00f3n de agua caliente a gran escala para entornos comerciales, como una escuela, un hotel o un edificio de oficinas. Realmente no hay l\u00edmite para el tama\u00f1o del sistema, sin embargo, los colectores deben instalarse en bancos de no m\u00e1s de 150 tubos (en serie), de lo contrario, el agua podr\u00eda hervir.<\/p>\n<\/div>\n\n\n\n<\/div><\/div><\/div><div class=\"toggle default\" data-inner-wrap=\"true\"><h3 class=\"toggle-title\"><a href=\"#\" role=\"button\" class=\"toggle-heading\"><i role=\"presentation\" class=\"fa fa-plus\"><\/i>\u00bfPuedo calentar mi piscina o spa con un colector solar ENERA?<\/a><\/h3><div><div class=\"inner-toggle-wrap\">\n<div class=\"wpb_text_column wpb_content_element\" >\n\t<p>Los colectores ENERA son colectores de alta temperatura, por lo que son ideales para spas, ya que el volumen de agua es peque\u00f1o y los requisitos de temperatura son altos. Sin embargo, para las piscinas, el volumen de agua es grande y el aumento de temperatura requerido es solo de varios grados. El costo de calentar una piscina con colectores de tubos solares (para fines dom\u00e9sticos) puede ser prohibitivamente alto. Sin embargo, para las piscinas de gran escala, los colectores ENERA pueden ser un complemento extremadamente viable para el gas o la electricidad.<\/p>\n<\/div>\n\n\n\n<\/div><\/div><\/div><div class=\"toggle default\" data-inner-wrap=\"true\"><h3 class=\"toggle-title\"><a href=\"#\" role=\"button\" class=\"toggle-heading\"><i role=\"presentation\" class=\"fa fa-plus\"><\/i>\u00bfSon los colectores de tubos solares m\u00e1s eficientes que los colectores de placa plana?<\/a><\/h3><div><div class=\"inner-toggle-wrap\">\n<div class=\"wpb_text_column wpb_content_element\" >\n\t<p>Cuando se comparan los niveles m\u00e1ximos de eficiencia, puede parecer que hay poca diferencia entre la placa plana y los tubos evacuados, de hecho, la placa plana puede ser m\u00e1s alta, pero esto ocurre durante condiciones de p\u00e9rdida de calor m\u00ednima. Cuando se promedian m\u00e1s de un a\u00f1o, el colector de tubos evacuados tiene una clara ventaja.<\/p>\n<p>1. Debido a la forma cil\u00edndrica del tubo evacuado, los tubos solares pueden rastrear pasivamente el sol a lo largo del d\u00eda. El colector de placa plana solo proporciona una salida de energ\u00eda m\u00e1xima al mediod\u00eda cuando el sol est\u00e1 perpendicular a la superficie del colector.<\/p>\n<p>2. El aire se evacua del tubo solar para formar un vac\u00edo. Esto reduce en gran medida la p\u00e9rdida de calor por conducci\u00f3n y por convecci\u00f3n del interior del tubo. Como resultado, las temperaturas del viento y el fr\u00edo tienen menos efecto en la eficiencia del colector de tubos de vac\u00edo.<\/p>\n<p>3. Los colectores solares ENERA a menudo se pueden usar en temperaturas bajo cero sin que el sistema sufra da\u00f1os. Los sistemas de placa plana a menudo requieren costosos y complicados sistemas de &quot;anticongelante&quot; para ser instalados.<\/p>\n<p>4. Los tubos evacuados son fuertes, duraderos y, si est\u00e1n rotos, son econ\u00f3micos y f\u00e1ciles de reemplazar. Si un panel colector de placa plana est\u00e1 da\u00f1ado, se debe reemplazar todo el panel.<\/p>\n<p>5. Debido a la alta eficiencia de absorci\u00f3n de la radiaci\u00f3n solar, incluso en condiciones de cubierta, combinados con excelentes propiedades aislantes del tubo solar, los colectores de tubos solares pueden calentar el agua durante todo el a\u00f1o (a\u00fan se requiere respaldo de gas y electricidad).<\/p>\n<p>6. Debido a las diversas ventajas del colector de tubos de vac\u00edo sobre los colectores de placa plana, se puede usar un colector m\u00e1s peque\u00f1o para proporcionar el mismo rendimiento de calentamiento. Por ejemplo, un hogar est\u00e1ndar de 4-5 personas generalmente requerir\u00eda un tanque de almacenamiento de agua de 250-300L. Dependiendo de su ubicaci\u00f3n, solo se necesitar\u00edan 30 tubos evacuados para satisfacer todas las necesidades de agua caliente durante el verano y un gran porcentaje en otras estaciones.<\/p>\n<p>7. Los colectores solares de placa plana pueden producir una salida de calor similar a la de los colectores de tubos evacuados, pero generalmente solo en condiciones de calor y sol. Cuando se promedia a lo largo de un a\u00f1o entero, la salida de calor del colector de tubos evacuados por m2 netos de \u00e1rea de absorci\u00f3n es entre 25% y 40% mayor que un colector de placa plana.<\/p>\n<\/div>\n\n\n\n<\/div><\/div><\/div><div class=\"toggle default\" data-inner-wrap=\"true\"><h3 class=\"toggle-title\"><a href=\"#\" role=\"button\" class=\"toggle-heading\"><i role=\"presentation\" class=\"fa fa-plus\"><\/i>\u00bfQu\u00e9 coleccionista es la mejor relaci\u00f3n calidad-precio?<\/a><\/h3><div><div class=\"inner-toggle-wrap\">\n<div class=\"wpb_text_column wpb_content_element\" >\n\t<p>En lugar de considerar niveles de eficiencia m\u00e1ximos cuando se comparan los colectores solares, el costo por unidad de energ\u00eda producida es mucho m\u00e1s l\u00f3gico. Por ejemplo: aunque el colector A puede ser un 20% m\u00e1s eficiente que el colector B, si el colector A es un 30% m\u00e1s caro, de hecho, el colector B puede ser una mejor opci\u00f3n, ya que por kWh de energ\u00eda producida por d\u00eda es m\u00e1s barato. Cuando el tiempo de recuperaci\u00f3n es importante, no solo es importante el precio por kWh del producto, sino tambi\u00e9n del sistema final. En este sentido, los colectores solares ENERA proporcionan una ventaja ventajosa, ya que los colectores solares ENERA son muy f\u00e1ciles de instalar, y eso puede hacer una gran diferencia en t\u00e9rminos de costos totales de instalaci\u00f3n.<\/p>\n<\/div>\n\n\n\n<\/div><\/div><\/div><div class=\"toggle default\" data-inner-wrap=\"true\"><h3 class=\"toggle-title\"><a href=\"#\" role=\"button\" class=\"toggle-heading\"><i role=\"presentation\" class=\"fa fa-plus\"><\/i>\u00bfSe pueden utilizar los colectores solares ENERA en una configuraci\u00f3n de drenaje?<\/a><\/h3><div><div class=\"inner-toggle-wrap\">\n<div class=\"wpb_text_column wpb_content_element\" >\n\t<p>S\u00ed. La versi\u00f3n de puerto final del colector solar ENERA es adecuada para drenar el uso posterior. A menudo se pregunta si el colector solar se da\u00f1ar\u00e1 cuando la bomba se apague y el sistema se estanque con buen sol, no como el colector est\u00e1 dise\u00f1ado para resistir el estancamiento. Sin embargo, lo que debe considerarse es el aislamiento utilizado en la tuber\u00eda cerca de los colectores, ya que este debe ser capaz de soportar temperaturas de estancamiento.<\/p>\n<\/div>\n\n\n\n<\/div><\/div><\/div><div class=\"toggle default\" data-inner-wrap=\"true\"><h3 class=\"toggle-title\"><a href=\"#\" role=\"button\" class=\"toggle-heading\"><i role=\"presentation\" class=\"fa fa-plus\"><\/i>\u00bfQu\u00e9 inversores tienes?<\/a><\/h3><div><div class=\"inner-toggle-wrap\">\n<div class=\"wpb_text_column wpb_content_element\" >\n\t<p>Las series MIN y MOD XH son nuevos modelos de inversores de uno de los fabricantes de inversores m\u00e1s grandes del mundo, Growatt. Es un producto de alta calidad con un dise\u00f1o muy compacto y moderno. Comienza con el modelo monof\u00e1sico de menor potencia MIN3000TL-XH de la gama MIN-XH, y finaliza con los modelos trif\u00e1sicos hasta 10000W. Toda esta familia de inversores cuenta con 2 seguidores MPPT y un rango de funcionamiento muy amplio. Estos inversores se conectan a la red el\u00e9ctrica donde se instalan para inyectar la energ\u00eda que producen los paneles y ahorrar en la factura de la luz. Ofrecen excelentes caracter\u00edsticas para un corto per\u00edodo de amortizaci\u00f3n gracias a su bajo precio. Tambi\u00e9n son compatibles con bater\u00edas de litio por lo que se pueden instalar juntos.<\/p>\n<\/div>\n\n\n\n<\/div><\/div><\/div><div class=\"toggle default\" data-inner-wrap=\"true\"><h3 class=\"toggle-title\"><a href=\"#\" role=\"button\" class=\"toggle-heading\"><i role=\"presentation\" class=\"fa fa-plus\"><\/i>\u00bfQu\u00e9 bater\u00edas prodive?<\/a><\/h3><div><div class=\"inner-toggle-wrap\">\n<div class=\"wpb_text_column wpb_content_element\" >\n\t<p>Proporcionamos sistemas con configuraciones Growatt ARK XH con un m\u00ednimo de 5,1 kW de capacidad de potencia. El set-up de bater\u00edas de litio de alto voltaje Growatt ARK XH 5.1kWh es apto para sistemas Growatt de autoconsumo con posibilidad de almacenar excedentes de producci\u00f3n. Esta bater\u00eda de litio de 5,1kWh tiene una larga vida \u00fatil y se puede complementar con m\u00f3dulos adicionales de 2,5kWh para aumentar la capacidad de nuestro banco de bater\u00edas. Incluye la base, dos m\u00f3dulos y un controlador BMS para comunicarse con los inversores Growatt MIN y MOD XH. La serie XH es el \u00faltimo inversor residencial conectado a la red inteligente y tiene una alta adaptabilidad. Gracias a la interfaz de la bater\u00eda, se puede expandir f\u00e1cilmente a un sistema de almacenamiento en el futuro sin incurrir en equipos adicionales o costos de actualizaci\u00f3n. Tambi\u00e9n admite potencia de salida 2x.<\/p>\n<\/div>\n\n\n\n<\/div><\/div><\/div><\/div>\n\t\t\t<\/div> \n\t\t<\/div>\n\t<\/div> \n<\/div><\/div>","protected":false},"excerpt":{"rendered":"Preguntas frecuentes de ENERA \u00bfEs el calentamiento solar de agua una alternativa viable al gas o la electricidad? La energ\u00eda solar no debe verse como una alternativa al gas o la electricidad, ...","protected":false},"author":1,"featured_media":0,"parent":0,"menu_order":0,"comment_status":"closed","ping_status":"closed","template":"","meta":{"footnotes":""},"class_list":["post-7352","page","type-page","status-publish"],"_links":{"self":[{"href":"https:\/\/enera-solar.com\/es\/wp-json\/wp\/v2\/pages\/7352","targetHints":{"allow":["GET"]}}],"collection":[{"href":"https:\/\/enera-solar.com\/es\/wp-json\/wp\/v2\/pages"}],"about":[{"href":"https:\/\/enera-solar.com\/es\/wp-json\/wp\/v2\/types\/page"}],"author":[{"embeddable":true,"href":"https:\/\/enera-solar.com\/es\/wp-json\/wp\/v2\/users\/1"}],"replies":[{"embeddable":true,"href":"https:\/\/enera-solar.com\/es\/wp-json\/wp\/v2\/comments?post=7352"}],"version-history":[{"count":0,"href":"https:\/\/enera-solar.com\/es\/wp-json\/wp\/v2\/pages\/7352\/revisions"}],"wp:attachment":[{"href":"https:\/\/enera-solar.com\/es\/wp-json\/wp\/v2\/media?parent=7352"}],"curies":[{"name":"gracias","href":"https:\/\/api.w.org\/{rel}","templated":true}]}}