{"id":6481,"date":"2019-07-09T01:57:14","date_gmt":"2019-07-08T23:57:14","guid":{"rendered":"https:\/\/enera-solar.com\/?page_id=6481"},"modified":"2020-06-17T18:36:39","modified_gmt":"2020-06-17T16:36:39","slug":"delivery","status":"publish","type":"page","link":"https:\/\/enera-solar.com\/es\/delivery\/","title":{"rendered":"Entrega"},"content":{"rendered":"<p><strong>INFORMACI\u00d3N B\u00c1SICA<\/strong><br \/>\nDurante el proceso de pedido, puede ver los t\u00e9rminos y el costo de la entrega. Todos los precios son finales, incluyen todos los impuestos y no se pueden cambiar m\u00e1s adelante.<br \/>\nDurante el proceso de pedido, le sugerimos que elija las opciones de entrega garantizadas disponibles, seg\u00fan su ubicaci\u00f3n y disponibilidad de productos.<br \/>\nTambi\u00e9n puede seleccionar su tiempo de entrega preferido durante el proceso de pedido. En caso de imposibilidad o retraso, el gerente le notificar\u00e1 los cambios por adelantado y acordar\u00e1 la nueva fecha y hora.<\/p>\n<p>Si no especific\u00f3 una fecha y hora preferidas en el momento del pedido, se utilizar\u00e1n los t\u00e9rminos de entrega est\u00e1ndar. Si la p\u00e1gina no especifica los t\u00e9rminos de entrega o entrega no es posible, esto significa que los t\u00e9rminos de entrega deben especificarse por separado.<\/p>\n<p><strong>ENTREGA EST\u00c1NDAR<\/strong><br \/>\nEspa\u00f1a (continental)<br \/>\nTarifa: GRATIS<br \/>\nEntrega: 3-5 d\u00edas laborables *<br \/>\nTiempo de entrega: 9: 00 a 21: 00 h. De lunes a viernes **<br \/>\n* Dependiendo de la disponibilidad y la direcci\u00f3n de env\u00edo, puede tener entre 10 y 14 d\u00edas h\u00e1biles.<br \/>\n** Para algunas opciones, tambi\u00e9n es aplicable a la entrega los s\u00e1bados y domingos de 9:00 a 21:00.<br \/>\n*** Los costos de aduana son pagados por el Comprador por separado cuando se procesan productos en la aduana (por ejemplo, para las Islas Baleares, Canarias, Ceuta y Melilla).<\/p>","protected":false},"excerpt":{"rendered":"<p>INFORMACI\u00d3N B\u00c1SICA Durante el proceso de pedido, puede ver los t\u00e9rminos y el costo de env\u00edo. Todos los precios son finales, incluyen todos los impuestos y no pueden ser ...<\/p>","protected":false},"author":1,"featured_media":0,"parent":0,"menu_order":0,"comment_status":"closed","ping_status":"closed","template":"","meta":{"footnotes":""},"class_list":["post-6481","page","type-page","status-publish"],"_links":{"self":[{"href":"https:\/\/enera-solar.com\/es\/wp-json\/wp\/v2\/pages\/6481","targetHints":{"allow":["GET"]}}],"collection":[{"href":"https:\/\/enera-solar.com\/es\/wp-json\/wp\/v2\/pages"}],"about":[{"href":"https:\/\/enera-solar.com\/es\/wp-json\/wp\/v2\/types\/page"}],"author":[{"embeddable":true,"href":"https:\/\/enera-solar.com\/es\/wp-json\/wp\/v2\/users\/1"}],"replies":[{"embeddable":true,"href":"https:\/\/enera-solar.com\/es\/wp-json\/wp\/v2\/comments?post=6481"}],"version-history":[{"count":0,"href":"https:\/\/enera-solar.com\/es\/wp-json\/wp\/v2\/pages\/6481\/revisions"}],"wp:attachment":[{"href":"https:\/\/enera-solar.com\/es\/wp-json\/wp\/v2\/media?parent=6481"}],"curies":[{"name":"gracias","href":"https:\/\/api.w.org\/{rel}","templated":true}]}}