{"id":6472,"date":"2019-07-09T01:51:14","date_gmt":"2019-07-08T23:51:14","guid":{"rendered":"https:\/\/enera-solar.com\/?page_id=6472"},"modified":"2020-06-18T17:59:32","modified_gmt":"2020-06-18T15:59:32","slug":"payment-security","status":"publish","type":"page","link":"https:\/\/enera-solar.com\/es\/pago-seguridad\/","title":{"rendered":"Seguridad de pago"},"content":{"rendered":"<p><strong>Nuestro sitio web protege todos los datos del cliente:<\/strong><\/p>\n<ul>\n<li>En todas las p\u00e1ginas de nuestro sitio web www.enera-solar.com donde hay datos personales de nuestros clientes, estamos utilizando un sistema de seguridad para proteger los datos de terceros, SSL, as\u00ed como en cualquier otra de las p\u00e1ginas, que son rellenados con los datos del usuario, como Registro o Pago, as\u00ed como en nuestro formulario de comentarios o en la p\u00e1gina del carrito. Nosotros usamos en nuestro protocolo web SSL positivo.<\/li>\n<\/ul>\n<p><strong>Nuestro m\u00e9todo de pago seguro:<\/strong><br \/>\nOperaciones de seguridad: todas las transacciones de pago en el sitio www.enera-solar.com se realizan mediante plataformas de pago confiables en servidores seguros mediante SSL (Secure Socket Layer), seg\u00fan los est\u00e1ndares de protecci\u00f3n de datos de terceros.<\/p>\n<ul>\n<li><em>Visa \/ Maestro \/ Mastercard \/ PayPal \/ Stripe<\/em>\n<ul>\n<li>Junto con el Secure Sockets Layer (SSL), los pagos con tarjetas de cr\u00e9dito y d\u00e9bito VISA, Mastercard, Maestro o mediante el sistema Paypal son las compras en l\u00ednea m\u00e1s seguras.<\/li>\n<li>Al utilizar el pago con tarjeta de cr\u00e9dito, tarjeta de d\u00e9bito o mediante un sistema de Paypal, la tienda en l\u00ednea se dirige a una plataforma de pago segura (HTTPS), que controla la correcta entrada y validaci\u00f3n de datos, y ofrece dos c\u00f3digos de seguridad diferentes.<\/li>\n<li>Cualquier fuerza mayor relacionada con su tarjeta conectada a su cuenta bancaria que haya ocurrido en este modo, se considera en cualquier banco, ya que se aseguran de que solo el titular de la cuenta pueda realizar los pagos.<\/li>\n<\/ul>\n<\/li>\n<li><em>Visa verificada<\/em>\n<ul>\n<li>Verified Visa protege su tarjeta con un c\u00f3digo de uso no autorizado y le brinda tranquilidad al comprar en l\u00ednea.<\/li>\n<li>La Visa verificada no solo protege contra el uso no autorizado de su tarjeta, sino que tambi\u00e9n significa que puede confiar en la tienda en l\u00ednea donde realiza la compra porque creemos que su seguridad es una prioridad.<\/li>\n<\/ul>\n<\/li>\n<li><em>C\u00f3digo de seguridad de MasterCard<\/em>\n<ul>\n<li>MasterCard SecureCode es un servicio de seguridad para protegerse contra el uso no autorizado de su tarjeta MasterCard mientras realiza compras en l\u00ednea.<\/li>\n<li>Si ingresa el c\u00f3digo de seguridad incorrecto, la compra no se realizar\u00e1. Incluso si la persona conoce su n\u00famero de tarjeta de cr\u00e9dito o d\u00e9bito, la compra no se puede completar sin su c\u00f3digo de seguridad.<\/li>\n<\/ul>\n<\/li>\n<li>Pago mediante transferencia bancaria\n<ul>\n<li>Se recomienda este m\u00e9todo de pago si realiza una compra por un monto superior al l\u00edmite establecido en su tarjeta de cr\u00e9dito o d\u00e9bito. Con este m\u00e9todo, no necesita ingresar ninguno de sus detalles de pago durante el proceso de compra.<\/li>\n<li>IberSunWind, SL, en colaboraci\u00f3n con el banco Bankia, para que pueda gestionar sus pagos con cualquier organizaci\u00f3n.<\/li>\n<\/ul>\n<\/li>\n<\/ul>\n<p><strong>Garant\u00edas de pago:<\/strong><\/p>\n<ul>\n<li>Cualquier pago realizado a trav\u00e9s de la tienda en l\u00ednea tiene el mismo efecto legal que si se hiciera en una tienda real. Nuestra empresa respeta estas condiciones y garantiza su implementaci\u00f3n.<\/li>\n<\/ul>","protected":false},"excerpt":{"rendered":"<p>Nuestro sitio web protege todos los datos de los clientes: En todas las p\u00e1ginas de nuestro sitio web www.enera-solar.com en las que hay datos personales de nuestros clientes, estamos utilizando ...<\/p>","protected":false},"author":1,"featured_media":0,"parent":0,"menu_order":0,"comment_status":"closed","ping_status":"closed","template":"","meta":{"footnotes":""},"class_list":["post-6472","page","type-page","status-publish"],"_links":{"self":[{"href":"https:\/\/enera-solar.com\/es\/wp-json\/wp\/v2\/pages\/6472","targetHints":{"allow":["GET"]}}],"collection":[{"href":"https:\/\/enera-solar.com\/es\/wp-json\/wp\/v2\/pages"}],"about":[{"href":"https:\/\/enera-solar.com\/es\/wp-json\/wp\/v2\/types\/page"}],"author":[{"embeddable":true,"href":"https:\/\/enera-solar.com\/es\/wp-json\/wp\/v2\/users\/1"}],"replies":[{"embeddable":true,"href":"https:\/\/enera-solar.com\/es\/wp-json\/wp\/v2\/comments?post=6472"}],"version-history":[{"count":0,"href":"https:\/\/enera-solar.com\/es\/wp-json\/wp\/v2\/pages\/6472\/revisions"}],"wp:attachment":[{"href":"https:\/\/enera-solar.com\/es\/wp-json\/wp\/v2\/media?parent=6472"}],"curies":[{"name":"gracias","href":"https:\/\/api.w.org\/{rel}","templated":true}]}}