{"id":13095,"date":"2022-05-04T20:09:06","date_gmt":"2022-05-04T18:09:06","guid":{"rendered":"https:\/\/enera-solar.com\/?page_id=13095"},"modified":"2024-11-29T23:56:09","modified_gmt":"2024-11-29T22:56:09","slug":"step-1-grid-connection-option","status":"publish","type":"page","link":"https:\/\/enera-solar.com\/es\/step-1-grid-connection-option\/","title":{"rendered":"Paso 1: Opci\u00f3n de conexi\u00f3n a la red"},"content":{"rendered":"<div id=\"beliefs\"  data-column-margin=\"default\" data-midnight=\"dark\" data-top-percent=\"2%\"  class=\"wpb_row vc_row-fluid vc_row full-width-section has-row-bg-color  zindex-set\"  style=\"padding-top: calc(100vw * 0.02); padding-bottom: 0px;  z-index: 100;--row-bg-color: #f7f7f7;\"><div class=\"row-bg-wrap\" data-bg-animation=\"none\" data-bg-animation-delay=\"\" data-bg-overlay=\"false\"><div class=\"inner-wrap row-bg-layer\" ><div class=\"row-bg viewport-desktop using-bg-color\"  style=\"background-color: #f7f7f7; \"><\/div><\/div><\/div><div class=\"row_col_wrap_12 col span_12 dark left\">\n\t<div  class=\"vc_col-sm-12 wpb_column column_container vc_column_container col no-extra-padding inherit_tablet inherit_phone\"  data-padding-pos=\"all\" data-has-bg-color=\"false\" data-bg-color=\"\" data-bg-opacity=\"1\" data-animation=\"\" data-delay=\"0\" >\n\t\t<div class=\"vc_column-inner\" >\n\t\t\t<div class=\"wpb_wrapper\">\n\t\t\t\t<div id=\"fws_69ede26304955\" data-midnight=\"\" data-column-margin=\"default\" class=\"wpb_row vc_row-fluid vc_row inner_row\"  style=\"\"><div class=\"row-bg-wrap\"> <div class=\"row-bg\" ><\/div> <\/div><div class=\"row_col_wrap_12_inner col span_12  left\">\n\t<div style=\"margin-bottom: 15px; \" class=\"vc_col-sm-12 wpb_column column_container vc_column_container col child_column no-extra-padding inherit_tablet inherit_phone\"   data-padding-pos=\"all\" data-has-bg-color=\"false\" data-bg-color=\"\" data-bg-opacity=\"1\" data-animation=\"\" data-delay=\"0\" >\n\t\t<div class=\"vc_column-inner\" >\n\t\t<div class=\"wpb_wrapper\">\n\t\t\t\n<div class=\"wpb_text_column wpb_content_element\" >\n\t<h2>Opciones de red para kits de paneles solares fotovoltaicos:<\/h2>\n<\/div>\n\n\n\n\n\t<div class=\"wpb_raw_code wpb_raw_html wpb_content_element\" >\n\t\t<div class=\"wpb_wrapper\">\n\t\t\t\n\t\t<\/div>\n\t<\/div>\n\n<div class=\"wpb_text_column wpb_content_element\" >\n\t<p style=\"text-align: center;\"><strong>Tambi\u00e9n si est\u00e1s interesado en peque\u00f1as estaciones con 1 o 2 kilovatios de potencia, <a href=\"https:\/\/enera-solar.com\/shop\/micro-solar-systems\/\">Haga clic en el producto a continuaci\u00f3n<\/a><\/strong><\/p>\n<\/div>\n\n\n\n<div class=\"img-with-aniamtion-wrap center custom-size\" data-max-width=\"100%\" data-max-width-mobile=\"default\" data-shadow=\"none\" data-animation=\"none\" >\n      <div class=\"inner\">\n        <div class=\"hover-wrap\"> \n          <div class=\"hover-wrap-inner\">\n            <a href=\"https:\/\/enera-solar.com\/shop\/micro-solar-systems\/\" target=\"_self\" class=\"center\">\n              <img decoding=\"async\" class=\"img-with-animation skip-lazy\" data-delay=\"0\" height=\"225\" width=\"300\" data-animation=\"none\" src=\"https:\/\/enera-solar.com\/wp-content\/uploads\/2024\/09\/microinverter-300x225.webp\" alt=\"\" srcset=\"https:\/\/enera-solar.com\/wp-content\/uploads\/2024\/09\/microinverter-300x225.webp 300w, https:\/\/enera-solar.com\/wp-content\/uploads\/2024\/09\/microinverter-1024x768.webp 1024w, https:\/\/enera-solar.com\/wp-content\/uploads\/2024\/09\/microinverter-768x576.webp 768w, https:\/\/enera-solar.com\/wp-content\/uploads\/2024\/09\/microinverter-1536x1152.webp 1536w, https:\/\/enera-solar.com\/wp-content\/uploads\/2024\/09\/microinverter-16x12.webp 16w, https:\/\/enera-solar.com\/wp-content\/uploads\/2024\/09\/microinverter-600x450.webp 600w, https:\/\/enera-solar.com\/wp-content\/uploads\/2024\/09\/microinverter.webp 2000w\" sizes=\"(max-width: 300px) 100vw, 300px\" \/>\n            <\/a>\n          <\/div>\n        <\/div>\n        \n      <\/div>\n      <\/div>\n\t\t<\/div> \n\t<\/div>\n\t<\/div> \n<\/div><\/div>\n\t<div class=\"wpb_raw_code wpb_raw_html wpb_content_element\" >\n\t\t<div class=\"wpb_wrapper\">\n\t\t\t<div id=\"fws_69ede26305cfb\" data-midnight=\"\" data-column-margin=\"default\" class=\"wpb_row vc_row-fluid vc_row inner_row\"  style=\"\"><div class=\"row-bg-wrap\"> <div class=\"row-bg\" ><\/div> <\/div><div class=\"row_col_wrap_12_inner col span_12  left\">\n\t<div  class=\"vc_col-sm-6 wpb_column column_container vc_column_container col child_column centered-text no-extra-padding inherit_tablet inherit_phone\"   data-padding-pos=\"all\" data-has-bg-color=\"false\" data-bg-color=\"\" data-bg-opacity=\"1\" data-animation=\"\" data-delay=\"0\" >\n\t\t<div class=\"vc_column-inner\" >\n\t\t<div class=\"wpb_wrapper\">\n\t\t\t<a class=\"nectar-button large regular accent-color has-icon  regular-button full-100\"  role=\"button\" style=\"\"  href=\"https:\/\/enera-solar.com\/es\/step-2-battery-option\/\" data-color-override=\"false\" data-hover-color-override=\"false\" data-hover-text-color-override=\"#fff\"><span>SISTEMAS DE CONEXI\u00d3N A RED<\/span><i  class=\"fa fa-sign-out\"><\/i><\/a><a href=\"https:\/\/enera-solar.com\/es\/step-2-battery-option\/\"><div class=\"img-with-aniamtion-wrap center\" data-max-width=\"100%\" data-max-width-mobile=\"default\" data-shadow=\"none\" data-animation=\"none\" >\n      <div class=\"inner\">\n        <div class=\"hover-wrap\"> \n          <div class=\"hover-wrap-inner\">\n            <img decoding=\"async\" class=\"img-with-animation skip-lazy\" data-delay=\"0\" height=\"750\" width=\"1000\" data-animation=\"none\" src=\"https:\/\/enera-solar.com\/wp-content\/smush-webp\/2022\/03\/wb-new.jpg.webp\" alt=\"\" srcset=\"https:\/\/enera-solar.com\/wp-content\/smush-webp\/2022\/03\/wb-new.jpg.webp 1000w, https:\/\/enera-solar.com\/wp-content\/smush-webp\/2022\/03\/wb-new-600x450.jpg.webp 600w, https:\/\/enera-solar.com\/wp-content\/smush-webp\/2022\/03\/wb-new-300x225.jpg.webp 300w, https:\/\/enera-solar.com\/wp-content\/smush-webp\/2022\/03\/wb-new-768x576.jpg.webp 768w, https:\/\/enera-solar.com\/wp-content\/uploads\/2022\/03\/wb-new-16x12.jpg 16w\" sizes=\"(max-width: 1000px) 100vw, 1000px\" \/>\n          <\/div>\n        <\/div>\n        \n      <\/div>\n    <\/div><\/a>\n\t\t<\/div> \n\t<\/div>\n\t<\/div> \n\n\t<div  class=\"vc_col-sm-6 wpb_column column_container vc_column_container col child_column centered-text no-extra-padding inherit_tablet inherit_phone\"   data-padding-pos=\"all\" data-has-bg-color=\"false\" data-bg-color=\"\" data-bg-opacity=\"1\" data-animation=\"\" data-delay=\"0\" >\n\t\t<div class=\"vc_column-inner\" >\n\t\t<div class=\"wpb_wrapper\">\n\t\t\t<a class=\"nectar-button large regular accent-color has-icon  regular-button full-100\"  role=\"button\" style=\"\"  href=\"https:\/\/enera-solar.com\/es\/step-2-autonomous-house-option\/\" data-color-override=\"false\" data-hover-color-override=\"false\" data-hover-text-color-override=\"#fff\"><span>SISTEMAS DE CONEXI\u00d3N AUT\u00d3NOMA<\/span><i  class=\"fa fa-sign-out\"><\/i><\/a><a href=\"https:\/\/enera-solar.com\/es\/step-2-autonomous-house-option\/\"><div class=\"img-with-aniamtion-wrap center\" data-max-width=\"100%\" data-max-width-mobile=\"default\" data-shadow=\"none\" data-animation=\"none\" >\n      <div class=\"inner\">\n        <div class=\"hover-wrap\"> \n          <div class=\"hover-wrap-inner\">\n            <img decoding=\"async\" class=\"img-with-animation skip-lazy\" data-delay=\"0\" height=\"750\" width=\"1000\" data-animation=\"none\" src=\"https:\/\/enera-solar.com\/wp-content\/smush-webp\/2022\/04\/wb-aih.jpg.webp\" alt=\"\" srcset=\"https:\/\/enera-solar.com\/wp-content\/smush-webp\/2022\/04\/wb-aih.jpg.webp 1000w, https:\/\/enera-solar.com\/wp-content\/smush-webp\/2022\/04\/wb-aih-600x450.jpg.webp 600w, https:\/\/enera-solar.com\/wp-content\/smush-webp\/2022\/04\/wb-aih-300x225.jpg.webp 300w, https:\/\/enera-solar.com\/wp-content\/smush-webp\/2022\/04\/wb-aih-768x576.jpg.webp 768w, https:\/\/enera-solar.com\/wp-content\/smush-webp\/2022\/04\/wb-aih-16x12.jpg.webp 16w\" sizes=\"(max-width: 1000px) 100vw, 1000px\" \/>\n          <\/div>\n        <\/div>\n        \n      <\/div>\n    <\/div><\/a>\n\t\t<\/div> \n\t<\/div>\n\t<\/div> \n<\/div><\/div>\n\t\t<\/div>\n\t<\/div>\n\n\t<div class=\"wpb_raw_code wpb_raw_html wpb_content_element\" >\n\t\t<div class=\"wpb_wrapper\">\n\t\t\t\n\t\t<\/div>\n\t<\/div>\n\n\t<div class=\"wpb_raw_code wpb_raw_html wpb_content_element\" >\n\t\t<div class=\"wpb_wrapper\">\n\t\t\t\n\t\t<\/div>\n\t<\/div>\n\n\t<div class=\"wpb_raw_code wpb_raw_html wpb_content_element\" >\n\t\t<div class=\"wpb_wrapper\">\n\t\t\t\n\t\t<\/div>\n\t<\/div>\n\n\t\t\t<\/div> \n\t\t<\/div>\n\t<\/div> \n\n\t<div  class=\"vc_col-sm-12 wpb_column column_container vc_column_container col no-extra-padding inherit_tablet inherit_phone\"  data-padding-pos=\"all\" data-has-bg-color=\"false\" data-bg-color=\"\" data-bg-opacity=\"1\" data-animation=\"\" data-delay=\"0\" >\n\t\t<div class=\"vc_column-inner\" >\n\t\t\t<div class=\"wpb_wrapper\">\n\t\t\t\t\n\t\t\t<\/div> \n\t\t<\/div>\n\t<\/div> \n\n\t<div  class=\"vc_col-sm-12 wpb_column column_container vc_column_container col no-extra-padding inherit_tablet inherit_phone\"  data-padding-pos=\"all\" data-has-bg-color=\"false\" data-bg-color=\"\" data-bg-opacity=\"1\" data-animation=\"\" data-delay=\"0\" >\n\t\t<div class=\"vc_column-inner\" >\n\t\t\t<div class=\"wpb_wrapper\">\n\t\t\t\t\n\t\t\t<\/div> \n\t\t<\/div>\n\t<\/div> \n\n\t<div  class=\"vc_col-sm-12 wpb_column column_container vc_column_container col no-extra-padding inherit_tablet inherit_phone\"  data-padding-pos=\"all\" data-has-bg-color=\"false\" data-bg-color=\"\" data-bg-opacity=\"1\" data-animation=\"\" data-delay=\"0\" >\n\t\t<div class=\"vc_column-inner\" >\n\t\t\t<div class=\"wpb_wrapper\">\n\t\t\t\t\n\t\t\t<\/div> \n\t\t<\/div>\n\t<\/div> \n\n\t<div  class=\"vc_col-sm-12 wpb_column column_container vc_column_container col no-extra-padding inherit_tablet inherit_phone\"  data-padding-pos=\"all\" data-has-bg-color=\"false\" data-bg-color=\"\" data-bg-opacity=\"1\" data-animation=\"\" data-delay=\"0\" >\n\t\t<div class=\"vc_column-inner\" >\n\t\t\t<div class=\"wpb_wrapper\">\n\t\t\t\t\n\t\t\t<\/div> \n\t\t<\/div>\n\t<\/div> \n<\/div><\/div>","protected":false},"excerpt":{"rendered":"Opciones de red para kits de paneles solares fotovoltaicos: Tambi\u00e9n si est\u00e1s interesado en peque\u00f1as estaciones con 1 o 2 kilovatios de potencia, haz clic en el producto...","protected":false},"author":11,"featured_media":0,"parent":0,"menu_order":0,"comment_status":"closed","ping_status":"closed","template":"","meta":{"footnotes":""},"class_list":["post-13095","page","type-page","status-publish"],"_links":{"self":[{"href":"https:\/\/enera-solar.com\/es\/wp-json\/wp\/v2\/pages\/13095","targetHints":{"allow":["GET"]}}],"collection":[{"href":"https:\/\/enera-solar.com\/es\/wp-json\/wp\/v2\/pages"}],"about":[{"href":"https:\/\/enera-solar.com\/es\/wp-json\/wp\/v2\/types\/page"}],"author":[{"embeddable":true,"href":"https:\/\/enera-solar.com\/es\/wp-json\/wp\/v2\/users\/11"}],"replies":[{"embeddable":true,"href":"https:\/\/enera-solar.com\/es\/wp-json\/wp\/v2\/comments?post=13095"}],"version-history":[{"count":0,"href":"https:\/\/enera-solar.com\/es\/wp-json\/wp\/v2\/pages\/13095\/revisions"}],"wp:attachment":[{"href":"https:\/\/enera-solar.com\/es\/wp-json\/wp\/v2\/media?parent=13095"}],"curies":[{"name":"gracias","href":"https:\/\/api.w.org\/{rel}","templated":true}]}}