{"id":7352,"date":"2019-07-16T14:23:24","date_gmt":"2019-07-16T12:23:24","guid":{"rendered":"https:\/\/enera-solar.com\/?page_id=7352"},"modified":"2023-03-14T11:58:04","modified_gmt":"2023-03-14T10:58:04","slug":"faq","status":"publish","type":"page","link":"https:\/\/enera-solar.com\/de\/faq\/","title":{"rendered":"FAQ"},"content":{"rendered":"<div id=\"fws_69d8a5106c1fa\"  data-column-margin=\"default\" data-midnight=\"dark\"  class=\"wpb_row vc_row-fluid vc_row full-width-section has-row-bg-color\"  style=\"padding-top: 100px; padding-bottom: 100px; --row-bg-color: #f7f7f7;\"><div class=\"row-bg-wrap\" data-bg-animation=\"none\" data-bg-animation-delay=\"\" data-bg-overlay=\"false\"><div class=\"inner-wrap row-bg-layer\" ><div class=\"row-bg viewport-desktop using-bg-color\"  style=\"background-color: #f7f7f7; \"><\/div><\/div><\/div><div class=\"row_col_wrap_12 col span_12 dark left\">\n\t<div  class=\"vc_col-sm-12 wpb_column column_container vc_column_container col no-extra-padding inherit_tablet inherit_phone\"  data-padding-pos=\"all\" data-has-bg-color=\"false\" data-bg-color=\"\" data-bg-opacity=\"1\" data-animation=\"\" data-delay=\"0\" >\n\t\t<div class=\"vc_column-inner\" >\n\t\t\t<div class=\"wpb_wrapper\">\n\t\t\t\t\n<div class=\"wpb_text_column wpb_content_element\" >\n\t<h2>ENERA FAQ<\/h2>\n<\/div>\n\n\n\n<div class=\"toggles accordion\" data-br=\"\" data-starting=\"default\" data-style=\"minimal\"><div class=\"toggle default\" data-inner-wrap=\"true\"><h3 class=\"toggle-title\"><a href=\"#\" role=\"button\" class=\"toggle-heading\"><i role=\"presentation\" class=\"fa fa-plus\"><\/i>Ist solare Warmwasserbereitung eine Alternative zu Gas oder Strom?<\/a><\/h3><div><div class=\"inner-toggle-wrap\">\n<div class=\"wpb_text_column wpb_content_element\" >\n\t<p>Solar sollte nicht als Alternative zu Gas oder Strom gesehen werden, sondern als Erg\u00e4nzung. Solar kann den Bedarf an Gas- oder Elektroheizung nicht vollst\u00e4ndig ersetzen, da es manchmal Tage gibt, an denen wenig Sonnenlicht vorhanden ist. Im Durchschnitt \u00fcber ein Jahr kann ein Sonnensystem mit der richtigen Gr\u00f6\u00dfe den Warmwasserbedarf eines Haushalts mit 60%-70% decken. Mehr als dies vorzusehen, ist nicht ratsam, da im Sommer zu viel W\u00e4rme erzeugt wird. Das Warmwassersystem kann einfach automatisiert werden, sodass Warmwasser unabh\u00e4ngig von der Sonneneinstrahlung garantiert ist.<\/p>\n<\/div>\n\n\n\n<\/div><\/div><\/div><div class=\"toggle default\" data-inner-wrap=\"true\"><h3 class=\"toggle-title\"><a href=\"#\" role=\"button\" class=\"toggle-heading\"><i role=\"presentation\" class=\"fa fa-plus\"><\/i>Wie lange dauert es, bis sich meine Investition amortisiert?<\/a><\/h3><div><div class=\"inner-toggle-wrap\">\n<div class=\"wpb_text_column wpb_content_element\" >\n\t<p>ENERA Solarkollektoren sind wesentlich g\u00fcnstiger als viele andere Solarwarmwasserbereiter. F\u00fcr einen 4-k\u00f6pfigen Haushalt darf der Preis eines vollst\u00e4ndigen Systems nicht zu viel h\u00f6her sein als der eines neuen Strom- oder Gassystems. Abh\u00e4ngig von Ihrem Standort (Sonnenenergie) und dem aktuellen Warmwasserverbrauch ist die j\u00e4hrliche Strom- oder Gaseinsparung unterschiedlich. In einem normalen Haushalt, der 251 TP1T seiner Stromrechnung f\u00fcr die Warmwasserbereitung ausgibt, k\u00f6nnen die vollen Kosten des Kaufs in reduzierten Rechnungen innerhalb von 4 bis 5 Jahren amortisiert werden. Sie werden auf jeden Fall im Laufe des Lebens erhebliche Einsparungen erzielen<br \/>\nder Solarwarmwasserbereiter<\/p>\n<\/div>\n\n\n\n<\/div><\/div><\/div><div class=\"toggle default\" data-inner-wrap=\"true\"><h3 class=\"toggle-title\"><a href=\"#\" role=\"button\" class=\"toggle-heading\"><i role=\"presentation\" class=\"fa fa-plus\"><\/i>K\u00f6nnen ENERA Solarkollektoren bei K\u00e4lte eingesetzt werden?<\/a><\/h3><div><div class=\"inner-toggle-wrap\">\n<div class=\"wpb_text_column wpb_content_element\" >\n\t<p>Ja. ENERA-Kollektoren k\u00f6nnen bei Temperaturen von bis zu -30 \u00b0 C eingesetzt werden, obwohl die Leistung unter solch extremen Bedingungen stark eingeschr\u00e4nkt ist. Unter milden Bedingungen unter Null wird immer noch eine gute W\u00e4rmeabgabe erreicht.<\/p>\n<\/div>\n\n\n\n<\/div><\/div><\/div><div class=\"toggle default\" data-inner-wrap=\"true\"><h3 class=\"toggle-title\"><a href=\"#\" role=\"button\" class=\"toggle-heading\"><i role=\"presentation\" class=\"fa fa-plus\"><\/i>Was passiert, wenn eine der Solarrohre kaputt ist?<\/a><\/h3><div><div class=\"inner-toggle-wrap\">\n<div class=\"wpb_text_column wpb_content_element\" >\n\t<p>Erstens sind R\u00f6hren sehr stark und nicht leicht zu brechen, aber im schlimmsten Fall k\u00f6nnen Solarr\u00f6hren sehr leicht ausgetauscht werden. Sie sind kosteng\u00fcnstig und \u00fcber Ihren \u00f6rtlichen ENERA-H\u00e4ndler erh\u00e4ltlich. Die ENERA-Solarkollektoren k\u00f6nnen mit mehreren Rohrbr\u00fcchen betrieben werden, der Wirkungsgrad wird jedoch verringert. Daher wird empfohlen, defekte R\u00f6hren sofort auszutauschen.<\/p>\n<\/div>\n\n\n\n<\/div><\/div><\/div><div class=\"toggle default\" data-inner-wrap=\"true\"><h3 class=\"toggle-title\"><a href=\"#\" role=\"button\" class=\"toggle-heading\"><i role=\"presentation\" class=\"fa fa-plus\"><\/i>Wird das Wasser an einem wolkigen Tag erhitzt?<\/a><\/h3><div><div class=\"inner-toggle-wrap\">\n<div class=\"wpb_text_column wpb_content_element\" >\n\t<p>Ja. Obwohl die Heizleistung des Solarkollektors an bew\u00f6lkten Tagen reduziert wird, kann er dennoch heizen. Wenn es ein stark bew\u00f6lkter Tag ist oder es regnet, ist m\u00f6glicherweise mehr Gas- oder Elektroverst\u00e4rkung erforderlich, um das Wasser auf der erforderlichen Temperatur zu halten. Dieses System wird automatisiert, sodass Sie sich keine Sorgen machen m\u00fcssen, dass Ihnen an einem regnerischen Tag das hei\u00dfe Wasser ausgeht.<\/p>\n<\/div>\n\n\n\n<\/div><\/div><\/div><div class=\"toggle default\" data-inner-wrap=\"true\"><h3 class=\"toggle-title\"><a href=\"#\" role=\"button\" class=\"toggle-heading\"><i role=\"presentation\" class=\"fa fa-plus\"><\/i>Kann ich mit meinem vorhandenen Warmwassersystem einen Solarkollektor verwenden?<\/a><\/h3><div><div class=\"inner-toggle-wrap\">\n<div class=\"wpb_text_column wpb_content_element\" >\n\t<p>Normalerweise ja. Oft k\u00f6nnen einfache Nachr\u00fcstventile verwendet werden, damit Solar an Ihren vorhandenen Kaltwassereinlass angeschlossen werden kann. Wenn Ihr Tank die Sonneneinstrahlung nicht direkt aufnehmen kann, kann ein zus\u00e4tzlicher Speichertank installiert werden, um das kalte Wasser vor dem Eintritt in den vorhandenen Tank vorzuw\u00e4rmen.<\/p>\n<\/div>\n\n\n\n<\/div><\/div><\/div><div class=\"toggle default\" data-inner-wrap=\"true\"><h3 class=\"toggle-title\"><a href=\"#\" role=\"button\" class=\"toggle-heading\"><i role=\"presentation\" class=\"fa fa-plus\"><\/i>Sind die Sonnenkollektoren auf dem Dach erkennbar?<\/a><\/h3><div><div class=\"inner-toggle-wrap\">\n<div class=\"wpb_text_column wpb_content_element\" >\n\t<p>Wenn nur der Kollektor auf dem Dach montiert ist, sollte er sich gut in das Dachdesign einf\u00fcgen. ENERA Solarkollektoren sind sehr d\u00fcnn und k\u00f6nnen b\u00fcndig auf einem Dach montiert werden. Aus der Ferne sehen sie wie ein Oberlicht aus. M\u00f6glicherweise m\u00fcssen Sie sich bei der Installation Ihres Solarkollektors bei Ihrem Gemeinderat nach den Baubeschr\u00e4nkungen erkundigen.<\/p>\n<\/div>\n\n\n\n<\/div><\/div><\/div><div class=\"toggle default\" data-inner-wrap=\"true\"><h3 class=\"toggle-title\"><a href=\"#\" role=\"button\" class=\"toggle-heading\"><i role=\"presentation\" class=\"fa fa-plus\"><\/i>K\u00f6nnen ENERA Solarkollektoren auf einer ebenen Fl\u00e4che montiert werden?<\/a><\/h3><div><div class=\"inner-toggle-wrap\">\n<div class=\"wpb_text_column wpb_content_element\" >\n\t<p>Ja, sie k\u00f6nnen mit einem Edelstahl-Flachdachrahmen auf einem Flachdach oder auf dem Boden montiert werden. Der Kollektor sollte in einem Winkel von mindestens 20 \u00b0 installiert werden, um einen optimalen Betrieb der W\u00e4rmerohre zu gew\u00e4hrleisten.<\/p>\n<\/div>\n\n\n\n<\/div><\/div><\/div><div class=\"toggle default\" data-inner-wrap=\"true\"><h3 class=\"toggle-title\"><a href=\"#\" role=\"button\" class=\"toggle-heading\"><i role=\"presentation\" class=\"fa fa-plus\"><\/i>Wie sch\u00fctze ich mein Sonnensystem bei Temperaturen unter Null?<\/a><\/h3><div><div class=\"inner-toggle-wrap\">\n<div class=\"wpb_text_column wpb_content_element\" >\n\t<p>Wenn Sie ein System haben, das in Bereichen mit Temperaturen unter Null betrieben wird, muss ein Frostschutz implementiert werden. Das einfachste Mittel, um ein Einfrieren zu verhindern, ist die Verwendung eines Reglers mit niedriger Temperatureinstellung. Wenn die Verteilertemperatur unter eine bestimmte voreingestellte Temperatur (5 \u00b0 C \/ 40 \u00b0 C) f\u00e4llt, zirkuliert die Pumpe und erw\u00e4rmt den Kollektor mit Wasser vom Boden des Lagertanks. Die Pumpe l\u00e4uft nicht kontinuierlich, sondern nur in regelm\u00e4\u00dfigen Abst\u00e4nden, deren Frequenz von der Au\u00dfentemperatur abh\u00e4ngt. In extrem kalten Gegenden kann ein geschlossener Kreislauf mit einem Glykol \/ Wasser-Gemisch angebracht sein.<\/p>\n<\/div>\n\n\n\n<\/div><\/div><\/div><div class=\"toggle default\" data-inner-wrap=\"true\"><h3 class=\"toggle-title\"><a href=\"#\" role=\"button\" class=\"toggle-heading\"><i role=\"presentation\" class=\"fa fa-plus\"><\/i>Wird der ENERA-Solarkollektor bei hei\u00dfem, trockenem Wetter eine Brandgefahr darstellen?<\/a><\/h3><div><div class=\"inner-toggle-wrap\">\n<div class=\"wpb_text_column wpb_content_element\" >\n\t<p>Nein. Die Komponenten des ENERA-Solarkollektors sind alle f\u00fcr hohe Temperaturen ausgelegt und nicht brennbar, sodass sich das System selbst bei starker Sonneneinstrahlung und ausgeschalteter Umw\u00e4lzpumpe (Stagnation) nicht entz\u00fcndet oder Funken abgibt. Die meisten Komponenten der Sonnenkollektoren sind Edelstahl, Aluminium, Glas oder Glaswolle. Der Verteilerauslass sollte mit einem Temperaturbegrenzungsventil ausgestattet sein, das verhindert, dass die Verteilertemperatur 99 \u00b0C \/ 212 \u00b0C \u00fcbersteigt.<\/p>\n<\/div>\n\n\n\n<\/div><\/div><\/div><div class=\"toggle default\" data-inner-wrap=\"true\"><h3 class=\"toggle-title\"><a href=\"#\" role=\"button\" class=\"toggle-heading\"><i role=\"presentation\" class=\"fa fa-plus\"><\/i>Kann der ENERA Solarkollektor Wasser auf eine ausreichend hohe Temperatur erw\u00e4rmen?<\/a><\/h3><div><div class=\"inner-toggle-wrap\">\n<div class=\"wpb_text_column wpb_content_element\" >\n\t<p>Ja, bei gutem Wetter kann der ENERA-Solarkollektor Wasser zum Siedepunkt bringen. Im Allgemeinen ist dies nicht erforderlich. Daher sollte das System so ausgelegt sein, dass es im Sommer einen t\u00e4glichen Temperaturanstieg von etwa 25 bis 30 \u00b0 C (45 bis 54 \u00b0 C) erm\u00f6glicht. Die Dimensionierung eines Haushaltssystems, das das kalte Wasser an einem einzigen Tag auf 60 \u00b0 C \/ 141 \u00b0 C bringen kann, ist nicht logisch, denn wenn an einem Tag kein hei\u00dfes Wasser verwendet wird, kocht das System am folgenden Tag und leitet hei\u00dfes Wasser ab \u00fcber das Temperaturbegrenzungsventil. Dies ist sowohl eine Verschwendung von Energie als auch von Wasser! Bitte dimensionieren Sie das Solarwasserheizsystem mit vern\u00fcnftiger Gr\u00f6\u00dfe, um eine optimale Leistung und minimale Wasserverschwendung zu gew\u00e4hrleisten.<\/p>\n<\/div>\n\n\n\n<\/div><\/div><\/div><div class=\"toggle default\" data-inner-wrap=\"true\"><h3 class=\"toggle-title\"><a href=\"#\" role=\"button\" class=\"toggle-heading\"><i role=\"presentation\" class=\"fa fa-plus\"><\/i>Welche Wartung des Solarkollektors ist erforderlich?<\/a><\/h3><div><div class=\"inner-toggle-wrap\">\n<div class=\"wpb_text_column wpb_content_element\" >\n\t<p>Unter normalen Umst\u00e4nden ist keine Wartung des Systems erforderlich. Aufgrund der Form der R\u00f6hren sollten regelm\u00e4\u00dfige Regenf\u00e4lle und Winde die R\u00f6hren sauber halten. Sollte ein Rohr \u00fcberhaupt gebrochen sein, sollte es ersetzt werden. Dies ist jedoch eine kosteng\u00fcnstige und einfache Aufgabe. Jede \u201ehandliche\u201c Person kann ein neues Rohr installieren (unter Einhaltung der \u00f6rtlichen Gesundheits- und Sicherheitsbestimmungen). ENERA-Solarkollektoren k\u00f6nnen mit mehreren Rohrbr\u00fcchen betrieben werden, der Wirkungsgrad wird jedoch geringf\u00fcgig verringert.<\/p>\n<\/div>\n\n\n\n<\/div><\/div><\/div><div class=\"toggle default\" data-inner-wrap=\"true\"><h3 class=\"toggle-title\"><a href=\"#\" role=\"button\" class=\"toggle-heading\"><i role=\"presentation\" class=\"fa fa-plus\"><\/i>K\u00f6nnen ENERA-Solarkollektoren f\u00fcr die Warmwasserbereitung in gro\u00dfem Ma\u00dfstab eingesetzt werden?<\/a><\/h3><div><div class=\"inner-toggle-wrap\">\n<div class=\"wpb_text_column wpb_content_element\" >\n\t<p>Ja. ENERA-Solarkollektoren k\u00f6nnen in Reihe oder parallel geschaltet werden, um eine Warmwasserbereitung in gro\u00dfem Ma\u00dfstab f\u00fcr gewerbliche Umgebungen wie Schulen, Hotels oder B\u00fcrogeb\u00e4ude bereitzustellen. Die Gr\u00f6\u00dfe des Systems ist wirklich unbegrenzt. Kollektoren m\u00fcssen jedoch in B\u00e4nken mit nicht mehr als 150 Rohren (in Reihe) installiert werden, da sonst das Wasser kochen kann.<\/p>\n<\/div>\n\n\n\n<\/div><\/div><\/div><div class=\"toggle default\" data-inner-wrap=\"true\"><h3 class=\"toggle-title\"><a href=\"#\" role=\"button\" class=\"toggle-heading\"><i role=\"presentation\" class=\"fa fa-plus\"><\/i>Kann ich mein Schwimmbad oder Spa mit einem ENERA Solarkollektor heizen?<\/a><\/h3><div><div class=\"inner-toggle-wrap\">\n<div class=\"wpb_text_column wpb_content_element\" >\n\t<p>ENERA-Kollektoren sind Hochtemperaturkollektoren und daher ideal f\u00fcr Spas, da das Wasservolumen gering und die Temperaturanforderungen hoch sind. Bei Schwimmb\u00e4dern ist das Wasservolumen jedoch gro\u00df und der erforderliche Temperaturanstieg betr\u00e4gt nur einige Grad. Die Kosten f\u00fcr die Beheizung eines Pools mit Solarrohrkollektoren (f\u00fcr Haushaltszwecke) k\u00f6nnen unerschwinglich hoch sein. F\u00fcr gro\u00dfe Schwimmb\u00e4der k\u00f6nnen ENERA-Kollektoren jedoch eine \u00e4u\u00dferst praktikable Erg\u00e4nzung zu Gas oder Strom sein.<\/p>\n<\/div>\n\n\n\n<\/div><\/div><\/div><div class=\"toggle default\" data-inner-wrap=\"true\"><h3 class=\"toggle-title\"><a href=\"#\" role=\"button\" class=\"toggle-heading\"><i role=\"presentation\" class=\"fa fa-plus\"><\/i>Sind Solarrohrkollektoren effizienter als Flachkollektoren?<\/a><\/h3><div><div class=\"inner-toggle-wrap\">\n<div class=\"wpb_text_column wpb_content_element\" >\n\t<p>Beim Vergleich der Spitzenwirkungsgrade scheint es, dass es kaum einen Unterschied zwischen einer flachen Platte und evakuierten Rohren gibt. Tats\u00e4chlich kann eine flache Platte tats\u00e4chlich h\u00f6her sein, dies ist jedoch bei minimalen W\u00e4rmeverlustbedingungen der Fall. Im Durchschnitt \u00fcber ein Jahr haben evakuierte Rohrkollektoren einen klaren Vorteil.<\/p>\n<p>1. Aufgrund der zylindrischen Form der evakuierten R\u00f6hre k\u00f6nnen die Solarr\u00f6hren die Sonne den ganzen Tag \u00fcber passiv verfolgen. Flachkollektoren liefern nur am Mittag Spitzenenergieabgabe, wenn die Sonne senkrecht zur Kollektoroberfl\u00e4che steht.<\/p>\n<p>2. Luft wird aus dem Solarrohr evakuiert, um ein Vakuum zu bilden. Dies reduziert den leitenden und konvektiven W\u00e4rmeverlust aus dem Inneren des Rohrs erheblich. Infolgedessen haben Wind- und Kalttemperaturen einen geringeren Einfluss auf die Effizienz des evakuierten Rohrkollektors.<\/p>\n<p>3. ENERA-Solarkollektoren k\u00f6nnen h\u00e4ufig bei Temperaturen unter Null verwendet werden, ohne dass das System besch\u00e4digt wird. Bei Flachplattensystemen m\u00fcssen h\u00e4ufig teure und komplizierte Frostschutzsysteme installiert werden.<\/p>\n<p>4. Evakuierte Rohre sind stark, langlebig und sollten zerbrochen, kosteng\u00fcnstig und leicht zu ersetzen sein. Wenn eine Flachkollektorplatte besch\u00e4digt ist, muss die gesamte Platte ausgetauscht werden.<\/p>\n<p>5. Aufgrund der hocheffizienten Absorption der Sonnenstrahlung auch bei bew\u00f6lkten Bedingungen in Kombination mit den hervorragenden Isoliereigenschaften der Solarr\u00f6hre k\u00f6nnen Solarr\u00f6hrenkollektoren das ganze Jahr \u00fcber Wasser erw\u00e4rmen (eine Sicherung durch Gas und Strom ist weiterhin erforderlich).<\/p>\n<p>6. Aufgrund der verschiedenen Vorteile eines Vakuumr\u00f6hrenkollektors gegen\u00fcber Flachkollektoren kann ein kleinerer Kollektor verwendet werden, um die gleiche Heizleistung bereitzustellen. Zum Beispiel w\u00fcrde ein Standardhaushalt von 4-5 Personen normalerweise einen 250-300L Wasserspeichertank ben\u00f6tigen. Abh\u00e4ngig von Ihrem Standort w\u00e4ren nur 30 evakuierte R\u00f6hren erforderlich, um den gesamten Warmwasserbedarf im Sommer und einen hohen Prozentsatz in anderen Jahreszeiten zu decken.<\/p>\n<p>7. Flachkollektoren k\u00f6nnen eine \u00e4hnliche W\u00e4rmeabgabe wie Vakuumr\u00f6hrenkollektoren erzeugen, jedoch im Allgemeinen nur bei hei\u00dfen, sonnigen Bedingungen. Im Durchschnitt \u00fcber ein ganzes Jahr ist die W\u00e4rmeleistung des evakuierten Rohrkollektors pro Netto-m2 Absorberfl\u00e4che zwischen 25% und 40% h\u00f6her als bei einem Flachkollektor.<\/p>\n<\/div>\n\n\n\n<\/div><\/div><\/div><div class=\"toggle default\" data-inner-wrap=\"true\"><h3 class=\"toggle-title\"><a href=\"#\" role=\"button\" class=\"toggle-heading\"><i role=\"presentation\" class=\"fa fa-plus\"><\/i>Welcher Sammler bietet das beste Preis-Leistungs-Verh\u00e4ltnis?<\/a><\/h3><div><div class=\"inner-toggle-wrap\">\n<div class=\"wpb_text_column wpb_content_element\" >\n\t<p>Anstatt beim Vergleich von Solarkollektoren nur die Spitzenwirkungsgrade zu betrachten, sind die Kosten pro erzeugter Energieeinheit viel logischer. Zum Beispiel: Obwohl Kollektor A 20% effizienter als Kollektor B sein kann, ist Kollektor B tats\u00e4chlich die bessere Wahl, wenn Kollektor A 30% teurer ist, da er pro kWh erzeugter Energie pro Tag billiger ist. Wenn es um die Amortisationszeit geht, ist nicht nur der Preis pro kWh des Produkts wichtig, sondern auch des Endsystems. In dieser Hinsicht bietet ENERA Solarkollektoren einen weiteren Vorteil, da ENERA Solarkollektoren sehr einfach zu installieren sind und dies einen gro\u00dfen Unterschied in Bezug auf die Gesamtinstallationskosten bedeuten kann.<\/p>\n<\/div>\n\n\n\n<\/div><\/div><\/div><div class=\"toggle default\" data-inner-wrap=\"true\"><h3 class=\"toggle-title\"><a href=\"#\" role=\"button\" class=\"toggle-heading\"><i role=\"presentation\" class=\"fa fa-plus\"><\/i>K\u00f6nnen ENERA-Solarkollektoren in einer Drain-Back-Konfiguration verwendet werden?<\/a><\/h3><div><div class=\"inner-toggle-wrap\">\n<div class=\"wpb_text_column wpb_content_element\" >\n\t<p>Ja. Die Endanschlussversion des ENERA-Solarkollektors eignet sich gut f\u00fcr den R\u00fcckfluss. Oft wird die Frage gestellt, ob der Solarkollektor beim Ausschalten der Pumpe besch\u00e4digt wird und das System bei guter Sonne stagniert - nein, dies ist nicht der Fall, da die Kollektoren so ausgelegt sind, dass sie Stagnation standhalten. Was jedoch ber\u00fccksichtigt werden muss, ist die Isolierung der Rohrleitungen in der N\u00e4he der Kollektoren, da diese Stagnationstemperaturen standhalten m\u00fcssen.<\/p>\n<\/div>\n\n\n\n<\/div><\/div><\/div><div class=\"toggle default\" data-inner-wrap=\"true\"><h3 class=\"toggle-title\"><a href=\"#\" role=\"button\" class=\"toggle-heading\"><i role=\"presentation\" class=\"fa fa-plus\"><\/i>Welche Wechselrichter hast du?<\/a><\/h3><div><div class=\"inner-toggle-wrap\">\n<div class=\"wpb_text_column wpb_content_element\" >\n\t<p>Die Serien MIN und MOD XH sind neue Wechselrichtermodelle von Growatt, einem der gr\u00f6\u00dften Wechselrichterhersteller der Welt. Es ist ein hochwertiges Produkt mit einem sehr kompakten und modernen Design. Es beginnt mit dem einphasigen Modell MIN3000TL-XH mit der niedrigsten Leistung in der MIN-XH-Reihe und endet mit dreiphasigen Modellen bis zu 10000 W. Alle Wechselrichter dieser Familie verf\u00fcgen \u00fcber 2 MPPT-Tracker und einen sehr gro\u00dfen Betriebsbereich. Diese Wechselrichter sind an das Stromnetz angeschlossen, wo sie installiert sind, um die von den Modulen erzeugte Energie einzuspeisen und Stromrechnungen zu sparen. Dank ihres g\u00fcnstigen Preises bieten sie hervorragende Eigenschaften f\u00fcr eine kurze Amortisationszeit. Sie sind auch mit Lithiumbatterien kompatibel, sodass sie zusammen installiert werden k\u00f6nnen.<\/p>\n<\/div>\n\n\n\n<\/div><\/div><\/div><div class=\"toggle default\" data-inner-wrap=\"true\"><h3 class=\"toggle-title\"><a href=\"#\" role=\"button\" class=\"toggle-heading\"><i role=\"presentation\" class=\"fa fa-plus\"><\/i>Welche Batterien bieten Sie an?<\/a><\/h3><div><div class=\"inner-toggle-wrap\">\n<div class=\"wpb_text_column wpb_content_element\" >\n\t<p>Wir bieten Systeme mit Growatt ARK XH-Setups mit einer Leistung von mindestens 5,1 kW an. Das Lithium-Hochvoltbatterie-Set-up Growatt ARK XH 5,1kWh eignet sich f\u00fcr Eigenverbrauchs-Growwatt-Systeme mit der M\u00f6glichkeit, \u00fcbersch\u00fcssige Produktion zu speichern. Diese 5,1-kWh-Lithiumbatterie hat eine lange Lebensdauer und kann mit zus\u00e4tzlichen 2,5-kWh-Modulen erg\u00e4nzt werden, um die Kapazit\u00e4t unserer Batteriebank zu erh\u00f6hen. Beinhaltet die Basis, zwei Module und einen BMS-Controller zur Kommunikation mit den Growatt MIN- und MOD XH-Wechselrichtern. Die XH-Serie ist der neueste Smart Grid-verbundene Wechselrichter f\u00fcr Privathaushalte und verf\u00fcgt \u00fcber eine hohe Anpassungsf\u00e4higkeit. Dank der Batterieschnittstelle l\u00e4sst es sich in Zukunft problemlos zu einem Speichersystem erweitern, ohne dass zus\u00e4tzliche Ausr\u00fcstungs- oder Nachr\u00fcstkosten anfallen. Es unterst\u00fctzt auch 2x Ausgangsleistung.<\/p>\n<\/div>\n\n\n\n<\/div><\/div><\/div><\/div>\n\t\t\t<\/div> \n\t\t<\/div>\n\t<\/div> \n<\/div><\/div>","protected":false},"excerpt":{"rendered":"ENERA FAQ Ist solare Warmwasserbereitung eine Alternative zu Gas oder Strom? Solar sollte nicht als Alternative zu Gas oder Strom gesehen werden, ...","protected":false},"author":1,"featured_media":0,"parent":0,"menu_order":0,"comment_status":"closed","ping_status":"closed","template":"","meta":{"footnotes":""},"class_list":["post-7352","page","type-page","status-publish"],"_links":{"self":[{"href":"https:\/\/enera-solar.com\/de\/wp-json\/wp\/v2\/pages\/7352","targetHints":{"allow":["GET"]}}],"collection":[{"href":"https:\/\/enera-solar.com\/de\/wp-json\/wp\/v2\/pages"}],"about":[{"href":"https:\/\/enera-solar.com\/de\/wp-json\/wp\/v2\/types\/page"}],"author":[{"embeddable":true,"href":"https:\/\/enera-solar.com\/de\/wp-json\/wp\/v2\/users\/1"}],"replies":[{"embeddable":true,"href":"https:\/\/enera-solar.com\/de\/wp-json\/wp\/v2\/comments?post=7352"}],"version-history":[{"count":0,"href":"https:\/\/enera-solar.com\/de\/wp-json\/wp\/v2\/pages\/7352\/revisions"}],"wp:attachment":[{"href":"https:\/\/enera-solar.com\/de\/wp-json\/wp\/v2\/media?parent=7352"}],"curies":[{"name":"wp","href":"https:\/\/api.w.org\/{rel}","templated":true}]}}