{"id":6483,"date":"2019-07-09T01:57:43","date_gmt":"2019-07-08T23:57:43","guid":{"rendered":"https:\/\/enera-solar.com\/?page_id=6483"},"modified":"2020-06-18T18:17:19","modified_gmt":"2020-06-18T16:17:19","slug":"return-and-refund-policy","status":"publish","type":"page","link":"https:\/\/enera-solar.com\/de\/ruckgabe-und-ruckerstattungsrichtlinie\/","title":{"rendered":"R\u00fcckgabe- und R\u00fcckerstattungsrichtlinien"},"content":{"rendered":"<p><strong>ZAHLUNGSARTEN<\/strong><br \/>\nAlle Preise auf unserer Website sind endg\u00fcltig, enthalten alle Steuern und k\u00f6nnen sp\u00e4ter nicht mehr ge\u00e4ndert werden. Sie k\u00f6nnen eine der vorgeschlagenen Zahlungsmethoden ausw\u00e4hlen. Alle anderen Methoden m\u00fcssen im Voraus angegeben werden. Unsere Website bietet eine einzigartige M\u00f6glichkeit, Waren zu kaufen, wenn die erste Teilzahlung der Waren erfolgt. Sie k\u00f6nnen die H\u00f6he der Vorauszahlung selbst aus dem zul\u00e4ssigen Mindestbetrag ausw\u00e4hlen. In diesem Fall h\u00e4ngen die endg\u00fcltigen Kosten der Ware von der H\u00f6he der Erstzahlung ab. Im Falle einer Teilzahlung sollte der Restbetrag zum Zeitpunkt der Lieferung zu zahlen sein. Falls sich der K\u00e4ufer weigert, die im Voraus bezahlte Ware anzunehmen und zu bezahlen, wird die Anzahlung nicht zur\u00fcckerstattet. Wenn das Produkt mit einem Installationsservice von IberSunWind, SL (\u201eENERA\u201c) bestellt wurde, kann die endg\u00fcltige Zahlung nach Abschluss aller Arbeiten erfolgen Installation und Inbetriebnahme der Ausr\u00fcstung abgeschlossen.<\/p>\n<p><strong>PRODUKTR\u00dcCKGABEPOLITIK<\/strong><br \/>\nDie R\u00fccksendung des Produkts wird nur innerhalb der ersten 14 Kalendertage nach Lieferung und Unterschrift des Eingangs akzeptiert, wenn sich das Produkt in ausgezeichnetem Zustand befindet. Um den R\u00fcckgabevorgang zu starten, m\u00fcssen Sie sich an IberSunWind, SL (\u201eENERA\u201c) wenden.<\/p>\n<p>Der K\u00c4UFER ist nicht berechtigt, Ger\u00e4te ohne vorherige Ank\u00fcndigung an den VERK\u00c4UFER zu senden. Nach Erhalt der R\u00fcckgabemitteilung ist der VERK\u00c4UFER verpflichtet, dem K\u00e4ufer so bald wie m\u00f6glich die Adresse mitzuteilen, an die das Ger\u00e4t gesendet und zur\u00fcckgesandt wird, und der K\u00c4UFER muss das Ger\u00e4t an die vom VERK\u00c4UFER angegebene Adresse zur\u00fccksenden schnellstm\u00f6glich. Die R\u00fccksendekosten tr\u00e4gt der K\u00c4UFER. Es ist wichtig, dass das Produkt einschlie\u00dflich aller Zubeh\u00f6rteile und Handb\u00fccher in ausgezeichnetem Zustand zur\u00fcckgegeben wird. Wenn Sie die Ware nicht in der Originalverpackung zur\u00fccksenden k\u00f6nnen oder die Verpackung m\u00f6glicherweise nicht in einwandfreiem Zustand ist, kann eine Abschreibung vorgenommen werden. Dieser Betrag darf den vom Kunden f\u00fcr die gekaufte Ware gezahlten Preis nicht \u00fcberschreiten. Dar\u00fcber hinaus kann der K\u00c4UFER den Wertverlust des VERK\u00c4UFERS vermeiden, indem er den Zustand der Schachtel und der Originalverpackung beibeh\u00e4lt und andere Ma\u00dfnahmen ergreift, die sich auf seinen Wert auswirken k\u00f6nnen.<\/p>\n<p><strong>R\u00fcckgaberecht f\u00fcr fehlerhafte Waren oder Waren von unzureichender Qualit\u00e4t<\/strong><br \/>\nDer K\u00c4UFER muss vor der Unterzeichnung der Abnahmebescheinigung sicherstellen, dass die Ware in gutem Zustand ankommt, ohne dass ernsthafte Sch\u00e4den auftreten, die den Betrieb der Ausr\u00fcstung beeintr\u00e4chtigen k\u00f6nnten.<br \/>\nDer K\u00c4UFER muss die Verpackung entfernen und den Zustand aller Ger\u00e4te \u00fcberpr\u00fcfen. Wenn ein Teil des Ger\u00e4ts besch\u00e4digt oder sichtbar besch\u00e4digt ist, muss der K\u00c4UFER dies dem Verk\u00e4ufer melden, und zwar innerhalb von 24 Stunden nach Erhalt des Ger\u00e4ts. Der VERK\u00c4UFER kann bei der Reederei einen Anspruch auf Besch\u00e4digung der Ware bei Lieferung geltend machen und den Sachschaden dem K\u00c4UFER schnell wiedergutmachen.<\/p>\n<p>Der K\u00c4UFER \u00fcbernimmt das gesamte Risiko von Sch\u00e4den, Besch\u00e4digungen, Verletzungen und Verlust von Waren ab dem Zeitpunkt, an dem die Waren von einem Dritten (Transportunternehmen) zu seiner Verf\u00fcgung gestellt wurden, aufgrund dessen das Unternehmen IberSunWind, SL (\u201eENERA\u201c) realisiert die Lieferung der gekauften Ware.<\/p>","protected":false},"excerpt":{"rendered":"<p>ZAHLUNGSMETHODEN Alle Preise auf unserer Website sind endg\u00fcltig, enthalten alle Steuern und k\u00f6nnen sp\u00e4ter nicht mehr ge\u00e4ndert werden. Sie k\u00f6nnen eine der vorgeschlagenen Zahlungen ausw\u00e4hlen\u2026<\/p>","protected":false},"author":1,"featured_media":0,"parent":0,"menu_order":0,"comment_status":"closed","ping_status":"closed","template":"","meta":{"footnotes":""},"class_list":["post-6483","page","type-page","status-publish"],"_links":{"self":[{"href":"https:\/\/enera-solar.com\/de\/wp-json\/wp\/v2\/pages\/6483","targetHints":{"allow":["GET"]}}],"collection":[{"href":"https:\/\/enera-solar.com\/de\/wp-json\/wp\/v2\/pages"}],"about":[{"href":"https:\/\/enera-solar.com\/de\/wp-json\/wp\/v2\/types\/page"}],"author":[{"embeddable":true,"href":"https:\/\/enera-solar.com\/de\/wp-json\/wp\/v2\/users\/1"}],"replies":[{"embeddable":true,"href":"https:\/\/enera-solar.com\/de\/wp-json\/wp\/v2\/comments?post=6483"}],"version-history":[{"count":0,"href":"https:\/\/enera-solar.com\/de\/wp-json\/wp\/v2\/pages\/6483\/revisions"}],"wp:attachment":[{"href":"https:\/\/enera-solar.com\/de\/wp-json\/wp\/v2\/media?parent=6483"}],"curies":[{"name":"wp","href":"https:\/\/api.w.org\/{rel}","templated":true}]}}