{"id":6481,"date":"2019-07-09T01:57:14","date_gmt":"2019-07-08T23:57:14","guid":{"rendered":"https:\/\/enera-solar.com\/?page_id=6481"},"modified":"2020-06-17T18:36:39","modified_gmt":"2020-06-17T16:36:39","slug":"delivery","status":"publish","type":"page","link":"https:\/\/enera-solar.com\/de\/lieferung\/","title":{"rendered":"Lieferung"},"content":{"rendered":"<p><strong>GRUNDINFORMATION<\/strong><br \/>\nW\u00e4hrend des Bestellvorgangs sehen Sie die Lieferbedingungen und -kosten. Alle Preise sind endg\u00fcltig, enthalten alle Steuern und k\u00f6nnen sp\u00e4ter nicht mehr ge\u00e4ndert werden.<br \/>\nWir empfehlen Ihnen, w\u00e4hrend des Bestellvorgangs verf\u00fcgbare, garantierte Lieferoptionen zu w\u00e4hlen, abh\u00e4ngig von Ihrem Standort und der Verf\u00fcgbarkeit der Waren.<br \/>\nSie k\u00f6nnen auch Ihre bevorzugte Lieferzeit w\u00e4hrend des Bestellvorgangs ausw\u00e4hlen. Im Falle einer Unm\u00f6glichkeit oder Verz\u00f6gerung wird der Manager Sie vorab \u00fcber die \u00c4nderungen informieren und das neue Datum und die neue Uhrzeit vereinbaren.<\/p>\n<p>Wenn Sie zum Zeitpunkt der Bestellung kein bevorzugtes Datum und keine bevorzugte Uhrzeit angegeben haben, werden die Standardlieferbedingungen verwendet. Wenn auf der Seite keine Lieferbedingungen angegeben sind oder eine Lieferung nicht m\u00f6glich ist, bedeutet dies, dass die Lieferbedingungen separat angegeben werden m\u00fcssen.<\/p>\n<p><strong>STANDARD LIEFERUNG<\/strong><br \/>\nSpanien (Festland)<br \/>\nGeb\u00fchr: KOSTENLOS<br \/>\nLieferung: 3-5 Werktage *<br \/>\nLieferzeit: 9: 00 bis 21: 00 Uhr. Montag bis Freitag **<br \/>\n* Je nach Verf\u00fcgbarkeit und Lieferadresse k\u00f6nnen Sie zwischen 10 und 14 Werktage Zeit haben.<br \/>\n** F\u00fcr einige Optionen gilt dies auch f\u00fcr die Lieferung samstags und sonntags von 9:00 bis 21:00 Uhr.<br \/>\n*** Zollgeb\u00fchren werden vom K\u00e4ufer bei der Verarbeitung von Waren beim Zoll separat bezahlt (z. B. f\u00fcr die Balearen, Kanaren, Ceuta und Melilla).<\/p>","protected":false},"excerpt":{"rendered":"<p>GRUNDLEGENDE INFORMATIONEN W\u00e4hrend des Bestellvorgangs sehen Sie die Lieferbedingungen und -kosten. Alle Preise sind endg\u00fcltig, beinhalten alle Steuern und k\u00f6nnen nicht\u2026<\/p>","protected":false},"author":1,"featured_media":0,"parent":0,"menu_order":0,"comment_status":"closed","ping_status":"closed","template":"","meta":{"footnotes":""},"class_list":["post-6481","page","type-page","status-publish"],"_links":{"self":[{"href":"https:\/\/enera-solar.com\/de\/wp-json\/wp\/v2\/pages\/6481","targetHints":{"allow":["GET"]}}],"collection":[{"href":"https:\/\/enera-solar.com\/de\/wp-json\/wp\/v2\/pages"}],"about":[{"href":"https:\/\/enera-solar.com\/de\/wp-json\/wp\/v2\/types\/page"}],"author":[{"embeddable":true,"href":"https:\/\/enera-solar.com\/de\/wp-json\/wp\/v2\/users\/1"}],"replies":[{"embeddable":true,"href":"https:\/\/enera-solar.com\/de\/wp-json\/wp\/v2\/comments?post=6481"}],"version-history":[{"count":0,"href":"https:\/\/enera-solar.com\/de\/wp-json\/wp\/v2\/pages\/6481\/revisions"}],"wp:attachment":[{"href":"https:\/\/enera-solar.com\/de\/wp-json\/wp\/v2\/media?parent=6481"}],"curies":[{"name":"wp","href":"https:\/\/api.w.org\/{rel}","templated":true}]}}