{"id":6479,"date":"2019-07-09T01:56:39","date_gmt":"2019-07-08T23:56:39","guid":{"rendered":"https:\/\/enera-solar.com\/?page_id=6479"},"modified":"2023-04-18T09:56:27","modified_gmt":"2023-04-18T07:56:27","slug":"warranty-terms","status":"publish","type":"page","link":"https:\/\/enera-solar.com\/de\/garantiebedingungen\/","title":{"rendered":"Garantiebedingungen"},"content":{"rendered":"<p><strong>IberSunWind, SL (\u201eENERA\u201c) stellt sicher, dass alle unsere Produkte den technischen Spezifikationen und Qualit\u00e4tsstandards entsprechen.<\/strong><\/p>\n<p><strong>IberSunWind, SL (\u201eENERA\u201c) gew\u00e4hrt eine Garantie von 15 Jahren auf Vakuumr\u00f6hren, 2* Jahre auf Speichertanks und 1** Jahr auf alle anderen Produkte, Komponenten und Installationen (vorbehaltlich der Installation durch unsere Spezialisten). Die Gew\u00e4hrleistungsfrist wird ab dem Datum der Lieferung der Ware an den K\u00e4ufer berechnet.<\/strong><\/p>\n<p>* Die Magnesiumanode muss jedes Jahr gewechselt werden, um die Garantie f\u00fcr Lagertanks abzudecken. Falls Sie nicht die Person sind, die f\u00fcr die \u00c4nderung verantwortlich ist, m\u00fcssen Sie dem Unternehmen am angegebenen Datum eine best\u00e4tigte Rechnung vorlegen, die nicht mehr als eineinhalb Jahre zwischen dem Wechsel jeder Anode liegt.<\/p>\n<p>** Neue Produkte oder Teile, die von installiert wurden Sie sollten keine M\u00e4ngel aufweisen, die den normalen Betrieb verhindern. Beachten Sie die Nutzungsbedingungen, Installation und Wartung.<\/p>\n<p>Wenn das Produkt zu irgendeinem Zeitpunkt w\u00e4hrend der Laufzeit dieser Garantie aufgrund von M\u00e4ngeln nicht ordnungsgem\u00e4\u00df funktioniert, muss IberSunWind, SL (\u201eENERA\u201c) je nach Defekt das defekte Produkt ersetzen oder reparieren.<br \/>\n* In beiden F\u00e4llen setzt die aktualisierte Hardware das Ablaufdatum der Garantie f\u00fcr Ihre erste Hardware voraus. Ersetzte Produkte geh\u00f6ren IberSunWind, SL (\u201dENERA\u201d)<\/p>\n<p>Die oben genannten Garantien IberSunWind, SL (\u201dENERA\u201d) sind minimal und universell f\u00fcr alle Produkte. IberSunWind, SL (\u201eENERA\u201c) beh\u00e4lt sich das Recht vor, Erweiterungen dieser Garantien anzubieten, die den unterschiedlichen Merkmalen der Produkte, Regionen oder Bestimmungsorte entsprechen. In diesem Fall sollten diese Garantieerweiterungen in einem separaten Dokument beschrieben werden.<br \/>\nGarantien werden von IberSunWind, SL (\u201eENERA\u201c) gem\u00e4\u00df den hier aufgef\u00fchrten allgemeinen Gesch\u00e4ftsbedingungen bereitgestellt.<br \/>\n* Die Garantie gilt nur f\u00fcr Ger\u00e4te von IberSunWind, SL (\u201eENERA\u201c), sofern die Ger\u00e4te von unserem Unternehmen oder einem autorisierten professionellen Installateur gem\u00e4\u00df Real Decreto 1967\/2008, einem von Ministerio de Industria oder Ein zertifizierter Installateur von Solaranlagen, der von der Consejer\u00eda Auton\u00f3mica de Industria zugelassen wurde.<\/p>\n<p>* Garantien werden von IberSunWind, SL (\u201dENERA\u201d) bereitgestellt, vorausgesetzt, das Ger\u00e4t wurde gem\u00e4\u00df den Regeln und Vorschriften f\u00fcr jede am Installationsort geltende Installationsart installiert.<\/p>\n<p><strong>AUSSCHL\u00dcSSE UND EINSCHR\u00c4NKUNGEN DER GARANTIEN<\/strong><br \/>\nGarantierechte k\u00f6nnen w\u00e4hrend der jeweils festgelegten Garantiezeit unmittelbar nach ihrer Feststellung geltend gemacht werden, wenn es sich um unsichtbare M\u00e4ngel handelt. Der Anspruch muss in Form einer Verletzung der Betriebsarten des Ger\u00e4ts geltend gemacht werden.<\/p>\n<p>Gew\u00e4hrleistungsrechte werden nicht gew\u00e4hrt, wenn Sch\u00e4den, Fehlfunktionen oder Nichtfunktionen von Solarthermieprodukten in den folgenden F\u00e4llen aufgetreten sind:<br \/>\nUnf\u00e4lle, mobile Nutzung, fahrl\u00e4ssige oder missbr\u00e4uchliche Nutzung, missbr\u00e4uchliche oder missbr\u00e4uchliche Nutzung.<br \/>\nAufgrund unsachgem\u00e4\u00dfer Installation, nicht gem\u00e4\u00df den Anweisungen f\u00fcr Installation oder Verwendung, Missbrauch oder Exposition (St\u00f6\u00dfe usw.) oder Fehlfunktion der Installationssicherheitselemente.<\/p>\n<p>\u00c4nderungen an der Installation oder unsachgem\u00e4\u00dfe Installation oder Arbeiten, die von einem nicht lizenzierten spezialisierten Unternehmen gem\u00e4\u00df den geltenden Vorschriften und Richtlinien ausgef\u00fchrt werden.<\/p>\n<p>Sch\u00e4den, die durch Druckwerte, Tests oder Betrieb verursacht werden, die \u00fcber den in der technischen Dokumentation angegebenen Werten liegen, oder durch die Verwendung von Wasser mit Zusammensetzungswerten \u00fcber:<br \/>\n200 mg \/ l Calciumcarbonat &lt;<br \/>\n50 mg \/ l freies Kohlendioxid &lt;<br \/>\npH von mindestens 5 bis maximal 12<br \/>\nim Zusammenhang mit Einfrieren, \u00dcberschwemmungen, Sch\u00e4dlingen, Handlungen Dritter oder anderen Ursachen, die nicht mit den normalen Betriebsbedingungen der Produkte zusammenh\u00e4ngen.<\/p>\n<p>Aufgrund von Korrosion durch die Konzentration von Chloriden und \/ oder wasserl\u00f6slichen Salzen mehr als 150 Milligramm pro Liter.<br \/>\nGegen galvanische Korrosion durch direkte Verbindung, ohne dielektrische Buchsen, andere Metallelemente als das Tankmaterial, in irgendeiner Verbindung damit gem\u00e4\u00df den Regeln. Aufgrund von Korrosion in der Batterie durch Ablagerung von Kupferpartikeln aus Kaltwasser-Ansaugrohren und \/ oder R\u00fcckf\u00fchrung, wenn es sich um Kupfer handelt. Durch die Bildung von Kalk von Salzen, Schlacken oder anderen Verschmutzungen im Tank und \/ oder Heizschlangen oder daraus entstehender Korrosion. Aufgrund der Korrosion der Stahlh\u00fclle in der Doppelwand der Tanks.<br \/>\nUnzureichende Elemente, die in den entsprechenden Anweisungen oder Vorschriften nicht vorgesehen sind.<\/p>\n<p>Ohne installiertes Schutzsystem Bedingungen mit einer Chloridkonzentration von mehr als 150 Milligramm pro Liter oder in Tanks mit Kupferelementen zur Umw\u00e4lzung von hei\u00dfem Wasser.<\/p>\n<p>Bei einem kathodischen Schutzsystem im Tank h\u00e4ngt die Garantie streng vom Betrieb des kathodischen Schutzes des Ger\u00e4ts gem\u00e4\u00df den beigef\u00fcgten Installations- und Gebrauchsanweisungen ab.<\/p>\n<p>Um die Garantien f\u00fcr Lagertanks abzudecken, muss die Magnesiumanode jedes Jahr gewechselt werden. Die f\u00fcr den Austausch verantwortliche Person muss an jedem Tag, der 13 Monate zwischen jedem Anodenwechsel nicht \u00fcberschreitet, eine bezahlte Rechnung vorlegen.<\/p>\n<p>Wenn die Produkte keine Seriennummer haben oder nicht identifiziert werden k\u00f6nnen.<br \/>\ngelten nicht als M\u00e4ngel, da sie das Recht auf Gew\u00e4hrleistungsanspruch haben, Aspekte im Zusammenhang mit der \u00c4sthetik des Produkts, es sei denn, sie stellen eine Verschlechterung seines Betriebs oder die in der technischen Dokumentation IberSunWind, SL (\u201eENERA\u201c) angegebenen Regeln dar.<\/p>\n<p>Die hier aufgef\u00fchrten Gew\u00e4hrleistungsrechte decken nicht die Versandkosten f\u00fcr fehlerhafte Produkte ab, die sich aus der R\u00fccksendung an IberSunWind, SL (\u201eENERA\u201c) und dem anschlie\u00dfenden Versand eines neuen Produkts ergeben. Sie deckt nicht die Kosten f\u00fcr Eingriffe im Zusammenhang mit der Demontage fehlerhafter Produkte sowie die Kosten f\u00fcr die sp\u00e4tere Neuinstallation von Ersatzteilen. Alle anderen Kosten, wie z. B. Zeitaufwand f\u00fcr Austauscharbeiten, Abschreibung von Fahrzeugen und Werkzeugen, Verf\u00fcgbarkeit zus\u00e4tzlicher Werkzeuge, Kr\u00e4ne oder Hebesysteme f\u00fcr die Demontage und anschlie\u00dfende Montage, insbesondere. Der Kunde stimmt diesen Gesch\u00e4ftsbedingungen zum Zeitpunkt des Kaufs zu und akzeptiert sie, wodurch er die Verantwortung als spezifischer Vertrag zwischen den Parteien \u00fcbernimmt.<\/p>\n<p>IberSunWind, SL (\u201dENERA\u201d) beh\u00e4lt sich das Recht vor, ein anderes Produktmodell zu liefern, um die akzeptierten Garantieanforderungen als Ersatz zu erf\u00fcllen, falls das Originalmodell eingestellt wird.<\/p>\n<p><strong>GARANTIERECHT<\/strong><br \/>\nJeder Kunde oder Benutzer der Produkte der Marke ENERA, der als g\u00fcltiger Grund f\u00fcr den Erhalt der in diesem Dokument aufgef\u00fchrten Gew\u00e4hrleistungsrechte angesehen wird, muss wie folgt vorgehen:<\/p>\n<p>Informieren Sie das Unternehmen, das Ihnen die Produkte verkauft hat, unverz\u00fcglich und schriftlich. Der Mitteilung ist eine Kopie der Begr\u00fcndung f\u00fcr den Kauf der zum Zeitpunkt des Kaufs zu beanspruchenden Waren beizuf\u00fcgen.<\/p>\n<p>Nach Erhalt eines solchen Anspruchs f\u00fchrt IberSunWind, SL (\u201eENERA\u201c) \u00fcber die Kundendienstabteilung eine Analyse durch, um die Berechtigung gem\u00e4\u00df den Bestimmungen dieses Garantiedokuments zu bestimmen, informiert den Kunden und gibt Anweisungen an verfolgt werden. Die R\u00fccksendung von Waren, die dem Anspruch unterliegen, kann nicht ohne vorherige schriftliche Genehmigung der Kundendienstabteilung IberSunWind, SL (\u201eENERA\u201c) erfolgen.<\/p>\n<p>IberSunWind, SL (\u201eENERA\u201c) beh\u00e4lt sich das Recht vor, alle Aspekte zu untersuchen, die f\u00fcr die optimale L\u00f6sung des Anspruchs wichtig sind, und der Kunde erkl\u00e4rt sich damit einverstanden, die Installationsbedingungen, die zu dem Anspruch gef\u00fchrt haben, ohne vorherige schriftliche Zustimmung nicht zu \u00e4ndern .<\/p>\n<p>Alle Streitigkeiten, die sich direkt oder indirekt im Zusammenhang mit diesen oder anderen Angelegenheiten ergeben, werden mit dem Verzicht auf andere Streitigkeiten an das Gericht von Alicante verwiesen.<\/p>\n<p><strong>HAFTUNGSBESCHR\u00c4NKUNG<\/strong><br \/>\nIberSunWind, SL (\u201eENERA\u201c) haftet gegen\u00fcber dem Kunden weder direkt noch indirekt f\u00fcr Verst\u00f6\u00dfe oder Verz\u00f6gerungen bei der Erf\u00fcllung seiner Gew\u00e4hrleistungsverpflichtungen, die durch h\u00f6here Gewalt oder andere unvorhergesehene Vorf\u00e4lle verursacht werden k\u00f6nnen, die nicht mit dem Willen von IberSunWind zusammenh\u00e4ngen , SL (&quot;ENERA&quot;).<\/p>\n<p>Verantwortung IberSunWind, SL (\u201eENERA\u201c) ist auf die oben beschriebenen Verpflichtungen in H\u00f6he der vom Kunden in Form des Kaufs des Produkts gezahlten Rechnung beschr\u00e4nkt. Dabei wird ausdr\u00fccklich jegliche Haftung f\u00fcr Folgesch\u00e4den wie Datenverlust, entgangenen Gewinn oder Gewinn usw. ausgeschlossen, es sei denn, dies verst\u00f6\u00dft gegen geltendes Recht.<\/p>\n<p>Diese Gew\u00e4hrleistungsbeschr\u00e4nkungen gelten, sofern sie nicht mit den f\u00fcr jedes Land geltenden gesetzlichen Bestimmungen in Bezug auf die Haftung f\u00fcr Erl\u00f6se unvereinbar sind. Wenn dieser Umstand einen Verzicht auf eine der oben genannten Bestimmungen darstellt, betrifft die Ung\u00fcltigkeit nur diese bestimmte Bestimmung, w\u00e4hrend der Rest der Bestimmungen beibehalten wird.<\/p>\n<p>* Alle anderen hier nicht genannten Gew\u00e4hrleistungsrechte sind ausgeschlossen.<\/p>","protected":false},"excerpt":{"rendered":"<p>IberSunWind, SL (\u201eENERA\u201c) stellt sicher, dass alle unsere Produkte den technischen Spezifikationen und Qualit\u00e4tsstandards entsprechen. IberSunWind, SL (\u201eENERA\u201c) gew\u00e4hrt eine Garantie f\u00fcr einen bestimmten Zeitraum\u2026<\/p>","protected":false},"author":1,"featured_media":0,"parent":0,"menu_order":0,"comment_status":"closed","ping_status":"closed","template":"","meta":{"footnotes":""},"class_list":["post-6479","page","type-page","status-publish"],"_links":{"self":[{"href":"https:\/\/enera-solar.com\/de\/wp-json\/wp\/v2\/pages\/6479","targetHints":{"allow":["GET"]}}],"collection":[{"href":"https:\/\/enera-solar.com\/de\/wp-json\/wp\/v2\/pages"}],"about":[{"href":"https:\/\/enera-solar.com\/de\/wp-json\/wp\/v2\/types\/page"}],"author":[{"embeddable":true,"href":"https:\/\/enera-solar.com\/de\/wp-json\/wp\/v2\/users\/1"}],"replies":[{"embeddable":true,"href":"https:\/\/enera-solar.com\/de\/wp-json\/wp\/v2\/comments?post=6479"}],"version-history":[{"count":0,"href":"https:\/\/enera-solar.com\/de\/wp-json\/wp\/v2\/pages\/6479\/revisions"}],"wp:attachment":[{"href":"https:\/\/enera-solar.com\/de\/wp-json\/wp\/v2\/media?parent=6479"}],"curies":[{"name":"wp","href":"https:\/\/api.w.org\/{rel}","templated":true}]}}