{"id":6472,"date":"2019-07-09T01:51:14","date_gmt":"2019-07-08T23:51:14","guid":{"rendered":"https:\/\/enera-solar.com\/?page_id=6472"},"modified":"2020-06-18T17:59:32","modified_gmt":"2020-06-18T15:59:32","slug":"payment-security","status":"publish","type":"page","link":"https:\/\/enera-solar.com\/de\/payment-security\/","title":{"rendered":"Zahlungssicherheit"},"content":{"rendered":"<p><strong>Unsere Website sch\u00fctzt alle Kundendaten:<\/strong><\/p>\n<ul>\n<li>Auf allen Seiten unserer Website www.enera-solar.com, auf denen personenbezogene Daten unserer Kunden gespeichert sind, verwenden wir ein Sicherheitssystem, um Daten vor Dritten zu sch\u00fctzen - SSL sowie auf allen anderen Seiten ausgef\u00fcllt mit Benutzerdaten wie Register oder Zahlung sowie in unserem Feedback-Formular oder auf unserer Warenkorbseite. Wir verwenden auf unserer Website das Protokoll Positive SSL.<\/li>\n<\/ul>\n<p><strong>Unsere sichere Zahlungsmethode:<\/strong><br \/>\nSicherheitsvorg\u00e4nge: Alle Zahlungstransaktionen auf der Website www.enera-solar.com werden mithilfe zuverl\u00e4ssiger Zahlungsplattformen auf sicheren Servern unter Verwendung von SSL (Secure Socket Layer) durchgef\u00fchrt, basierend auf den Datenschutzstandards von Dritten.<\/p>\n<ul>\n<li><em>Visa \/ Maestro \/ Mastercard \/ PayPal \/ Stripe<\/em>\n<ul>\n<li>Neben dem Secure Sockets Layer (SSL) ist das Bezahlen mit Kredit- und Debitkarten VISA, Mastercard, Maestro oder \u00fcber das Paypal-System das sicherste Online-Shopping.<\/li>\n<li>Bei Verwendung der Zahlung per Kreditkarte, Debitkarte oder \u00fcber ein Paypal-System adressiert der Online-Shop eine sichere Zahlungsplattform (HTTPS), die die korrekte Eingabe und Datenvalidierung steuert und zwei verschiedene Sicherheitscodes bietet.<\/li>\n<li>Jegliche h\u00f6here Gewalt in Bezug auf Ihre mit Ihrem Bankkonto verbundene Karte, die in diesem Modus aufgetreten ist, wird in jeder Bank ber\u00fccksichtigt, da sie sicherstellt, dass nur der Kontoinhaber Zahlungen leisten kann.<\/li>\n<\/ul>\n<\/li>\n<li><em>Verifiziertes Visum<\/em>\n<ul>\n<li>Verified Visa sch\u00fctzt Ihre Karte mit einem Code vor unbefugter Verwendung und gibt Ihnen Sicherheit beim Online-Kauf.<\/li>\n<li>Verifiziertes Visum sch\u00fctzt nicht nur vor unbefugter Verwendung Ihrer Karte, sondern bedeutet auch, dass Sie dem Online-Shop vertrauen k\u00f6nnen, in dem Sie einen Kauf t\u00e4tigen, da wir der Meinung sind, dass Ihre Sicherheit Priorit\u00e4t hat.<\/li>\n<\/ul>\n<\/li>\n<li><em>MasterCard-Sicherheitscode<\/em>\n<ul>\n<li>MasterCard SecureCode ist ein Sicherheitsdienst zum Schutz vor unbefugter Verwendung Ihrer MasterCard-Karte beim Online-Einkauf.<\/li>\n<li>Wenn Sie den falschen Sicherheitscode eingeben, wird der Kauf nicht ausgef\u00fchrt. Selbst wenn die Person Ihre Kredit- oder Debitkartennummer kennt, kann der Kauf ohne Ihren Sicherheitscode nicht abgeschlossen werden.<\/li>\n<\/ul>\n<\/li>\n<li>Zahlung per \u00dcberweisung\n<ul>\n<li>Diese Zahlungsmethode wird empfohlen, wenn Sie einen Kauf f\u00fcr einen h\u00f6heren Betrag als das auf Ihrer Kredit- oder Debitkarte festgelegte Limit t\u00e4tigen. Bei dieser Methode m\u00fcssen Sie w\u00e4hrend des Kaufvorgangs keine Ihrer Zahlungsdetails eingeben.<\/li>\n<li>IberSunWind, SL, arbeitet mit der Bankia Bank zusammen, sodass Sie Ihre Zahlungen mit jeder Organisation verwalten k\u00f6nnen.<\/li>\n<\/ul>\n<\/li>\n<\/ul>\n<p><strong>Zahlungsgarantien:<\/strong><\/p>\n<ul>\n<li>Jede Zahlung \u00fcber den Online-Shop hat die gleiche Rechtswirkung wie in einem echten Shop. Unser Unternehmen respektiert diese Bedingungen und stellt deren Umsetzung sicher.<\/li>\n<\/ul>","protected":false},"excerpt":{"rendered":"<p>Unsere Website sch\u00fctzt alle Kundendaten: Auf allen Seiten unserer Website www.enera-solar.com, auf denen personenbezogene Daten unserer Kunden gespeichert sind, verwenden wir\u2026<\/p>","protected":false},"author":1,"featured_media":0,"parent":0,"menu_order":0,"comment_status":"closed","ping_status":"closed","template":"","meta":{"footnotes":""},"class_list":["post-6472","page","type-page","status-publish"],"_links":{"self":[{"href":"https:\/\/enera-solar.com\/de\/wp-json\/wp\/v2\/pages\/6472","targetHints":{"allow":["GET"]}}],"collection":[{"href":"https:\/\/enera-solar.com\/de\/wp-json\/wp\/v2\/pages"}],"about":[{"href":"https:\/\/enera-solar.com\/de\/wp-json\/wp\/v2\/types\/page"}],"author":[{"embeddable":true,"href":"https:\/\/enera-solar.com\/de\/wp-json\/wp\/v2\/users\/1"}],"replies":[{"embeddable":true,"href":"https:\/\/enera-solar.com\/de\/wp-json\/wp\/v2\/comments?post=6472"}],"version-history":[{"count":0,"href":"https:\/\/enera-solar.com\/de\/wp-json\/wp\/v2\/pages\/6472\/revisions"}],"wp:attachment":[{"href":"https:\/\/enera-solar.com\/de\/wp-json\/wp\/v2\/media?parent=6472"}],"curies":[{"name":"wp","href":"https:\/\/api.w.org\/{rel}","templated":true}]}}