{"id":5978,"date":"2019-07-04T03:01:23","date_gmt":"2019-07-04T01:01:23","guid":{"rendered":"https:\/\/enera-solar.com\/?page_id=5978"},"modified":"2020-09-05T01:57:53","modified_gmt":"2020-09-04T23:57:53","slug":"download","status":"publish","type":"page","link":"https:\/\/enera-solar.com\/de\/download\/","title":{"rendered":"Handb\u00fccher herunterladen"},"content":{"rendered":"<div id=\"fws_69e005a9ac0f8\"  data-column-margin=\"default\" data-midnight=\"dark\" data-top-percent=\"10%\" data-bottom-percent=\"10%\"  class=\"wpb_row vc_row-fluid vc_row full-width-section\"  style=\"padding-top: calc(100vw * 0.10); padding-bottom: calc(100vw * 0.10); \"><div class=\"row-bg-wrap\" data-bg-animation=\"none\" data-bg-animation-delay=\"\" data-bg-overlay=\"false\"><div class=\"inner-wrap row-bg-layer\" ><div class=\"row-bg viewport-desktop\"  style=\"\"><\/div><\/div><\/div><div class=\"row_col_wrap_12 col span_12 dark left\">\n\t<div  class=\"vc_col-sm-12 wpb_column column_container vc_column_container col has-animation no-extra-padding inherit_tablet inherit_phone\"  data-padding-pos=\"all\" data-has-bg-color=\"false\" data-bg-color=\"\" data-bg-opacity=\"1\" data-animation=\"fade-in-from-bottom\" data-delay=\"0\" >\n\t\t<div class=\"vc_column-inner\" >\n\t\t\t<div class=\"wpb_wrapper\">\n\t\t\t\t<div id=\"fws_69e005a9accc7\" data-midnight=\"\" data-column-margin=\"default\" class=\"wpb_row vc_row-fluid vc_row inner_row  vc_custom_1562955293164\"  style=\"padding-top: 20px; \"><div class=\"row-bg-wrap\"> <div class=\"row-bg\" ><\/div> <\/div><div class=\"row_col_wrap_12_inner col span_12  left\">\n\t<div style=\"margin-top: -5%; \" class=\"vc_col-sm-12 wpb_column column_container vc_column_container col child_column centered-text neg-marg has-animation no-extra-padding inherit_tablet inherit_phone\"   data-padding-pos=\"all\" data-has-bg-color=\"false\" data-bg-color=\"\" data-bg-opacity=\"1\" data-animation=\"fade-in-from-bottom\" data-delay=\"0\" >\n\t\t<div class=\"vc_column-inner\" >\n\t\t<div class=\"wpb_wrapper\">\n\t\t\t\n<div class=\"wpb_text_column wpb_content_element\" >\n\t<h2>Zone herunterladen<\/h2>\n<\/div>\n\n\n\n\n\t\t<\/div> \n\t<\/div>\n\t<\/div> \n<\/div><\/div><div id=\"fws_69e005a9ad74d\" data-midnight=\"\" data-column-margin=\"default\" class=\"wpb_row vc_row-fluid vc_row inner_row\"  style=\"padding-bottom: 40px; \"><div class=\"row-bg-wrap\"> <div class=\"row-bg\" ><\/div> <\/div><div class=\"row_col_wrap_12_inner col span_12  left\">\n\t<div  class=\"vc_col-sm-3 wpb_column column_container vc_column_container col child_column no-extra-padding inherit_tablet inherit_phone\"   data-padding-pos=\"all\" data-has-bg-color=\"false\" data-bg-color=\"\" data-bg-opacity=\"1\" data-animation=\"\" data-delay=\"0\" >\n\t\t<div class=\"vc_column-inner\" >\n\t\t<div class=\"wpb_wrapper\">\n\t\t\t\n\t\t<\/div> \n\t<\/div>\n\t<\/div> \n\n\t<div  class=\"vc_col-sm-6 wpb_column column_container vc_column_container col child_column has-animation no-extra-padding inherit_tablet inherit_phone\"   data-padding-pos=\"all\" data-has-bg-color=\"false\" data-bg-color=\"\" data-bg-opacity=\"1\" data-animation=\"fade-in-from-bottom\" data-delay=\"50\" >\n\t\t<div class=\"vc_column-inner\" >\n\t\t<div class=\"wpb_wrapper\">\n\t\t\t<p style=\"color: rgba(10,10,10,0.65);text-align: center\" class=\"vc_custom_heading vc_do_custom_heading\" >Auf dieser Seite finden Sie alle Handb\u00fccher, Zertifikate und zugeh\u00f6rigen Dokumente f\u00fcr alle Enera-Produkte. Wenn Sie Fragen dazu haben oder Hilfe ben\u00f6tigen, z\u00f6gern Sie bitte nicht, uns \u00fcber die Kontaktseite oder den Live-Chat zu kontaktieren.<\/p><p style=\"color: rgba(10,10,10,0.65);text-align: center\" class=\"vc_custom_heading vc_do_custom_heading\" >ENG - Englisch<br \/>\nSPN - Spanisch<br \/>\nRUS - Russisch<\/p>\n\t\t<\/div> \n\t<\/div>\n\t<\/div> \n\n\t<div  class=\"vc_col-sm-3 wpb_column column_container vc_column_container col child_column no-extra-padding inherit_tablet inherit_phone\"   data-padding-pos=\"all\" data-has-bg-color=\"false\" data-bg-color=\"\" data-bg-opacity=\"1\" data-animation=\"\" data-delay=\"0\" >\n\t\t<div class=\"vc_column-inner\" >\n\t\t<div class=\"wpb_wrapper\">\n\t\t\t\n\t\t<\/div> \n\t<\/div>\n\t<\/div> \n<\/div><\/div><div id=\"fws_69e005a9aeb24\" data-midnight=\"\" data-column-margin=\"default\" class=\"wpb_row vc_row-fluid vc_row inner_row\"  style=\"\"><div class=\"row-bg-wrap\"> <div class=\"row-bg\" ><\/div> <\/div><div class=\"row_col_wrap_12_inner col span_12  left\">\n\t<div  class=\"vc_col-sm-2 wpb_column column_container vc_column_container col child_column has-animation no-extra-padding inherit_tablet inherit_phone\"   data-padding-pos=\"all\" data-has-bg-color=\"false\" data-bg-color=\"\" data-bg-opacity=\"1\" data-animation=\"fade-in-from-bottom\" data-delay=\"0\" >\n\t\t<div class=\"vc_column-inner\" >\n\t\t<div class=\"wpb_wrapper\">\n\t\t\t\n\t\t<\/div> \n\t<\/div>\n\t<\/div> \n\n\t<div  class=\"vc_col-sm-8 wpb_column column_container vc_column_container col child_column no-extra-padding inherit_tablet inherit_phone\"   data-padding-pos=\"all\" data-has-bg-color=\"false\" data-bg-color=\"\" data-bg-opacity=\"1\" data-animation=\"\" data-delay=\"0\" >\n\t\t<div class=\"vc_column-inner\" >\n\t\t<div class=\"wpb_wrapper\">\n\t\t\t<div class=\"nectar-hor-list-item has-btn\" data-hover-effect=\"default\" data-br=\"0px\" data-font-family=\"h4\" data-color=\"accent-color\" data-columns=\"3\" data-column-layout=\"large_first\"><div class=\"nectar-list-item\" data-icon=\"false\" data-text-align=\"left\">ENERA Standard Handbuch f\u00fcr Solarwarmwasserbereitungssysteme<\/div><div class=\"nectar-list-item\" data-text-align=\"right\">ENG<\/div><div class=\"nectar-list-item\" data-text-align=\"right\"><a class=\"nectar-list-item-btn\" href=\"https:\/\/enera-solar.com\/wp-content\/uploads\/2020\/09\/ENG-ENERA-SPM-Manual.pdf\" target=\"_blank\">Herunterladen<\/a><\/div><\/div><div class=\"nectar-hor-list-item has-btn\" data-hover-effect=\"default\" data-br=\"0px\" data-font-family=\"h4\" data-color=\"accent-color\" data-columns=\"3\" data-column-layout=\"large_first\"><div class=\"nectar-list-item\" data-icon=\"false\" data-text-align=\"left\">ENERA Standard Handbuch f\u00fcr Solarwarmwasserbereitungssysteme<\/div><div class=\"nectar-list-item\" data-text-align=\"right\">SPN<\/div><div class=\"nectar-list-item\" data-text-align=\"right\"><a class=\"nectar-list-item-btn\" href=\"https:\/\/enera-solar.com\/wp-content\/uploads\/2020\/09\/ESP-ENERA-SPM-Manual.pdf\" target=\"_blank\">Herunterladen<\/a><\/div><\/div><div class=\"nectar-hor-list-item has-btn\" data-hover-effect=\"default\" data-br=\"0px\" data-font-family=\"h4\" data-color=\"accent-color\" data-columns=\"3\" data-column-layout=\"large_first\"><div class=\"nectar-list-item\" data-icon=\"false\" data-text-align=\"left\">ENERA-S Handbuch<\/div><div class=\"nectar-list-item\" data-text-align=\"right\">ENG<\/div><div class=\"nectar-list-item\" data-text-align=\"right\"><a class=\"nectar-list-item-btn\" href=\"https:\/\/enera-solar.com\/wp-content\/uploads\/2020\/09\/ENG-ENERA-S-Manual.pdf\" target=\"_blank\">Herunterladen<\/a><\/div><\/div><div class=\"nectar-hor-list-item has-btn\" data-hover-effect=\"default\" data-br=\"0px\" data-font-family=\"h4\" data-color=\"accent-color\" data-columns=\"3\" data-column-layout=\"large_first\"><div class=\"nectar-list-item\" data-icon=\"false\" data-text-align=\"left\">ENERA-S Handbuch<\/div><div class=\"nectar-list-item\" data-text-align=\"right\">SPN<\/div><div class=\"nectar-list-item\" data-text-align=\"right\"><a class=\"nectar-list-item-btn\" href=\"https:\/\/enera-solar.com\/wp-content\/uploads\/2020\/09\/ESP-ENERA-S-Manual.pdf\" target=\"_blank\">Herunterladen<\/a><\/div><\/div><div class=\"nectar-hor-list-item has-btn\" data-hover-effect=\"default\" data-br=\"0px\" data-font-family=\"h4\" data-color=\"accent-color\" data-columns=\"3\" data-column-layout=\"large_first\"><div class=\"nectar-list-item\" data-icon=\"false\" data-text-align=\"left\">ENERA PRO Handbuch<\/div><div class=\"nectar-list-item\" data-text-align=\"right\">ENG<\/div><div class=\"nectar-list-item\" data-text-align=\"right\"><a class=\"nectar-list-item-btn\" href=\"https:\/\/enera-solar.com\/wp-content\/uploads\/2020\/09\/ENG-ENERA-PRO-Manual.pdf\" target=\"_blank\">Herunterladen<\/a><\/div><\/div><div class=\"nectar-hor-list-item has-btn\" data-hover-effect=\"default\" data-br=\"0px\" data-font-family=\"h4\" data-color=\"accent-color\" data-columns=\"3\" data-column-layout=\"large_first\"><div class=\"nectar-list-item\" data-icon=\"false\" data-text-align=\"left\">ENERA PRO Handbuch<\/div><div class=\"nectar-list-item\" data-text-align=\"right\">SPN<\/div><div class=\"nectar-list-item\" data-text-align=\"right\"><a class=\"nectar-list-item-btn\" href=\"https:\/\/enera-solar.com\/wp-content\/uploads\/2020\/09\/ESP-ENERA-PRO-Manual.pdf\" target=\"_blank\">Herunterladen<\/a><\/div><\/div><div class=\"nectar-hor-list-item has-btn\" data-hover-effect=\"default\" data-br=\"0px\" data-font-family=\"h4\" data-color=\"accent-color\" data-columns=\"3\" data-column-layout=\"large_first\"><div class=\"nectar-list-item\" data-icon=\"false\" data-text-align=\"left\">ENERA PRO Handbuch - \u041c\u043e\u043d\u0442\u0430\u0436<\/div><div class=\"nectar-list-item\" data-text-align=\"right\">RUS<\/div><div class=\"nectar-list-item\" data-text-align=\"right\"><a class=\"nectar-list-item-btn\" href=\"https:\/\/enera-solar.com\/wp-content\/uploads\/2019\/07\/A9-CPC-\u0443\u0441\u0442\u0430\u043d\u043e\u0432\u043a\u0430.pdf\" target=\"_blank\">Herunterladen<\/a><\/div><\/div><div class=\"nectar-hor-list-item has-btn\" data-hover-effect=\"default\" data-br=\"0px\" data-font-family=\"h4\" data-color=\"accent-color\" data-columns=\"3\" data-column-layout=\"large_first\"><div class=\"nectar-list-item\" data-icon=\"false\" data-text-align=\"left\">ENERA-X Installationshandbuch<\/div><div class=\"nectar-list-item\" data-text-align=\"right\">ENG<\/div><div class=\"nectar-list-item\" data-text-align=\"right\"><a class=\"nectar-list-item-btn\" href=\"https:\/\/enera-solar.com\/wp-content\/uploads\/2020\/09\/ENG-ENERA-X-Manual.pdf\" target=\"_blank\">Herunterladen<\/a><\/div><\/div><div class=\"nectar-hor-list-item has-btn\" data-hover-effect=\"default\" data-br=\"0px\" data-font-family=\"h4\" data-color=\"accent-color\" data-columns=\"3\" data-column-layout=\"large_first\"><div class=\"nectar-list-item\" data-icon=\"false\" data-text-align=\"left\">ENERA-X Installationshandbuch<\/div><div class=\"nectar-list-item\" data-text-align=\"right\">SPN<\/div><div class=\"nectar-list-item\" data-text-align=\"right\"><a class=\"nectar-list-item-btn\" href=\"https:\/\/enera-solar.com\/wp-content\/uploads\/2020\/09\/ESP-ENERA-X-Manual.pdf\" target=\"_blank\">Herunterladen<\/a><\/div><\/div><div class=\"nectar-hor-list-item has-btn\" data-hover-effect=\"default\" data-br=\"0px\" data-font-family=\"h4\" data-color=\"accent-color\" data-columns=\"3\" data-column-layout=\"large_first\"><div class=\"nectar-list-item\" data-icon=\"false\" data-text-align=\"left\">ENERA-X Handbuch<\/div><div class=\"nectar-list-item\" data-text-align=\"right\">RUS<\/div><div class=\"nectar-list-item\" data-text-align=\"right\"><a class=\"nectar-list-item-btn\" href=\"https:\/\/enera-solar.com\/wp-content\/uploads\/2019\/07\/\u0418\u043d\u0441\u0442\u0440\u0443\u043a\u0446\u0438\u044f-\u043f\u043e-\u043c\u043e\u043d\u0442\u0430\u0436\u0443.pdf\" target=\"_blank\">Herunterladen<\/a><\/div><\/div><div class=\"nectar-hor-list-item has-btn\" data-hover-effect=\"default\" data-br=\"0px\" data-font-family=\"h4\" data-color=\"accent-color\" data-columns=\"3\" data-column-layout=\"large_first\"><div class=\"nectar-list-item\" data-icon=\"false\" data-text-align=\"left\">ENERA Sistema solar termosifon sin presi\u00f3n<\/div><div class=\"nectar-list-item\" data-text-align=\"right\">SPN<\/div><div class=\"nectar-list-item\" data-text-align=\"right\"><a class=\"nectar-list-item-btn\" href=\"https:\/\/enera-solar.com\/wp-content\/uploads\/2019\/07\/ST.pdf\" target=\"_blank\">Herunterladen<\/a><\/div><\/div><div class=\"nectar-hor-list-item has-btn\" data-hover-effect=\"default\" data-br=\"0px\" data-font-family=\"h4\" data-color=\"accent-color\" data-columns=\"3\" data-column-layout=\"large_first\"><div class=\"nectar-list-item\" data-icon=\"false\" data-text-align=\"left\">ENERA Sistema solar termosifon de alta presi\u00f3n<\/div><div class=\"nectar-list-item\" data-text-align=\"right\">SPN<\/div><div class=\"nectar-list-item\" data-text-align=\"right\"><a class=\"nectar-list-item-btn\" href=\"https:\/\/enera-solar.com\/wp-content\/uploads\/2019\/07\/A9H.pdf\" target=\"_blank\">Herunterladen<\/a><\/div><\/div><div class=\"nectar-hor-list-item has-btn\" data-hover-effect=\"default\" data-br=\"0px\" data-font-family=\"h4\" data-color=\"accent-color\" data-columns=\"3\" data-column-layout=\"large_first\"><div class=\"nectar-list-item\" data-icon=\"false\" data-text-align=\"left\">ENERA Heat Pipe Collector Zusammenfassung<\/div><div class=\"nectar-list-item\" data-text-align=\"right\">ENG<\/div><div class=\"nectar-list-item\" data-text-align=\"right\"><a class=\"nectar-list-item-btn\" href=\"https:\/\/enera-solar.com\/wp-content\/uploads\/2019\/07\/Enera-heat-pipe-collector-SHC.pdf\" target=\"_blank\">Herunterladen<\/a><\/div><\/div><div class=\"nectar-hor-list-item has-btn\" data-hover-effect=\"default\" data-br=\"0px\" data-font-family=\"h4\" data-color=\"accent-color\" data-columns=\"3\" data-column-layout=\"large_first\"><div class=\"nectar-list-item\" data-icon=\"false\" data-text-align=\"left\">Controller 619-F Handbuch<\/div><div class=\"nectar-list-item\" data-text-align=\"right\">ENG<\/div><div class=\"nectar-list-item\" data-text-align=\"right\"><a class=\"nectar-list-item-btn\" href=\"https:\/\/enera-solar.com\/wp-content\/uploads\/2020\/07\/Controller-619-F.pdf\" target=\"_blank\">Herunterladen<\/a><\/div><\/div><div class=\"nectar-hor-list-item has-btn\" data-hover-effect=\"default\" data-br=\"0px\" data-font-family=\"h4\" data-color=\"accent-color\" data-columns=\"3\" data-column-layout=\"large_first\"><div class=\"nectar-list-item\" data-icon=\"false\" data-text-align=\"left\">ENERA Wassertanks Zusammenfassung<\/div><div class=\"nectar-list-item\" data-text-align=\"right\">SPN<\/div><div class=\"nectar-list-item\" data-text-align=\"right\"><a class=\"nectar-list-item-btn\" href=\"https:\/\/enera-solar.com\/wp-content\/uploads\/2019\/07\/enera-full-\u0431\u0430\u043a\u0438.pdf\" target=\"_blank\">Herunterladen<\/a><\/div><\/div><div class=\"nectar-hor-list-item has-btn\" data-hover-effect=\"default\" data-br=\"0px\" data-font-family=\"h4\" data-color=\"accent-color\" data-columns=\"3\" data-column-layout=\"large_first\"><div class=\"nectar-list-item\" data-icon=\"false\" data-text-align=\"left\">Zusammenfassung des W\u00e4rmetauschers<\/div><div class=\"nectar-list-item\" data-text-align=\"right\">SPN<\/div><div class=\"nectar-list-item\" data-text-align=\"right\"><a class=\"nectar-list-item-btn\" href=\"https:\/\/enera-solar.com\/wp-content\/uploads\/2019\/07\/intercambiador.pdf\" target=\"_blank\">Herunterladen<\/a><\/div><\/div><div class=\"nectar-hor-list-item has-btn\" data-hover-effect=\"default\" data-br=\"0px\" data-font-family=\"h4\" data-color=\"accent-color\" data-columns=\"3\" data-column-layout=\"large_first\"><div class=\"nectar-list-item\" data-icon=\"false\" data-text-align=\"left\">Zusammenfassung des aktiven K\u00fchlers<\/div><div class=\"nectar-list-item\" data-text-align=\"right\">SPN<\/div><div class=\"nectar-list-item\" data-text-align=\"right\"><a class=\"nectar-list-item-btn\" href=\"https:\/\/enera-solar.com\/wp-content\/uploads\/2019\/07\/disipador.pdf\" target=\"_blank\">Herunterladen<\/a><\/div><\/div><div class=\"nectar-hor-list-item has-btn\" data-hover-effect=\"default\" data-br=\"0px\" data-font-family=\"h4\" data-color=\"accent-color\" data-columns=\"3\" data-column-layout=\"large_first\"><div class=\"nectar-list-item\" data-icon=\"false\" data-text-align=\"left\">SR81 Controller Handbuch<\/div><div class=\"nectar-list-item\" data-text-align=\"right\">ENG<\/div><div class=\"nectar-list-item\" data-text-align=\"right\"><a class=\"nectar-list-item-btn\" href=\"https:\/\/enera-solar.com\/wp-content\/uploads\/2019\/07\/SR81-controller-Eng.pdf\" target=\"_blank\">Herunterladen<\/a><\/div><\/div><div class=\"nectar-hor-list-item has-btn\" data-hover-effect=\"default\" data-br=\"0px\" data-font-family=\"h4\" data-color=\"accent-color\" data-columns=\"3\" data-column-layout=\"large_first\"><div class=\"nectar-list-item\" data-icon=\"false\" data-text-align=\"left\">SR-609C Handbuch<\/div><div class=\"nectar-list-item\" data-text-align=\"right\">SPN<\/div><div class=\"nectar-list-item\" data-text-align=\"right\"><a class=\"nectar-list-item-btn\" href=\"https:\/\/enera-solar.com\/wp-content\/uploads\/2019\/07\/Esp-Manual-SR-609C.pdf\" target=\"_blank\">Herunterladen<\/a><\/div><\/div><div class=\"nectar-hor-list-item has-btn\" data-hover-effect=\"default\" data-br=\"0px\" data-font-family=\"h4\" data-color=\"accent-color\" data-columns=\"3\" data-column-layout=\"large_first\"><div class=\"nectar-list-item\" data-icon=\"false\" data-text-align=\"left\">Monokristallines Solarmodul<\/div><div class=\"nectar-list-item\" data-text-align=\"right\">ENG<\/div><div class=\"nectar-list-item\" data-text-align=\"right\"><a class=\"nectar-list-item-btn\" href=\"https:\/\/enera-solar.com\/wp-content\/uploads\/2020\/02\/Monocrystalline-Solar-Module.pdf\" target=\"_blank\">Herunterladen<\/a><\/div><\/div><div class=\"nectar-hor-list-item has-btn\" data-hover-effect=\"default\" data-br=\"0px\" data-font-family=\"h4\" data-color=\"accent-color\" data-columns=\"3\" data-column-layout=\"large_first\"><div class=\"nectar-list-item\" data-icon=\"false\" data-text-align=\"left\">Huaweii SUN2000<\/div><div class=\"nectar-list-item\" data-text-align=\"right\">ESP<\/div><div class=\"nectar-list-item\" data-text-align=\"right\"><a class=\"nectar-list-item-btn\" href=\"https:\/\/enera-solar.com\/wp-content\/uploads\/2020\/02\/Huawei-SUN2000-Ficha.pdf\" target=\"_blank\">Herunterladen<\/a><\/div><\/div><div class=\"nectar-hor-list-item has-btn\" data-hover-effect=\"default\" data-br=\"0px\" data-font-family=\"h4\" data-color=\"accent-color\" data-columns=\"3\" data-column-layout=\"large_first\"><div class=\"nectar-list-item\" data-icon=\"false\" data-text-align=\"left\">Inversor Kostal<\/div><div class=\"nectar-list-item\" data-text-align=\"right\">ESP<\/div><div class=\"nectar-list-item\" data-text-align=\"right\"><a class=\"nectar-list-item-btn\" href=\"https:\/\/enera-solar.com\/wp-content\/uploads\/2020\/02\/Inversor-Kostal-Plenticore-ficha.pdf\" target=\"_blank\">Herunterladen<\/a><\/div><\/div><div class=\"nectar-hor-list-item has-btn\" data-hover-effect=\"default\" data-br=\"0px\" data-font-family=\"h4\" data-color=\"accent-color\" data-columns=\"3\" data-column-layout=\"large_first\"><div class=\"nectar-list-item\" data-icon=\"false\" data-text-align=\"left\">Einphasen-Wechselrichter X1<\/div><div class=\"nectar-list-item\" data-text-align=\"right\">ESP<\/div><div class=\"nectar-list-item\" data-text-align=\"right\"><a class=\"nectar-list-item-btn\" href=\"https:\/\/enera-solar.com\/wp-content\/uploads\/2020\/02\/X1-SINGLE-PHASE-INVERTER.pdf\" target=\"_blank\">Herunterladen<\/a><\/div><\/div><div class=\"nectar-hor-list-item has-btn\" data-hover-effect=\"default\" data-br=\"0px\" data-font-family=\"h4\" data-color=\"accent-color\" data-columns=\"3\" data-column-layout=\"large_first\"><div class=\"nectar-list-item\" data-icon=\"false\" data-text-align=\"left\">Estructura Panels Solares KH915<\/div><div class=\"nectar-list-item\" data-text-align=\"right\">ESP<\/div><div class=\"nectar-list-item\" data-text-align=\"right\"><a class=\"nectar-list-item-btn\" href=\"https:\/\/enera-solar.com\/wp-content\/uploads\/2020\/02\/Estructura-Paneles-Solares-KH915.pdf\" target=\"_blank\">Herunterladen<\/a><\/div><\/div><div class=\"nectar-hor-list-item has-btn\" data-hover-effect=\"default\" data-br=\"0px\" data-font-family=\"h4\" data-color=\"accent-color\" data-columns=\"3\" data-column-layout=\"large_first\"><div class=\"nectar-list-item\" data-icon=\"false\" data-text-align=\"left\">Wattmeter EM112DIN Carlo Gavazzi<\/div><div class=\"nectar-list-item\" data-text-align=\"right\">ENG<\/div><div class=\"nectar-list-item\" data-text-align=\"right\"><a class=\"nectar-list-item-btn\" href=\"https:\/\/enera-solar.com\/wp-content\/uploads\/2020\/02\/Ficha-vatimetro-EM112DINAV01XS1X-huawei.pdf\" target=\"_blank\">Herunterladen<\/a><\/div><\/div>\n\t\t<\/div> \n\t<\/div>\n\t<\/div> \n\n\t<div  class=\"vc_col-sm-2 wpb_column column_container vc_column_container col child_column no-extra-padding inherit_tablet inherit_phone\"   data-padding-pos=\"all\" data-has-bg-color=\"false\" data-bg-color=\"\" data-bg-opacity=\"1\" data-animation=\"\" data-delay=\"0\" >\n\t\t<div class=\"vc_column-inner\" >\n\t\t<div class=\"wpb_wrapper\">\n\t\t\t\n\t\t<\/div> \n\t<\/div>\n\t<\/div> \n<\/div><\/div>\n\t\t\t<\/div> \n\t\t<\/div>\n\t<\/div> \n<\/div><\/div>","protected":false},"excerpt":{"rendered":"Download Zone Auf dieser Seite finden Sie alle Handb\u00fccher, Zertifikate und zugeh\u00f6rigen Dokumente f\u00fcr alle Enera-Produkte. Wenn Sie Fragen zu ...","protected":false},"author":1,"featured_media":0,"parent":0,"menu_order":0,"comment_status":"closed","ping_status":"closed","template":"","meta":{"footnotes":""},"class_list":["post-5978","page","type-page","status-publish"],"_links":{"self":[{"href":"https:\/\/enera-solar.com\/de\/wp-json\/wp\/v2\/pages\/5978","targetHints":{"allow":["GET"]}}],"collection":[{"href":"https:\/\/enera-solar.com\/de\/wp-json\/wp\/v2\/pages"}],"about":[{"href":"https:\/\/enera-solar.com\/de\/wp-json\/wp\/v2\/types\/page"}],"author":[{"embeddable":true,"href":"https:\/\/enera-solar.com\/de\/wp-json\/wp\/v2\/users\/1"}],"replies":[{"embeddable":true,"href":"https:\/\/enera-solar.com\/de\/wp-json\/wp\/v2\/comments?post=5978"}],"version-history":[{"count":0,"href":"https:\/\/enera-solar.com\/de\/wp-json\/wp\/v2\/pages\/5978\/revisions"}],"wp:attachment":[{"href":"https:\/\/enera-solar.com\/de\/wp-json\/wp\/v2\/media?parent=5978"}],"curies":[{"name":"wp","href":"https:\/\/api.w.org\/{rel}","templated":true}]}}