{"id":5794,"date":"2017-09-01T16:26:59","date_gmt":"2017-09-01T16:26:59","guid":{"rendered":"http:\/\/themenectar.com\/demo\/salient-corporate-2\/?page_id=92"},"modified":"2020-06-17T15:53:47","modified_gmt":"2020-06-17T13:53:47","slug":"about","status":"publish","type":"page","link":"https:\/\/enera-solar.com\/de\/etwa\/","title":{"rendered":"\u00dcber uns"},"content":{"rendered":"<div id=\"fws_69ebafe51bae9\"  data-column-margin=\"default\" data-midnight=\"dark\"  class=\"wpb_row vc_row-fluid vc_row full-width-content vc_row-o-full-height vc_row-o-columns-stretch vc_row-o-equal-height vc_row-flex vc_row-o-content-middle\"  style=\"padding-top: 0px; padding-bottom: 0px; \"><div class=\"row-bg-wrap\" data-bg-animation=\"none\" data-bg-animation-delay=\"\" data-bg-overlay=\"false\"><div class=\"inner-wrap row-bg-layer\" ><div class=\"row-bg viewport-desktop\"  style=\"\"><\/div><\/div><\/div><div class=\"row_col_wrap_12 col span_12 dark left\">\n\t<div style=\"\" class=\"vc_col-sm-6 wpb_column column_container vc_column_container col no-extra-padding\" data-using-bg=\"true\" data-padding-pos=\"all\" data-has-bg-color=\"false\" data-bg-color=\"\" data-bg-opacity=\"1\" data-animation=\"\" data-delay=\"0\" >\n\t\t<div class=\"vc_column-inner\" ><div class=\"column-image-bg-wrap column-bg-layer viewport-desktop\" data-bg-pos=\"center center\" data-bg-animation=\"none\" data-bg-overlay=\"false\"><div class=\"inner-wrap\"><div class=\"column-image-bg lazyload\" style=\" background-image:inherit; \" data-bg-image=\"url(&#039;https:\/\/enera-solar.com\/wp-content\/smush-webp\/2019\/07\/banner-background-solar-thermal-2.jpg.webp&#039;)\"><\/div><\/div><\/div>\n\t\t\t<div class=\"wpb_wrapper\">\n\t\t\t\t<div class=\"divider-wrap\" data-alignment=\"default\"><div style=\"height: 300px;\" class=\"divider\"><\/div><\/div>\n\t\t\t<\/div> \n\t\t<\/div>\n\t<\/div> \n\n\t<div style=\"\" class=\"vc_col-sm-6 wpb_column column_container vc_column_container col padding-8-percent\" data-using-bg=\"true\" data-padding-pos=\"all\" data-has-bg-color=\"true\" data-bg-color=\"#ffffff\" data-bg-opacity=\"1\" data-animation=\"\" data-delay=\"0\" >\n\t\t<div class=\"vc_column-inner\" ><div class=\"column-bg-overlay-wrap column-bg-layer\" data-bg-animation=\"none\"><div class=\"column-bg-overlay\" style=\"opacity: 1; background-color: #ffffff;\"><\/div><\/div>\n\t\t\t<div class=\"wpb_wrapper\">\n\t\t\t\t\n<div class=\"nectar-animated-title\" data-style=\"color-strip-reveal\" data-color=\"accent-color\">\n\t<div class=\"nectar-animated-title-outer\">\n\t\t<div class=\"nectar-animated-title-inner\">\n\t\t\t<div class=\"wrap\"><h5 style=\"color: #ffffff;\">\u00c4ndern Sie Ihre Lebensweise.<\/h5><\/div>\n\t\t<\/div>\n\t<\/div>\n<\/div><h2 style=\"font-size: 42px;line-height: 52px;text-align: left\" class=\"vc_custom_heading vc_do_custom_heading\" >Wir bieten unseren Kunden die besten Solarwarmwasserbereitungssysteme Europas und helfen ihnen, die Sonnenenergie optimal zu nutzen.<\/h2>\n<div class=\"wpb_text_column wpb_content_element  vc_custom_1562718304710\" >\n\t<p>Wir sind ein Team von Ingenieuren, die sich bem\u00fchen, unseren Planeten gr\u00fcn zu halten und Ihnen, unseren Kunden, zu helfen, die Sonnenenergie optimal zu nutzen. Wir versenden Solaranlagen regelm\u00e4\u00dfig europaweit in L\u00e4nder wie Spanien, Portugal, Frankreich, Deutschland, Belgien und Norwegen. Sie k\u00f6nnen nicht nur selbst zusammenbauen, sondern auch eine Installationsoption ausw\u00e4hlen, und wir erledigen alle Installationsarbeiten f\u00fcr Sie.<\/p>\n<\/div>\n\n\n\n\n<div class=\"wpb_text_column wpb_content_element  vc_custom_1562718334740\" >\n\t<p><strong>Max Konah<\/strong><br \/>\n<em>Generaldirektor von IberSunWind SL (ENERA)<\/em><\/p>\n<\/div>\n\n\n\n\n\t\t\t<\/div> \n\t\t<\/div>\n\t<\/div> \n<\/div><\/div>","protected":false},"excerpt":{"rendered":"\u00c4ndern Sie Ihre Lebensweise. Wir bieten unseren Kunden die besten Solarwarmwasserbereitungssysteme Europas und helfen ihnen, das Beste aus ...","protected":false},"author":1,"featured_media":0,"parent":0,"menu_order":0,"comment_status":"closed","ping_status":"closed","template":"","meta":{"footnotes":""},"class_list":["post-5794","page","type-page","status-publish"],"_links":{"self":[{"href":"https:\/\/enera-solar.com\/de\/wp-json\/wp\/v2\/pages\/5794","targetHints":{"allow":["GET"]}}],"collection":[{"href":"https:\/\/enera-solar.com\/de\/wp-json\/wp\/v2\/pages"}],"about":[{"href":"https:\/\/enera-solar.com\/de\/wp-json\/wp\/v2\/types\/page"}],"author":[{"embeddable":true,"href":"https:\/\/enera-solar.com\/de\/wp-json\/wp\/v2\/users\/1"}],"replies":[{"embeddable":true,"href":"https:\/\/enera-solar.com\/de\/wp-json\/wp\/v2\/comments?post=5794"}],"version-history":[{"count":0,"href":"https:\/\/enera-solar.com\/de\/wp-json\/wp\/v2\/pages\/5794\/revisions"}],"wp:attachment":[{"href":"https:\/\/enera-solar.com\/de\/wp-json\/wp\/v2\/media?parent=5794"}],"curies":[{"name":"wp","href":"https:\/\/api.w.org\/{rel}","templated":true}]}}